{"id":124,"date":"2016-01-03T09:00:25","date_gmt":"2016-01-03T08:00:25","guid":{"rendered":"http:\/\/www.aqualabel.fr\/en\/?page_id=124"},"modified":"2019-05-15T08:21:40","modified_gmt":"2019-05-15T07:21:40","slug":"huitres-marennes-oleron","status":"publish","type":"page","link":"https:\/\/www.aqualabel.fr\/en\/produits\/huitres-marennes-oleron\/","title":{"rendered":"Hu\u00eetres Marennes-Ol\u00e9ron"},"content":{"rendered":"\n\t\t\t\t<img decoding=\"async\" src=\"http:\/\/www.aqualabel.fr\/en\/wp-content\/uploads\/2015\/12\/titre_labelrouge2.png\" alt=\"titre_labelrouge2\" itemprop=\"image\" title=\"titre_labelrouge2\" onerror=\"this.style.display='none'\"  \/>\n<h1>\n\t\tMarennes Ol\u00e9ron Oysters\n\t<\/h1>\n\t\t\t\t<a href=\"http:\/\/www.google.fr\" target=\"_self\" itemprop=\"url\" rel=\"noopener noreferrer\">\n\t\t\t\t<img decoding=\"async\" src=\"http:\/\/www.aqualabel.fr\/en\/wp-content\/uploads\/2016\/01\/huitres-recette.jpg\" alt=\"huitres-recette\" itemprop=\"image\" title=\"huitres-recette\" onerror=\"this.style.display='none'\"  \/>\n\t\t\t\t<\/a>\n\t\t\t\t<img decoding=\"async\" src=\"http:\/\/www.aqualabel.fr\/en\/wp-content\/uploads\/2016\/01\/huitres-ambiance.jpg\" alt=\"huitres-ambiance\" itemprop=\"image\" title=\"huitres-ambiance\" onerror=\"this.style.display='none'\"  \/>\n\t\t\t\t<img decoding=\"async\" src=\"http:\/\/www.aqualabel.fr\/en\/wp-content\/uploads\/2016\/01\/huitres-producteur.jpg\" alt=\"huitres-producteur\" itemprop=\"image\" title=\"huitres-producteur\" onerror=\"this.style.display='none'\"  \/>\n\t<p>From the world famous Marennes Ol\u00e9ron Oyster range, two types have obtained Label Rouge :<\/p>\n<p><strong>The Label Rouge Fine de Claire<\/strong>\u00a0is green, delicate and tender with an earthy taste which blends with the delicate, salty flavour. Its typical colour comes from the presence of a micro-algae from which the oyster takes the pigment marennine. With high water content,\u00a0 it is particularly popular with lovers of slightly meaty oysters.<\/p>\n<p><strong>The Label Rouge &#8220;Pousse en Claire&#8221;<\/strong>, grown at very low density levels has gleaming, ivory flesh, firmer meatier, almost crunchy. This oyster with its dense meat has clearly identifiable specific properties and has long been the preserve of connoisseurs.\u00a0<\/p>\nTo guarantee they are not &#8220;laiteuses&#8221; (milky) and to respect the natural reproduction cycle, they are only available on the market from October to May, depending on the product&#8217;s level of maturity.\n<p>Freshness for the consumer &#8211; after inspection and grading, the Label Rouge Marennes Ol\u00e9ron oysters are packed flat in baskets and can be eaten up to at least a week later if kept at a temperature between 5 and 15\u00b0C.<\/p>\n\t<p><a href=\"https:\/\/www.aqualabel.fr\/en\/recette-huitres-marennes-oleron\/\">Discover Marennes Ol\u00e9ron oysters in this unusual recipe with bacon and peppers.<\/a><\/p>\n\t<p>Marennes Ol\u00e9ron oyster quality: \u00a0 \u00a0 \u00a0 \u00a0 \u00a0 \u00a0 \u00a0 \u00a0 \u00a0 \u00a0 \u00a0 \u00a0 \u00a0 \u00a0 \u00a0 \u00a0 \u00a0 high level expertise<\/p>\n\t<p>The Marennes Ol\u00e9ron basin is a highly protected and regulated ecosystem which holds Protected Geographical Indication.\u00a0<\/p>\n<p><strong>The Label Rouge Fines de Claire Vertes<\/strong>\u00a0 mature at a density of 3kg per m2 for a minimum of 28 days in the shallow ponds or &#8220;claires&#8221; in which blue navicules grow naturally. Water flow is controlled so that the oysters do not suffer from any stress which could compromise consistent salinity levels.\u00a0<\/p>\n<p><strong>The Label Rouge &#8220;Pousses en Claire&#8221;<\/strong>\u00a0also grow in ideal conditions. They are farmed in the &#8220;claires&#8221; for a minimum of 4 months, more often eight. The finest oysters\u00a0 grow in these waters which cannot hold more than 5 oysters per m\u00b2.<\/p>\n<p>This low density allows the oyster to form high flesh levels firm, crisp with a strong earthy taste that lasts.<\/p>\n\t\t\t\t<img decoding=\"async\" src=\"http:\/\/www.aqualabel.fr\/en\/wp-content\/uploads\/2015\/12\/blanc_huitres-marennes-oleron2.jpg\" alt=\"huitres-marennes-oleron\" itemprop=\"image\" title=\"huitres-marennes-oleron\" onerror=\"this.style.display='none'\"  \/>\n\t\t\t\t<img decoding=\"async\" src=\"http:\/\/www.aqualabel.fr\/en\/wp-content\/uploads\/2015\/12\/guillemets.png\" alt=\"guillemets\" itemprop=\"image\" title=\"guillemets\" onerror=\"this.style.display='none'\"  \/>\n\t<p>I wanted to bring things up to date and to remain true to tradition, preserving valuable experience. The idea of joining a producer group committed to Label Rouge this emerged.<\/p>\n<p>From the beginning we worked together to prepare the Label Rouge specification. Firstly, we had to formalise rigorous standards of practice and ensure that they would ensure top quality. The ongoing Label Rouge assessments are a continuous incentive towards perfection.<\/p>\n<p>Our whole oyster production has reaped the benefits. As has all production in the bay. Label Rouge has helped us to be identified as an oyster of unequalled superior quality with full traceability. It provides assurances for the consumer.<\/p>\n<p>Laurent Chiron, Marennes Ol\u00e9ron \u00a0 \u00a0 \u00a0 \u00a0 \u00a0 \u00a0 \u00a0 \u00a0 \u00a0 Label Rouge oyster farmer<\/p>\n\t\t\t\t<img decoding=\"async\" src=\"http:\/\/www.aqualabel.fr\/en\/wp-content\/uploads\/2015\/12\/guillemets-fin.png\" alt=\"guillemets-fin\" itemprop=\"image\" title=\"guillemets-fin\" onerror=\"this.style.display='none'\"  \/>\n\t<p><em>Read more :<\/em><\/p>\nMarennes Ol\u00e9ron Oyster<br \/>Quality Group\n<p>BP 60002<br \/>17 320 MARENNES<br \/>FRANCE<\/p>\n<p>T\u00e9l : +33 (0) 5 46 85 06 69<br \/>Fax : +33 (0) 5 46 85 36 52<\/p>\n<p>Email : marennes.oleron.qualite@wanadoo.fr<br \/>Site web :\u00a0<a>www.huitresmarennesoleron.info<\/a><\/p>\n","protected":false},"excerpt":{"rendered":"<p>Marennes Ol\u00e9ron Oysters From the world famous Marennes Ol\u00e9ron Oyster range, two types have obtained Label Rouge : The Label Rouge Fine de Claire\u00a0is green, delicate and tender with an earthy taste which blends with the delicate, salty flavour. Its typical colour comes from the presence of a micro-algae from which the oyster takes the&hellip;<\/p>\n","protected":false},"author":1,"featured_media":0,"parent":75,"menu_order":0,"comment_status":"closed","ping_status":"closed","template":"","meta":{"footnotes":""},"class_list":["post-124","page","type-page","status-publish","hentry"],"yoast_head":"<!-- This site is optimized with the Yoast SEO plugin v27.4 - https:\/\/yoast.com\/product\/yoast-seo-wordpress\/ -->\n<title>Hu\u00eetres Marennes-Ol\u00e9ron - Aqualabel - Label Rouge for seafood products<\/title>\n<meta name=\"robots\" content=\"index, follow, max-snippet:-1, max-image-preview:large, max-video-preview:-1\" \/>\n<link rel=\"canonical\" href=\"https:\/\/www.aqualabel.fr\/en\/produits\/huitres-marennes-oleron\/\" \/>\n<meta property=\"og:locale\" content=\"en_GB\" \/>\n<meta property=\"og:type\" content=\"article\" \/>\n<meta property=\"og:title\" content=\"Hu\u00eetres Marennes-Ol\u00e9ron - Aqualabel - Label Rouge for seafood products\" \/>\n<meta property=\"og:description\" content=\"Marennes Ol\u00e9ron Oysters From the world famous Marennes Ol\u00e9ron Oyster range, two types have obtained Label Rouge : The Label Rouge Fine de Claire\u00a0is green, delicate and tender with an earthy taste which blends with the delicate, salty flavour. Its typical colour comes from the presence of a micro-algae from which the oyster takes the&hellip;\" \/>\n<meta property=\"og:url\" content=\"https:\/\/www.aqualabel.fr\/en\/produits\/huitres-marennes-oleron\/\" \/>\n<meta property=\"og:site_name\" content=\"Aqualabel - Label Rouge for seafood products\" \/>\n<meta property=\"article:modified_time\" content=\"2019-05-15T07:21:40+00:00\" \/>\n<meta property=\"og:image\" content=\"http:\/\/www.aqualabel.fr\/en\/wp-content\/uploads\/2015\/12\/titre_labelrouge2.png\" \/>\n<meta name=\"twitter:card\" content=\"summary_large_image\" \/>\n<meta name=\"twitter:label1\" content=\"Estimated reading time\" \/>\n\t<meta name=\"twitter:data1\" content=\"2 minutes\" \/>\n<script type=\"application\/ld+json\" class=\"yoast-schema-graph\">{\"@context\":\"https:\\\/\\\/schema.org\",\"@graph\":[{\"@type\":\"WebPage\",\"@id\":\"https:\\\/\\\/www.aqualabel.fr\\\/en\\\/produits\\\/huitres-marennes-oleron\\\/\",\"url\":\"https:\\\/\\\/www.aqualabel.fr\\\/en\\\/produits\\\/huitres-marennes-oleron\\\/\",\"name\":\"Hu\u00eetres Marennes-Ol\u00e9ron - Aqualabel - Label Rouge for seafood products\",\"isPartOf\":{\"@id\":\"https:\\\/\\\/www.aqualabel.fr\\\/en\\\/#website\"},\"primaryImageOfPage\":{\"@id\":\"https:\\\/\\\/www.aqualabel.fr\\\/en\\\/produits\\\/huitres-marennes-oleron\\\/#primaryimage\"},\"image\":{\"@id\":\"https:\\\/\\\/www.aqualabel.fr\\\/en\\\/produits\\\/huitres-marennes-oleron\\\/#primaryimage\"},\"thumbnailUrl\":\"http:\\\/\\\/www.aqualabel.fr\\\/en\\\/wp-content\\\/uploads\\\/2015\\\/12\\\/titre_labelrouge2.png\",\"datePublished\":\"2016-01-03T08:00:25+00:00\",\"dateModified\":\"2019-05-15T07:21:40+00:00\",\"breadcrumb\":{\"@id\":\"https:\\\/\\\/www.aqualabel.fr\\\/en\\\/produits\\\/huitres-marennes-oleron\\\/#breadcrumb\"},\"inLanguage\":\"en-GB\",\"potentialAction\":[{\"@type\":\"ReadAction\",\"target\":[\"https:\\\/\\\/www.aqualabel.fr\\\/en\\\/produits\\\/huitres-marennes-oleron\\\/\"]}]},{\"@type\":\"ImageObject\",\"inLanguage\":\"en-GB\",\"@id\":\"https:\\\/\\\/www.aqualabel.fr\\\/en\\\/produits\\\/huitres-marennes-oleron\\\/#primaryimage\",\"url\":\"http:\\\/\\\/www.aqualabel.fr\\\/en\\\/wp-content\\\/uploads\\\/2015\\\/12\\\/titre_labelrouge2.png\",\"contentUrl\":\"http:\\\/\\\/www.aqualabel.fr\\\/en\\\/wp-content\\\/uploads\\\/2015\\\/12\\\/titre_labelrouge2.png\"},{\"@type\":\"BreadcrumbList\",\"@id\":\"https:\\\/\\\/www.aqualabel.fr\\\/en\\\/produits\\\/huitres-marennes-oleron\\\/#breadcrumb\",\"itemListElement\":[{\"@type\":\"ListItem\",\"position\":1,\"name\":\"Accueil\",\"item\":\"https:\\\/\\\/www.aqualabel.fr\\\/en\\\/\"},{\"@type\":\"ListItem\",\"position\":2,\"name\":\"Produits\",\"item\":\"https:\\\/\\\/www.aqualabel.fr\\\/en\\\/produits\\\/\"},{\"@type\":\"ListItem\",\"position\":3,\"name\":\"Hu\u00eetres Marennes-Ol\u00e9ron\"}]},{\"@type\":\"WebSite\",\"@id\":\"https:\\\/\\\/www.aqualabel.fr\\\/en\\\/#website\",\"url\":\"https:\\\/\\\/www.aqualabel.fr\\\/en\\\/\",\"name\":\"Aqualabel - Label Rouge for seafood products\",\"description\":\"Association of Seafood and aquaculture Label Rouge\",\"publisher\":{\"@id\":\"https:\\\/\\\/www.aqualabel.fr\\\/en\\\/#organization\"},\"potentialAction\":[{\"@type\":\"SearchAction\",\"target\":{\"@type\":\"EntryPoint\",\"urlTemplate\":\"https:\\\/\\\/www.aqualabel.fr\\\/en\\\/?s={search_term_string}\"},\"query-input\":{\"@type\":\"PropertyValueSpecification\",\"valueRequired\":true,\"valueName\":\"search_term_string\"}}],\"inLanguage\":\"en-GB\"},{\"@type\":\"Organization\",\"@id\":\"https:\\\/\\\/www.aqualabel.fr\\\/en\\\/#organization\",\"name\":\"Aqualabel - Label Rouge for seafood products\",\"url\":\"https:\\\/\\\/www.aqualabel.fr\\\/en\\\/\",\"logo\":{\"@type\":\"ImageObject\",\"inLanguage\":\"en-GB\",\"@id\":\"https:\\\/\\\/www.aqualabel.fr\\\/en\\\/#\\\/schema\\\/logo\\\/image\\\/\",\"url\":\"https:\\\/\\\/www.aqualabel.fr\\\/en\\\/wp-content\\\/uploads\\\/2015\\\/12\\\/titre_labelrouge2.png\",\"contentUrl\":\"https:\\\/\\\/www.aqualabel.fr\\\/en\\\/wp-content\\\/uploads\\\/2015\\\/12\\\/titre_labelrouge2.png\",\"width\":180,\"height\":150,\"caption\":\"Aqualabel - Label Rouge for seafood products\"},\"image\":{\"@id\":\"https:\\\/\\\/www.aqualabel.fr\\\/en\\\/#\\\/schema\\\/logo\\\/image\\\/\"}}]}<\/script>\n<!-- \/ Yoast SEO plugin. -->","yoast_head_json":{"title":"Hu\u00eetres Marennes-Ol\u00e9ron - Aqualabel - Label Rouge for seafood products","robots":{"index":"index","follow":"follow","max-snippet":"max-snippet:-1","max-image-preview":"max-image-preview:large","max-video-preview":"max-video-preview:-1"},"canonical":"https:\/\/www.aqualabel.fr\/en\/produits\/huitres-marennes-oleron\/","og_locale":"en_GB","og_type":"article","og_title":"Hu\u00eetres Marennes-Ol\u00e9ron - Aqualabel - Label Rouge for seafood products","og_description":"Marennes Ol\u00e9ron Oysters From the world famous Marennes Ol\u00e9ron Oyster range, two types have obtained Label Rouge : The Label Rouge Fine de Claire\u00a0is green, delicate and tender with an earthy taste which blends with the delicate, salty flavour. Its typical colour comes from the presence of a micro-algae from which the oyster takes the&hellip;","og_url":"https:\/\/www.aqualabel.fr\/en\/produits\/huitres-marennes-oleron\/","og_site_name":"Aqualabel - Label Rouge for seafood products","article_modified_time":"2019-05-15T07:21:40+00:00","og_image":[{"url":"http:\/\/www.aqualabel.fr\/en\/wp-content\/uploads\/2015\/12\/titre_labelrouge2.png","type":"","width":"","height":""}],"twitter_card":"summary_large_image","twitter_misc":{"Estimated reading time":"2 minutes"},"schema":{"@context":"https:\/\/schema.org","@graph":[{"@type":"WebPage","@id":"https:\/\/www.aqualabel.fr\/en\/produits\/huitres-marennes-oleron\/","url":"https:\/\/www.aqualabel.fr\/en\/produits\/huitres-marennes-oleron\/","name":"Hu\u00eetres Marennes-Ol\u00e9ron - Aqualabel - Label Rouge for seafood products","isPartOf":{"@id":"https:\/\/www.aqualabel.fr\/en\/#website"},"primaryImageOfPage":{"@id":"https:\/\/www.aqualabel.fr\/en\/produits\/huitres-marennes-oleron\/#primaryimage"},"image":{"@id":"https:\/\/www.aqualabel.fr\/en\/produits\/huitres-marennes-oleron\/#primaryimage"},"thumbnailUrl":"http:\/\/www.aqualabel.fr\/en\/wp-content\/uploads\/2015\/12\/titre_labelrouge2.png","datePublished":"2016-01-03T08:00:25+00:00","dateModified":"2019-05-15T07:21:40+00:00","breadcrumb":{"@id":"https:\/\/www.aqualabel.fr\/en\/produits\/huitres-marennes-oleron\/#breadcrumb"},"inLanguage":"en-GB","potentialAction":[{"@type":"ReadAction","target":["https:\/\/www.aqualabel.fr\/en\/produits\/huitres-marennes-oleron\/"]}]},{"@type":"ImageObject","inLanguage":"en-GB","@id":"https:\/\/www.aqualabel.fr\/en\/produits\/huitres-marennes-oleron\/#primaryimage","url":"http:\/\/www.aqualabel.fr\/en\/wp-content\/uploads\/2015\/12\/titre_labelrouge2.png","contentUrl":"http:\/\/www.aqualabel.fr\/en\/wp-content\/uploads\/2015\/12\/titre_labelrouge2.png"},{"@type":"BreadcrumbList","@id":"https:\/\/www.aqualabel.fr\/en\/produits\/huitres-marennes-oleron\/#breadcrumb","itemListElement":[{"@type":"ListItem","position":1,"name":"Accueil","item":"https:\/\/www.aqualabel.fr\/en\/"},{"@type":"ListItem","position":2,"name":"Produits","item":"https:\/\/www.aqualabel.fr\/en\/produits\/"},{"@type":"ListItem","position":3,"name":"Hu\u00eetres Marennes-Ol\u00e9ron"}]},{"@type":"WebSite","@id":"https:\/\/www.aqualabel.fr\/en\/#website","url":"https:\/\/www.aqualabel.fr\/en\/","name":"Aqualabel - Label Rouge for seafood products","description":"Association of Seafood and aquaculture Label Rouge","publisher":{"@id":"https:\/\/www.aqualabel.fr\/en\/#organization"},"potentialAction":[{"@type":"SearchAction","target":{"@type":"EntryPoint","urlTemplate":"https:\/\/www.aqualabel.fr\/en\/?s={search_term_string}"},"query-input":{"@type":"PropertyValueSpecification","valueRequired":true,"valueName":"search_term_string"}}],"inLanguage":"en-GB"},{"@type":"Organization","@id":"https:\/\/www.aqualabel.fr\/en\/#organization","name":"Aqualabel - Label Rouge for seafood products","url":"https:\/\/www.aqualabel.fr\/en\/","logo":{"@type":"ImageObject","inLanguage":"en-GB","@id":"https:\/\/www.aqualabel.fr\/en\/#\/schema\/logo\/image\/","url":"https:\/\/www.aqualabel.fr\/en\/wp-content\/uploads\/2015\/12\/titre_labelrouge2.png","contentUrl":"https:\/\/www.aqualabel.fr\/en\/wp-content\/uploads\/2015\/12\/titre_labelrouge2.png","width":180,"height":150,"caption":"Aqualabel - Label Rouge for seafood products"},"image":{"@id":"https:\/\/www.aqualabel.fr\/en\/#\/schema\/logo\/image\/"}}]}},"_links":{"self":[{"href":"https:\/\/www.aqualabel.fr\/en\/wp-json\/wp\/v2\/pages\/124","targetHints":{"allow":["GET"]}}],"collection":[{"href":"https:\/\/www.aqualabel.fr\/en\/wp-json\/wp\/v2\/pages"}],"about":[{"href":"https:\/\/www.aqualabel.fr\/en\/wp-json\/wp\/v2\/types\/page"}],"author":[{"embeddable":true,"href":"https:\/\/www.aqualabel.fr\/en\/wp-json\/wp\/v2\/users\/1"}],"replies":[{"embeddable":true,"href":"https:\/\/www.aqualabel.fr\/en\/wp-json\/wp\/v2\/comments?post=124"}],"version-history":[{"count":0,"href":"https:\/\/www.aqualabel.fr\/en\/wp-json\/wp\/v2\/pages\/124\/revisions"}],"up":[{"embeddable":true,"href":"https:\/\/www.aqualabel.fr\/en\/wp-json\/wp\/v2\/pages\/75"}],"wp:attachment":[{"href":"https:\/\/www.aqualabel.fr\/en\/wp-json\/wp\/v2\/media?parent=124"}],"curies":[{"name":"wp","href":"https:\/\/api.w.org\/{rel}","templated":true}]}}