{"id":226,"date":"2016-01-17T23:43:59","date_gmt":"2016-01-17T22:43:59","guid":{"rendered":"http:\/\/www.aqualabel.fr\/en\/?page_id=226"},"modified":"2019-05-17T08:52:21","modified_gmt":"2019-05-17T07:52:21","slug":"recette-huitres-marennes-oleron","status":"publish","type":"page","link":"https:\/\/www.aqualabel.fr\/en\/recette-huitres-marennes-oleron\/","title":{"rendered":"Recette Hu\u00eetres Marennes-Ol\u00e9ron"},"content":{"rendered":"\n\t\t\t\t<img decoding=\"async\" src=\"http:\/\/www.aqualabel.fr\/en\/wp-content\/uploads\/2015\/12\/titre_labelrouge2.png\" alt=\"titre_labelrouge2\" itemprop=\"image\" title=\"titre_labelrouge2\" onerror=\"this.style.display='none'\"  \/>\n<h1>\n\t\tMarennes Ol\u00e9ron Label Rouge oysters, pepper confit and bacon\n\t<\/h1>\n\t\t\t\t<a href=\"http:\/\/www.google.fr\" target=\"_self\" itemprop=\"url\" rel=\"noopener noreferrer\">\n\t\t\t\t<img decoding=\"async\" src=\"http:\/\/www.aqualabel.fr\/en\/wp-content\/uploads\/2016\/01\/recette-huitres-page.jpg\" alt=\"recette-huitres-page\" itemprop=\"image\" title=\"recette-huitres-page\" onerror=\"this.style.display='none'\"  \/>\n\t\t\t\t<\/a>\n\t<p>Serves 2<\/p>\n<p>&#8211; 10 to 12 Label Rouge Marennes Ol\u00e9ron oysters<br \/>for a starter : size\u00b04<\/p>\n<p>For a main dish : size n\u00b02 or n\u00b03<br \/>&#8211; 2 red peppers<br \/>&#8211; 3 slices of smoked bacon<\/p>\n\t<p>Preparation<\/p>\n<p>Wash and peel the peppers chop and fry gently in a pan with a drizzle of olive oil.<\/p>\n<p>Fry the smoked bacon on a gentle heat.<\/p>\n<p>Just before serving remove the bacon slices and leave to drain on kitchen paper. Cut into squares.<\/p>\n<p>Take the Label Rouge Marennes Ol\u00e9ron oysters cut out the small muscle and leave in their shells.<\/p>\n<p>At the time of serving drain the water from the Label Rouge Marennes Ol\u00e9ron oysters. Add the pepper confit and warm bacon squares.<\/p>\n\t\t\t\t<a href=\"http:\/\/www.aqualabel.fr\/en\/wp-content\/uploads\/2016\/01\/recette-huitre.pdf\" target=\"_blank\" rel=\"noopener noreferrer\"  itemprop=\"url\">\n\t\t\t\t<img decoding=\"async\" src=\"http:\/\/www.aqualabel.fr\/en\/wp-content\/uploads\/2016\/01\/telechargerpdf.jpg\" alt=\"telechargerpdf\" itemprop=\"image\" title=\"telechargerpdf\" onerror=\"this.style.display='none'\"  \/>\n\t\t\t\t<\/a>\n\t<p><a href=\"http:\/\/www.aqualabel.fr\/en\/wp-content\/uploads\/2016\/01\/recette-huitre.pdf\">Download a PDF of this recipe<\/a><\/p>\n\t\t\t\t<img decoding=\"async\" src=\"http:\/\/www.aqualabel.fr\/en\/wp-content\/uploads\/2015\/12\/blanc_huitres-marennes-oleron2.jpg\" alt=\"huitres-marennes-oleron\" itemprop=\"image\" title=\"huitres-marennes-oleron\" onerror=\"this.style.display='none'\"  \/>\n","protected":false},"excerpt":{"rendered":"<p>Marennes Ol\u00e9ron Label Rouge oysters, pepper confit and bacon Serves 2 &#8211; 10 to 12 Label Rouge Marennes Ol\u00e9ron oystersfor a starter : size\u00b04 For a main dish : size n\u00b02 or n\u00b03&#8211; 2 red peppers&#8211; 3 slices of smoked bacon Preparation Wash and peel the peppers chop and fry gently in a pan with&hellip;<\/p>\n","protected":false},"author":1,"featured_media":0,"parent":0,"menu_order":0,"comment_status":"closed","ping_status":"closed","template":"","meta":{"footnotes":""},"class_list":["post-226","page","type-page","status-publish","hentry"],"yoast_head":"<!-- This site is optimized with the Yoast SEO plugin v27.4 - https:\/\/yoast.com\/product\/yoast-seo-wordpress\/ -->\n<title>Recette Hu\u00eetres Marennes-Ol\u00e9ron - Aqualabel - Label Rouge for seafood products<\/title>\n<meta name=\"robots\" content=\"index, follow, max-snippet:-1, max-image-preview:large, max-video-preview:-1\" \/>\n<link rel=\"canonical\" href=\"https:\/\/www.aqualabel.fr\/en\/recette-huitres-marennes-oleron\/\" \/>\n<meta property=\"og:locale\" content=\"en_GB\" \/>\n<meta property=\"og:type\" content=\"article\" \/>\n<meta property=\"og:title\" content=\"Recette Hu\u00eetres Marennes-Ol\u00e9ron - Aqualabel - Label Rouge for seafood products\" \/>\n<meta property=\"og:description\" content=\"Marennes Ol\u00e9ron Label Rouge oysters, pepper confit and bacon Serves 2 &#8211; 10 to 12 Label Rouge Marennes Ol\u00e9ron oystersfor a starter : size\u00b04 For a main dish : size n\u00b02 or n\u00b03&#8211; 2 red peppers&#8211; 3 slices of smoked bacon Preparation Wash and peel the peppers chop and fry gently in a pan with&hellip;\" \/>\n<meta property=\"og:url\" content=\"https:\/\/www.aqualabel.fr\/en\/recette-huitres-marennes-oleron\/\" \/>\n<meta property=\"og:site_name\" content=\"Aqualabel - Label Rouge for seafood products\" \/>\n<meta property=\"article:modified_time\" content=\"2019-05-17T07:52:21+00:00\" \/>\n<meta property=\"og:image\" content=\"http:\/\/www.aqualabel.fr\/en\/wp-content\/uploads\/2015\/12\/titre_labelrouge2.png\" \/>\n<meta name=\"twitter:card\" content=\"summary_large_image\" \/>\n<meta name=\"twitter:label1\" content=\"Estimated reading time\" \/>\n\t<meta name=\"twitter:data1\" content=\"1 minute\" \/>\n<script type=\"application\/ld+json\" class=\"yoast-schema-graph\">{\"@context\":\"https:\\\/\\\/schema.org\",\"@graph\":[{\"@type\":\"WebPage\",\"@id\":\"https:\\\/\\\/www.aqualabel.fr\\\/en\\\/recette-huitres-marennes-oleron\\\/\",\"url\":\"https:\\\/\\\/www.aqualabel.fr\\\/en\\\/recette-huitres-marennes-oleron\\\/\",\"name\":\"Recette Hu\u00eetres Marennes-Ol\u00e9ron - Aqualabel - Label Rouge for seafood products\",\"isPartOf\":{\"@id\":\"https:\\\/\\\/www.aqualabel.fr\\\/en\\\/#website\"},\"primaryImageOfPage\":{\"@id\":\"https:\\\/\\\/www.aqualabel.fr\\\/en\\\/recette-huitres-marennes-oleron\\\/#primaryimage\"},\"image\":{\"@id\":\"https:\\\/\\\/www.aqualabel.fr\\\/en\\\/recette-huitres-marennes-oleron\\\/#primaryimage\"},\"thumbnailUrl\":\"http:\\\/\\\/www.aqualabel.fr\\\/en\\\/wp-content\\\/uploads\\\/2015\\\/12\\\/titre_labelrouge2.png\",\"datePublished\":\"2016-01-17T22:43:59+00:00\",\"dateModified\":\"2019-05-17T07:52:21+00:00\",\"breadcrumb\":{\"@id\":\"https:\\\/\\\/www.aqualabel.fr\\\/en\\\/recette-huitres-marennes-oleron\\\/#breadcrumb\"},\"inLanguage\":\"en-GB\",\"potentialAction\":[{\"@type\":\"ReadAction\",\"target\":[\"https:\\\/\\\/www.aqualabel.fr\\\/en\\\/recette-huitres-marennes-oleron\\\/\"]}]},{\"@type\":\"ImageObject\",\"inLanguage\":\"en-GB\",\"@id\":\"https:\\\/\\\/www.aqualabel.fr\\\/en\\\/recette-huitres-marennes-oleron\\\/#primaryimage\",\"url\":\"http:\\\/\\\/www.aqualabel.fr\\\/en\\\/wp-content\\\/uploads\\\/2015\\\/12\\\/titre_labelrouge2.png\",\"contentUrl\":\"http:\\\/\\\/www.aqualabel.fr\\\/en\\\/wp-content\\\/uploads\\\/2015\\\/12\\\/titre_labelrouge2.png\"},{\"@type\":\"BreadcrumbList\",\"@id\":\"https:\\\/\\\/www.aqualabel.fr\\\/en\\\/recette-huitres-marennes-oleron\\\/#breadcrumb\",\"itemListElement\":[{\"@type\":\"ListItem\",\"position\":1,\"name\":\"Accueil\",\"item\":\"https:\\\/\\\/www.aqualabel.fr\\\/en\\\/\"},{\"@type\":\"ListItem\",\"position\":2,\"name\":\"Recette Hu\u00eetres Marennes-Ol\u00e9ron\"}]},{\"@type\":\"WebSite\",\"@id\":\"https:\\\/\\\/www.aqualabel.fr\\\/en\\\/#website\",\"url\":\"https:\\\/\\\/www.aqualabel.fr\\\/en\\\/\",\"name\":\"Aqualabel - Label Rouge for seafood products\",\"description\":\"Association of Seafood and aquaculture Label Rouge\",\"publisher\":{\"@id\":\"https:\\\/\\\/www.aqualabel.fr\\\/en\\\/#organization\"},\"potentialAction\":[{\"@type\":\"SearchAction\",\"target\":{\"@type\":\"EntryPoint\",\"urlTemplate\":\"https:\\\/\\\/www.aqualabel.fr\\\/en\\\/?s={search_term_string}\"},\"query-input\":{\"@type\":\"PropertyValueSpecification\",\"valueRequired\":true,\"valueName\":\"search_term_string\"}}],\"inLanguage\":\"en-GB\"},{\"@type\":\"Organization\",\"@id\":\"https:\\\/\\\/www.aqualabel.fr\\\/en\\\/#organization\",\"name\":\"Aqualabel - Label Rouge for seafood products\",\"url\":\"https:\\\/\\\/www.aqualabel.fr\\\/en\\\/\",\"logo\":{\"@type\":\"ImageObject\",\"inLanguage\":\"en-GB\",\"@id\":\"https:\\\/\\\/www.aqualabel.fr\\\/en\\\/#\\\/schema\\\/logo\\\/image\\\/\",\"url\":\"https:\\\/\\\/www.aqualabel.fr\\\/en\\\/wp-content\\\/uploads\\\/2015\\\/12\\\/titre_labelrouge2.png\",\"contentUrl\":\"https:\\\/\\\/www.aqualabel.fr\\\/en\\\/wp-content\\\/uploads\\\/2015\\\/12\\\/titre_labelrouge2.png\",\"width\":180,\"height\":150,\"caption\":\"Aqualabel - Label Rouge for seafood products\"},\"image\":{\"@id\":\"https:\\\/\\\/www.aqualabel.fr\\\/en\\\/#\\\/schema\\\/logo\\\/image\\\/\"}}]}<\/script>\n<!-- \/ Yoast SEO plugin. -->","yoast_head_json":{"title":"Recette Hu\u00eetres Marennes-Ol\u00e9ron - Aqualabel - Label Rouge for seafood products","robots":{"index":"index","follow":"follow","max-snippet":"max-snippet:-1","max-image-preview":"max-image-preview:large","max-video-preview":"max-video-preview:-1"},"canonical":"https:\/\/www.aqualabel.fr\/en\/recette-huitres-marennes-oleron\/","og_locale":"en_GB","og_type":"article","og_title":"Recette Hu\u00eetres Marennes-Ol\u00e9ron - Aqualabel - Label Rouge for seafood products","og_description":"Marennes Ol\u00e9ron Label Rouge oysters, pepper confit and bacon Serves 2 &#8211; 10 to 12 Label Rouge Marennes Ol\u00e9ron oystersfor a starter : size\u00b04 For a main dish : size n\u00b02 or n\u00b03&#8211; 2 red peppers&#8211; 3 slices of smoked bacon Preparation Wash and peel the peppers chop and fry gently in a pan with&hellip;","og_url":"https:\/\/www.aqualabel.fr\/en\/recette-huitres-marennes-oleron\/","og_site_name":"Aqualabel - Label Rouge for seafood products","article_modified_time":"2019-05-17T07:52:21+00:00","og_image":[{"url":"http:\/\/www.aqualabel.fr\/en\/wp-content\/uploads\/2015\/12\/titre_labelrouge2.png","type":"","width":"","height":""}],"twitter_card":"summary_large_image","twitter_misc":{"Estimated reading time":"1 minute"},"schema":{"@context":"https:\/\/schema.org","@graph":[{"@type":"WebPage","@id":"https:\/\/www.aqualabel.fr\/en\/recette-huitres-marennes-oleron\/","url":"https:\/\/www.aqualabel.fr\/en\/recette-huitres-marennes-oleron\/","name":"Recette Hu\u00eetres Marennes-Ol\u00e9ron - Aqualabel - Label Rouge for seafood products","isPartOf":{"@id":"https:\/\/www.aqualabel.fr\/en\/#website"},"primaryImageOfPage":{"@id":"https:\/\/www.aqualabel.fr\/en\/recette-huitres-marennes-oleron\/#primaryimage"},"image":{"@id":"https:\/\/www.aqualabel.fr\/en\/recette-huitres-marennes-oleron\/#primaryimage"},"thumbnailUrl":"http:\/\/www.aqualabel.fr\/en\/wp-content\/uploads\/2015\/12\/titre_labelrouge2.png","datePublished":"2016-01-17T22:43:59+00:00","dateModified":"2019-05-17T07:52:21+00:00","breadcrumb":{"@id":"https:\/\/www.aqualabel.fr\/en\/recette-huitres-marennes-oleron\/#breadcrumb"},"inLanguage":"en-GB","potentialAction":[{"@type":"ReadAction","target":["https:\/\/www.aqualabel.fr\/en\/recette-huitres-marennes-oleron\/"]}]},{"@type":"ImageObject","inLanguage":"en-GB","@id":"https:\/\/www.aqualabel.fr\/en\/recette-huitres-marennes-oleron\/#primaryimage","url":"http:\/\/www.aqualabel.fr\/en\/wp-content\/uploads\/2015\/12\/titre_labelrouge2.png","contentUrl":"http:\/\/www.aqualabel.fr\/en\/wp-content\/uploads\/2015\/12\/titre_labelrouge2.png"},{"@type":"BreadcrumbList","@id":"https:\/\/www.aqualabel.fr\/en\/recette-huitres-marennes-oleron\/#breadcrumb","itemListElement":[{"@type":"ListItem","position":1,"name":"Accueil","item":"https:\/\/www.aqualabel.fr\/en\/"},{"@type":"ListItem","position":2,"name":"Recette Hu\u00eetres Marennes-Ol\u00e9ron"}]},{"@type":"WebSite","@id":"https:\/\/www.aqualabel.fr\/en\/#website","url":"https:\/\/www.aqualabel.fr\/en\/","name":"Aqualabel - Label Rouge for seafood products","description":"Association of Seafood and aquaculture Label Rouge","publisher":{"@id":"https:\/\/www.aqualabel.fr\/en\/#organization"},"potentialAction":[{"@type":"SearchAction","target":{"@type":"EntryPoint","urlTemplate":"https:\/\/www.aqualabel.fr\/en\/?s={search_term_string}"},"query-input":{"@type":"PropertyValueSpecification","valueRequired":true,"valueName":"search_term_string"}}],"inLanguage":"en-GB"},{"@type":"Organization","@id":"https:\/\/www.aqualabel.fr\/en\/#organization","name":"Aqualabel - Label Rouge for seafood products","url":"https:\/\/www.aqualabel.fr\/en\/","logo":{"@type":"ImageObject","inLanguage":"en-GB","@id":"https:\/\/www.aqualabel.fr\/en\/#\/schema\/logo\/image\/","url":"https:\/\/www.aqualabel.fr\/en\/wp-content\/uploads\/2015\/12\/titre_labelrouge2.png","contentUrl":"https:\/\/www.aqualabel.fr\/en\/wp-content\/uploads\/2015\/12\/titre_labelrouge2.png","width":180,"height":150,"caption":"Aqualabel - Label Rouge for seafood products"},"image":{"@id":"https:\/\/www.aqualabel.fr\/en\/#\/schema\/logo\/image\/"}}]}},"_links":{"self":[{"href":"https:\/\/www.aqualabel.fr\/en\/wp-json\/wp\/v2\/pages\/226","targetHints":{"allow":["GET"]}}],"collection":[{"href":"https:\/\/www.aqualabel.fr\/en\/wp-json\/wp\/v2\/pages"}],"about":[{"href":"https:\/\/www.aqualabel.fr\/en\/wp-json\/wp\/v2\/types\/page"}],"author":[{"embeddable":true,"href":"https:\/\/www.aqualabel.fr\/en\/wp-json\/wp\/v2\/users\/1"}],"replies":[{"embeddable":true,"href":"https:\/\/www.aqualabel.fr\/en\/wp-json\/wp\/v2\/comments?post=226"}],"version-history":[{"count":0,"href":"https:\/\/www.aqualabel.fr\/en\/wp-json\/wp\/v2\/pages\/226\/revisions"}],"wp:attachment":[{"href":"https:\/\/www.aqualabel.fr\/en\/wp-json\/wp\/v2\/media?parent=226"}],"curies":[{"name":"wp","href":"https:\/\/api.w.org\/{rel}","templated":true}]}}