{"id":229,"date":"2016-01-17T23:44:11","date_gmt":"2016-01-17T22:44:11","guid":{"rendered":"http:\/\/www.aqualabel.fr\/en\/?page_id=229"},"modified":"2016-02-24T10:22:44","modified_gmt":"2016-02-24T09:22:44","slug":"recette-truite-de-source","status":"publish","type":"page","link":"https:\/\/www.aqualabel.fr\/en\/recette-truite-de-source\/","title":{"rendered":"Recette Truite de source"},"content":{"rendered":"<p>\t<button><svg version=\"1.1\" xmlns=\"http:\/\/www.w3.org\/2000\/svg\" xmlns:xlink=\"http:\/\/www.w3.org\/1999\/xlink\" viewBox=\"0 0 512 512\">\n<rect width=\"512\" height=\"102\"\/>\n<rect y=\"205\" width=\"512\" height=\"102\"\/>\n<rect y=\"410\" width=\"512\" height=\"102\"\/>\n<\/svg><br \/>\nMenu<\/button>\t<\/p>\n<ul id=\"menu-principal\">\n<li id=\"menu-item-64\"><a href=\"http:\/\/www.aqualabel.fr\/en\/\">Accueil<\/a><\/li>\n<li id=\"menu-item-178\"><a href=\"http:\/\/www.aqualabel.fr\/en\/aqualabel-2\/\">Aqualabel<\/a><\/li>\n<li id=\"menu-item-66\"><a href=\"http:\/\/www.aqualabel.fr\/en\/le-label-rouge\/\">Le label rouge<\/a><\/li>\n<li id=\"menu-item-76\"><a href=\"http:\/\/www.aqualabel.fr\/en\/produits\/\">Produits<\/a>\n<ul>\n<li id=\"menu-item-123\"><a href=\"http:\/\/www.aqualabel.fr\/en\/produits\/crevette\/\">Crevette<\/a><\/li>\n<li id=\"menu-item-108\"><a href=\"http:\/\/www.aqualabel.fr\/en\/produits\/coquilles-saint-jacques\/\">Coquille Saint Jacques<\/a><\/li>\n<li id=\"menu-item-151\"><a href=\"http:\/\/www.aqualabel.fr\/en\/produits\/huitres-marennes-oleron\/\">Hu\u00eetre Marennes-Ol\u00e9ron<\/a><\/li>\n<li id=\"menu-item-189\"><a href=\"http:\/\/www.aqualabel.fr\/en\/produits\/maigre\/\">Maigre<\/a><\/li>\n<li id=\"menu-item-149\"><a href=\"http:\/\/www.aqualabel.fr\/en\/produits\/saumon-atlantique\/\">Saumon Atlantique<\/a><\/li>\n<li id=\"menu-item-150\"><a href=\"http:\/\/www.aqualabel.fr\/en\/produits\/saumon-ecossais\/\">Saumon \u00e9cossais<\/a><\/li>\n<li id=\"menu-item-152\"><a href=\"http:\/\/www.aqualabel.fr\/en\/produits\/saumon-atlantique\/\">Saumon fum\u00e9<\/a><\/li>\n<li id=\"menu-item-147\"><a href=\"http:\/\/www.aqualabel.fr\/en\/produits\/sel-de-guerande\/\">Sel de Gu\u00e9rande<\/a><\/li>\n<li id=\"menu-item-148\"><a href=\"http:\/\/www.aqualabel.fr\/en\/produits\/truite-de-source\/\">Truite de source<\/a><\/li>\n<li id=\"menu-item-153\"><a href=\"http:\/\/www.aqualabel.fr\/en\/produits\/saumon-atlantique\/\">Truite fum\u00e9e<\/a><\/li>\n<li id=\"menu-item-146\"><a href=\"http:\/\/www.aqualabel.fr\/en\/produits\/turbot\/\">Turbot<\/a><\/li>\n<\/ul>\n<\/li>\n<li id=\"menu-item-197\"><a href=\"http:\/\/www.aqualabel.fr\/en\/recettes\/\">Recettes<\/a>\n<ul>\n<li id=\"menu-item-224\"><a href=\"http:\/\/www.aqualabel.fr\/en\/recette-crevette\/\">Crevette<\/a><\/li>\n<li id=\"menu-item-205\"><a href=\"http:\/\/www.aqualabel.fr\/en\/recettes\/recette-coquille-saint-jacques\/\">Coquille Saint-Jacques<\/a><\/li>\n<li id=\"menu-item-227\"><a href=\"http:\/\/www.aqualabel.fr\/en\/recette-huitres-marennes-oleron\/\">Hu\u00eetre Marennes-Ol\u00e9ron<\/a><\/li>\n<li id=\"menu-item-252\"><a href=\"http:\/\/www.aqualabel.fr\/en\/recette-maigre\/\">Maigre<\/a><\/li>\n<li id=\"menu-item-233\"><a href=\"http:\/\/www.aqualabel.fr\/en\/recette-saumon-atlantique\/\">Saumon Atlantique<\/a><\/li>\n<li id=\"menu-item-242\"><a href=\"http:\/\/www.aqualabel.fr\/en\/recette-saumon-ecossais\/\">Saumon Ecossais<\/a><\/li>\n<li id=\"menu-item-239\"><a href=\"http:\/\/www.aqualabel.fr\/en\/recette-sel-de-guerande\/\">Sel de Gu\u00e9rande<\/a><\/li>\n<li id=\"menu-item-230\"><a href=\"http:\/\/www.aqualabel.fr\/en\/recette-truite-de-source\/\">Truite de source<\/a><\/li>\n<li id=\"menu-item-246\"><a href=\"http:\/\/www.aqualabel.fr\/en\/recette-turbot\/\">Turbot<\/a><\/li>\n<\/ul>\n<\/li>\n<li id=\"menu-item-79\"><a href=\"http:\/\/www.aqualabel.fr\/en\/presse\/\">Presse<\/a><\/li>\n<li id=\"menu-item-82\"><a href=\"http:\/\/www.aqualabel.fr\/en\/contacts\/\">Contacts<\/a><\/li>\n<li id=\"menu-item-285\"><a href=\"http:\/\/www.aqualabel.fr\/fr\"><img decoding=\"async\" src=\"http:\/\/www.aqualabel.fr\/en\/wp-content\/uploads\/2016\/02\/flag_fr_14-1.png\" \/><\/a><\/li>\n<\/ul>\n<ul id=\"menu-principal-1\">\n<li id=\"menu-item-64\"><a href=\"http:\/\/www.aqualabel.fr\/en\/\">Accueil<\/a><\/li>\n<li id=\"menu-item-178\"><a href=\"http:\/\/www.aqualabel.fr\/en\/aqualabel-2\/\">Aqualabel<\/a><\/li>\n<li id=\"menu-item-66\"><a href=\"http:\/\/www.aqualabel.fr\/en\/le-label-rouge\/\">Le label rouge<\/a><\/li>\n<li id=\"menu-item-76\"><a href=\"http:\/\/www.aqualabel.fr\/en\/produits\/\">Produits<\/a>\n<ul>\n<li id=\"menu-item-123\"><a href=\"http:\/\/www.aqualabel.fr\/en\/produits\/crevette\/\">Crevette<\/a><\/li>\n<li id=\"menu-item-108\"><a href=\"http:\/\/www.aqualabel.fr\/en\/produits\/coquilles-saint-jacques\/\">Coquille Saint Jacques<\/a><\/li>\n<li id=\"menu-item-151\"><a href=\"http:\/\/www.aqualabel.fr\/en\/produits\/huitres-marennes-oleron\/\">Hu\u00eetre Marennes-Ol\u00e9ron<\/a><\/li>\n<li id=\"menu-item-189\"><a href=\"http:\/\/www.aqualabel.fr\/en\/produits\/maigre\/\">Maigre<\/a><\/li>\n<li id=\"menu-item-149\"><a href=\"http:\/\/www.aqualabel.fr\/en\/produits\/saumon-atlantique\/\">Saumon Atlantique<\/a><\/li>\n<li id=\"menu-item-150\"><a href=\"http:\/\/www.aqualabel.fr\/en\/produits\/saumon-ecossais\/\">Saumon \u00e9cossais<\/a><\/li>\n<li id=\"menu-item-152\"><a href=\"http:\/\/www.aqualabel.fr\/en\/produits\/saumon-atlantique\/\">Saumon fum\u00e9<\/a><\/li>\n<li id=\"menu-item-147\"><a href=\"http:\/\/www.aqualabel.fr\/en\/produits\/sel-de-guerande\/\">Sel de Gu\u00e9rande<\/a><\/li>\n<li id=\"menu-item-148\"><a href=\"http:\/\/www.aqualabel.fr\/en\/produits\/truite-de-source\/\">Truite de source<\/a><\/li>\n<li id=\"menu-item-153\"><a href=\"http:\/\/www.aqualabel.fr\/en\/produits\/saumon-atlantique\/\">Truite fum\u00e9e<\/a><\/li>\n<li id=\"menu-item-146\"><a href=\"http:\/\/www.aqualabel.fr\/en\/produits\/turbot\/\">Turbot<\/a><\/li>\n<\/ul>\n<\/li>\n<li id=\"menu-item-197\"><a href=\"http:\/\/www.aqualabel.fr\/en\/recettes\/\">Recettes<\/a>\n<ul>\n<li id=\"menu-item-224\"><a href=\"http:\/\/www.aqualabel.fr\/en\/recette-crevette\/\">Crevette<\/a><\/li>\n<li id=\"menu-item-205\"><a href=\"http:\/\/www.aqualabel.fr\/en\/recettes\/recette-coquille-saint-jacques\/\">Coquille Saint-Jacques<\/a><\/li>\n<li id=\"menu-item-227\"><a href=\"http:\/\/www.aqualabel.fr\/en\/recette-huitres-marennes-oleron\/\">Hu\u00eetre Marennes-Ol\u00e9ron<\/a><\/li>\n<li id=\"menu-item-252\"><a href=\"http:\/\/www.aqualabel.fr\/en\/recette-maigre\/\">Maigre<\/a><\/li>\n<li id=\"menu-item-233\"><a href=\"http:\/\/www.aqualabel.fr\/en\/recette-saumon-atlantique\/\">Saumon Atlantique<\/a><\/li>\n<li id=\"menu-item-242\"><a href=\"http:\/\/www.aqualabel.fr\/en\/recette-saumon-ecossais\/\">Saumon Ecossais<\/a><\/li>\n<li id=\"menu-item-239\"><a href=\"http:\/\/www.aqualabel.fr\/en\/recette-sel-de-guerande\/\">Sel de Gu\u00e9rande<\/a><\/li>\n<li id=\"menu-item-230\"><a href=\"http:\/\/www.aqualabel.fr\/en\/recette-truite-de-source\/\">Truite de source<\/a><\/li>\n<li id=\"menu-item-246\"><a href=\"http:\/\/www.aqualabel.fr\/en\/recette-turbot\/\">Turbot<\/a><\/li>\n<\/ul>\n<\/li>\n<li id=\"menu-item-79\"><a href=\"http:\/\/www.aqualabel.fr\/en\/presse\/\">Presse<\/a><\/li>\n<li id=\"menu-item-82\"><a href=\"http:\/\/www.aqualabel.fr\/en\/contacts\/\">Contacts<\/a><\/li>\n<li id=\"menu-item-285\"><a href=\"http:\/\/www.aqualabel.fr\/fr\"><img decoding=\"async\" src=\"http:\/\/www.aqualabel.fr\/en\/wp-content\/uploads\/2016\/02\/flag_fr_14-1.png\" \/><\/a><\/li>\n<\/ul>\n<p>\t\t\t\t<img decoding=\"async\" src=\"http:\/\/www.aqualabel.fr\/en\/wp-content\/uploads\/2015\/12\/titre_labelrouge2.png\" alt=\"titre_labelrouge2\" itemprop=\"image\"  srcset=\"http:\/\/www.aqualabel.fr\/en\/wp-content\/uploads\/2015\/12\/titre_labelrouge2.png 180w\" sizes=\"(max-width: 180px) 100vw, 180px\" \/><\/p>\n<h1>\n\t\tRoast Label Rouge trout with pur\u00e9e of c\u00e8pes<br \/>\n\t<\/h1>\n<p>\t\t\t\t<a href=\"http:\/\/www.google.fr\" target=\"_self\" itemprop=\"url\"><br \/>\n\t\t\t\t<img decoding=\"async\" src=\"http:\/\/www.aqualabel.fr\/en\/wp-content\/uploads\/2016\/01\/recette-truite-page.jpg\" alt=\"recette-truite-page\" itemprop=\"image\"  srcset=\"http:\/\/www.aqualabel.fr\/en\/wp-content\/uploads\/2016\/01\/recette-truite-page-300x193.jpg 300w,http:\/\/www.aqualabel.fr\/en\/wp-content\/uploads\/2016\/01\/recette-truite-page.jpg 545w\" sizes=\"(max-width: 545px) 100vw, 545px\" \/><br \/>\n\t\t\t\t<\/a><\/p>\n<p>To serve 4<\/p>\n<p>&#8211; 4 Label Rouge trout fillets<br \/>&#8211; 4 large onions,\u00a03 peeled and chopped shallots<br \/>&#8211; 100 g dried verbena leaves<br \/>&#8211; 500 ml veal stock<br \/>&#8211; 6 large Ratte potatoes<br \/>&#8211; 150 g dried c\u00e8pes,\u00a0250 g button c\u00e8pes<br \/>&#8211; 500 ml single cream<br \/>&#8211; 125 g butter<br \/>&#8211; coarse sea salt, salt &#8211; ground pepper<\/p>\n<p>Preparation<\/p>\n<p>Leave the dried c\u00e8pes to soak in water for 12 hours. Strain the juice and set aside.<\/p>\n<p>Soften the shallots in a frying pan with a spoonful of butter. Pour in 4 dstps of the c\u00e8pe juice. Stir with a wooden spoon and leave to reduce. When the water has almost all evaporated, pour in the cream and bring to the boil. Remove from the heat and strain.<\/p>\n<p>Chop the drained c\u00e8pes. Peel the potatoes and place them in foil with a little coarse salt and half of the chopped c\u00e8pes. Close up the potato parcels and place in the oven at F 120 \u00b0C.<\/p>\n<p>Leave to cook for 1 hour. Mash the potatoes, add the butter and the strained c\u00e8pes cream. Stir well, add salt pepper and a little warm milk if necessary. Keep warm.<\/p>\n<p>Pour the veal stock into a small pan and reduce by half over a medium heat. Peel and chop the onions. Caramelise in the frying pan over a medium heat with 20 g butter. Add the dried verbena and the reduced stock. Stir and leave to cook over a gentle heat for 20 minutes. Strain and whisk to thicken the sauce. Season to taste and keep warm.<\/p>\n<p>Pour the olive oil into a frying pan and cook the Label Rouge trout fillets for 10 minutes skin side down. Halve and cook the button c\u00e8pes. Season with salt and pepper.<\/p>\n<p>Serve the roast Label Rouge trout fillets with the pur\u00e9e, the verbena sauce and the fried button c\u00e8pes.<\/p>\n<p>\t\t\t\t<a href=\"http:\/\/www.aqualabel.fr\/en\/wp-content\/uploads\/2016\/01\/recette-truite.pdf\" target=\"_blank\" itemprop=\"url\"><br \/>\n\t\t\t\t<img decoding=\"async\" src=\"http:\/\/www.aqualabel.fr\/en\/wp-content\/uploads\/2016\/01\/telechargerpdf.jpg\" alt=\"telechargerpdf\" itemprop=\"image\"  srcset=\"http:\/\/www.aqualabel.fr\/en\/wp-content\/uploads\/2016\/01\/telechargerpdf.jpg 128w\" sizes=\"(max-width: 128px) 100vw, 128px\" \/><br \/>\n\t\t\t\t<\/a><\/p>\n<p style=\"text-align: center;\"><a href=\"http:\/\/www.aqualabel.fr\/web2\/upload_fich\/recette-truite.pdf\" target=\"_blank\">Download a PDF of this recipe<\/a><\/p>\n<p>\t\t\t\t<img decoding=\"async\" src=\"http:\/\/www.aqualabel.fr\/en\/wp-content\/uploads\/2015\/12\/blanc_truite-source2.jpg\" alt=\"truite-source\" itemprop=\"image\"  srcset=\"http:\/\/www.aqualabel.fr\/en\/wp-content\/uploads\/2015\/12\/blanc_truite-source2-300x150.jpg 300w,http:\/\/www.aqualabel.fr\/en\/wp-content\/uploads\/2015\/12\/blanc_truite-source2.jpg 800w\" sizes=\"(max-width: 800px) 100vw, 800px\" \/><\/p>\n","protected":false},"excerpt":{"rendered":"<p>Menu Accueil Aqualabel Le label rouge Produits Crevette Coquille Saint Jacques Hu\u00eetre Marennes-Ol\u00e9ron Maigre Saumon Atlantique Saumon \u00e9cossais Saumon fum\u00e9 Sel de Gu\u00e9rande Truite de source Truite fum\u00e9e Turbot Recettes Crevette Coquille Saint-Jacques Hu\u00eetre Marennes-Ol\u00e9ron Maigre Saumon Atlantique Saumon Ecossais Sel de Gu\u00e9rande Truite de source Turbot Presse Contacts Accueil Aqualabel Le label rouge Produits&hellip;<\/p>\n","protected":false},"author":1,"featured_media":0,"parent":0,"menu_order":0,"comment_status":"closed","ping_status":"closed","template":"","meta":{"footnotes":""},"class_list":["post-229","page","type-page","status-publish","hentry"],"yoast_head":"<!-- This site is optimized with the Yoast SEO plugin v27.4 - https:\/\/yoast.com\/product\/yoast-seo-wordpress\/ -->\n<title>Recette Truite de source - Aqualabel - Label Rouge for seafood products<\/title>\n<meta name=\"robots\" content=\"index, follow, max-snippet:-1, max-image-preview:large, max-video-preview:-1\" \/>\n<link rel=\"canonical\" href=\"https:\/\/www.aqualabel.fr\/en\/recette-truite-de-source\/\" \/>\n<meta property=\"og:locale\" content=\"en_GB\" \/>\n<meta property=\"og:type\" content=\"article\" \/>\n<meta property=\"og:title\" content=\"Recette Truite de source - Aqualabel - Label Rouge for seafood products\" \/>\n<meta property=\"og:description\" content=\"Menu Accueil Aqualabel Le label rouge Produits Crevette Coquille Saint Jacques Hu\u00eetre Marennes-Ol\u00e9ron Maigre Saumon Atlantique Saumon \u00e9cossais Saumon fum\u00e9 Sel de Gu\u00e9rande Truite de source Truite fum\u00e9e Turbot Recettes Crevette Coquille Saint-Jacques Hu\u00eetre Marennes-Ol\u00e9ron Maigre Saumon Atlantique Saumon Ecossais Sel de Gu\u00e9rande Truite de source Turbot Presse Contacts Accueil Aqualabel Le label rouge Produits&hellip;\" \/>\n<meta property=\"og:url\" content=\"https:\/\/www.aqualabel.fr\/en\/recette-truite-de-source\/\" \/>\n<meta property=\"og:site_name\" content=\"Aqualabel - Label Rouge for seafood products\" \/>\n<meta property=\"article:modified_time\" content=\"2016-02-24T09:22:44+00:00\" \/>\n<meta property=\"og:image\" content=\"http:\/\/www.aqualabel.fr\/en\/wp-content\/uploads\/2016\/02\/flag_fr_14-1.png\" \/>\n<meta name=\"twitter:card\" content=\"summary_large_image\" \/>\n<meta name=\"twitter:label1\" content=\"Estimated reading time\" \/>\n\t<meta name=\"twitter:data1\" content=\"2 minutes\" \/>\n<script type=\"application\/ld+json\" class=\"yoast-schema-graph\">{\"@context\":\"https:\\\/\\\/schema.org\",\"@graph\":[{\"@type\":\"WebPage\",\"@id\":\"https:\\\/\\\/www.aqualabel.fr\\\/en\\\/recette-truite-de-source\\\/\",\"url\":\"https:\\\/\\\/www.aqualabel.fr\\\/en\\\/recette-truite-de-source\\\/\",\"name\":\"Recette Truite de source - Aqualabel - Label Rouge for seafood products\",\"isPartOf\":{\"@id\":\"https:\\\/\\\/www.aqualabel.fr\\\/en\\\/#website\"},\"primaryImageOfPage\":{\"@id\":\"https:\\\/\\\/www.aqualabel.fr\\\/en\\\/recette-truite-de-source\\\/#primaryimage\"},\"image\":{\"@id\":\"https:\\\/\\\/www.aqualabel.fr\\\/en\\\/recette-truite-de-source\\\/#primaryimage\"},\"thumbnailUrl\":\"http:\\\/\\\/www.aqualabel.fr\\\/en\\\/wp-content\\\/uploads\\\/2016\\\/02\\\/flag_fr_14-1.png\",\"datePublished\":\"2016-01-17T22:44:11+00:00\",\"dateModified\":\"2016-02-24T09:22:44+00:00\",\"breadcrumb\":{\"@id\":\"https:\\\/\\\/www.aqualabel.fr\\\/en\\\/recette-truite-de-source\\\/#breadcrumb\"},\"inLanguage\":\"en-GB\",\"potentialAction\":[{\"@type\":\"ReadAction\",\"target\":[\"https:\\\/\\\/www.aqualabel.fr\\\/en\\\/recette-truite-de-source\\\/\"]}]},{\"@type\":\"ImageObject\",\"inLanguage\":\"en-GB\",\"@id\":\"https:\\\/\\\/www.aqualabel.fr\\\/en\\\/recette-truite-de-source\\\/#primaryimage\",\"url\":\"http:\\\/\\\/www.aqualabel.fr\\\/en\\\/wp-content\\\/uploads\\\/2016\\\/02\\\/flag_fr_14-1.png\",\"contentUrl\":\"http:\\\/\\\/www.aqualabel.fr\\\/en\\\/wp-content\\\/uploads\\\/2016\\\/02\\\/flag_fr_14-1.png\"},{\"@type\":\"BreadcrumbList\",\"@id\":\"https:\\\/\\\/www.aqualabel.fr\\\/en\\\/recette-truite-de-source\\\/#breadcrumb\",\"itemListElement\":[{\"@type\":\"ListItem\",\"position\":1,\"name\":\"Accueil\",\"item\":\"https:\\\/\\\/www.aqualabel.fr\\\/en\\\/\"},{\"@type\":\"ListItem\",\"position\":2,\"name\":\"Recette Truite de source\"}]},{\"@type\":\"WebSite\",\"@id\":\"https:\\\/\\\/www.aqualabel.fr\\\/en\\\/#website\",\"url\":\"https:\\\/\\\/www.aqualabel.fr\\\/en\\\/\",\"name\":\"Aqualabel - Label Rouge for seafood products\",\"description\":\"Association of Seafood and aquaculture Label Rouge\",\"publisher\":{\"@id\":\"https:\\\/\\\/www.aqualabel.fr\\\/en\\\/#organization\"},\"potentialAction\":[{\"@type\":\"SearchAction\",\"target\":{\"@type\":\"EntryPoint\",\"urlTemplate\":\"https:\\\/\\\/www.aqualabel.fr\\\/en\\\/?s={search_term_string}\"},\"query-input\":{\"@type\":\"PropertyValueSpecification\",\"valueRequired\":true,\"valueName\":\"search_term_string\"}}],\"inLanguage\":\"en-GB\"},{\"@type\":\"Organization\",\"@id\":\"https:\\\/\\\/www.aqualabel.fr\\\/en\\\/#organization\",\"name\":\"Aqualabel - Label Rouge for seafood products\",\"url\":\"https:\\\/\\\/www.aqualabel.fr\\\/en\\\/\",\"logo\":{\"@type\":\"ImageObject\",\"inLanguage\":\"en-GB\",\"@id\":\"https:\\\/\\\/www.aqualabel.fr\\\/en\\\/#\\\/schema\\\/logo\\\/image\\\/\",\"url\":\"https:\\\/\\\/www.aqualabel.fr\\\/en\\\/wp-content\\\/uploads\\\/2015\\\/12\\\/titre_labelrouge2.png\",\"contentUrl\":\"https:\\\/\\\/www.aqualabel.fr\\\/en\\\/wp-content\\\/uploads\\\/2015\\\/12\\\/titre_labelrouge2.png\",\"width\":180,\"height\":150,\"caption\":\"Aqualabel - Label Rouge for seafood products\"},\"image\":{\"@id\":\"https:\\\/\\\/www.aqualabel.fr\\\/en\\\/#\\\/schema\\\/logo\\\/image\\\/\"}}]}<\/script>\n<!-- \/ Yoast SEO plugin. -->","yoast_head_json":{"title":"Recette Truite de source - Aqualabel - Label Rouge for seafood products","robots":{"index":"index","follow":"follow","max-snippet":"max-snippet:-1","max-image-preview":"max-image-preview:large","max-video-preview":"max-video-preview:-1"},"canonical":"https:\/\/www.aqualabel.fr\/en\/recette-truite-de-source\/","og_locale":"en_GB","og_type":"article","og_title":"Recette Truite de source - Aqualabel - Label Rouge for seafood products","og_description":"Menu Accueil Aqualabel Le label rouge Produits Crevette Coquille Saint Jacques Hu\u00eetre Marennes-Ol\u00e9ron Maigre Saumon Atlantique Saumon \u00e9cossais Saumon fum\u00e9 Sel de Gu\u00e9rande Truite de source Truite fum\u00e9e Turbot Recettes Crevette Coquille Saint-Jacques Hu\u00eetre Marennes-Ol\u00e9ron Maigre Saumon Atlantique Saumon Ecossais Sel de Gu\u00e9rande Truite de source Turbot Presse Contacts Accueil Aqualabel Le label rouge Produits&hellip;","og_url":"https:\/\/www.aqualabel.fr\/en\/recette-truite-de-source\/","og_site_name":"Aqualabel - Label Rouge for seafood products","article_modified_time":"2016-02-24T09:22:44+00:00","og_image":[{"url":"http:\/\/www.aqualabel.fr\/en\/wp-content\/uploads\/2016\/02\/flag_fr_14-1.png","type":"","width":"","height":""}],"twitter_card":"summary_large_image","twitter_misc":{"Estimated reading time":"2 minutes"},"schema":{"@context":"https:\/\/schema.org","@graph":[{"@type":"WebPage","@id":"https:\/\/www.aqualabel.fr\/en\/recette-truite-de-source\/","url":"https:\/\/www.aqualabel.fr\/en\/recette-truite-de-source\/","name":"Recette Truite de source - Aqualabel - Label Rouge for seafood products","isPartOf":{"@id":"https:\/\/www.aqualabel.fr\/en\/#website"},"primaryImageOfPage":{"@id":"https:\/\/www.aqualabel.fr\/en\/recette-truite-de-source\/#primaryimage"},"image":{"@id":"https:\/\/www.aqualabel.fr\/en\/recette-truite-de-source\/#primaryimage"},"thumbnailUrl":"http:\/\/www.aqualabel.fr\/en\/wp-content\/uploads\/2016\/02\/flag_fr_14-1.png","datePublished":"2016-01-17T22:44:11+00:00","dateModified":"2016-02-24T09:22:44+00:00","breadcrumb":{"@id":"https:\/\/www.aqualabel.fr\/en\/recette-truite-de-source\/#breadcrumb"},"inLanguage":"en-GB","potentialAction":[{"@type":"ReadAction","target":["https:\/\/www.aqualabel.fr\/en\/recette-truite-de-source\/"]}]},{"@type":"ImageObject","inLanguage":"en-GB","@id":"https:\/\/www.aqualabel.fr\/en\/recette-truite-de-source\/#primaryimage","url":"http:\/\/www.aqualabel.fr\/en\/wp-content\/uploads\/2016\/02\/flag_fr_14-1.png","contentUrl":"http:\/\/www.aqualabel.fr\/en\/wp-content\/uploads\/2016\/02\/flag_fr_14-1.png"},{"@type":"BreadcrumbList","@id":"https:\/\/www.aqualabel.fr\/en\/recette-truite-de-source\/#breadcrumb","itemListElement":[{"@type":"ListItem","position":1,"name":"Accueil","item":"https:\/\/www.aqualabel.fr\/en\/"},{"@type":"ListItem","position":2,"name":"Recette Truite de source"}]},{"@type":"WebSite","@id":"https:\/\/www.aqualabel.fr\/en\/#website","url":"https:\/\/www.aqualabel.fr\/en\/","name":"Aqualabel - Label Rouge for seafood products","description":"Association of Seafood and aquaculture Label Rouge","publisher":{"@id":"https:\/\/www.aqualabel.fr\/en\/#organization"},"potentialAction":[{"@type":"SearchAction","target":{"@type":"EntryPoint","urlTemplate":"https:\/\/www.aqualabel.fr\/en\/?s={search_term_string}"},"query-input":{"@type":"PropertyValueSpecification","valueRequired":true,"valueName":"search_term_string"}}],"inLanguage":"en-GB"},{"@type":"Organization","@id":"https:\/\/www.aqualabel.fr\/en\/#organization","name":"Aqualabel - Label Rouge for seafood products","url":"https:\/\/www.aqualabel.fr\/en\/","logo":{"@type":"ImageObject","inLanguage":"en-GB","@id":"https:\/\/www.aqualabel.fr\/en\/#\/schema\/logo\/image\/","url":"https:\/\/www.aqualabel.fr\/en\/wp-content\/uploads\/2015\/12\/titre_labelrouge2.png","contentUrl":"https:\/\/www.aqualabel.fr\/en\/wp-content\/uploads\/2015\/12\/titre_labelrouge2.png","width":180,"height":150,"caption":"Aqualabel - Label Rouge for seafood products"},"image":{"@id":"https:\/\/www.aqualabel.fr\/en\/#\/schema\/logo\/image\/"}}]}},"_links":{"self":[{"href":"https:\/\/www.aqualabel.fr\/en\/wp-json\/wp\/v2\/pages\/229","targetHints":{"allow":["GET"]}}],"collection":[{"href":"https:\/\/www.aqualabel.fr\/en\/wp-json\/wp\/v2\/pages"}],"about":[{"href":"https:\/\/www.aqualabel.fr\/en\/wp-json\/wp\/v2\/types\/page"}],"author":[{"embeddable":true,"href":"https:\/\/www.aqualabel.fr\/en\/wp-json\/wp\/v2\/users\/1"}],"replies":[{"embeddable":true,"href":"https:\/\/www.aqualabel.fr\/en\/wp-json\/wp\/v2\/comments?post=229"}],"version-history":[{"count":0,"href":"https:\/\/www.aqualabel.fr\/en\/wp-json\/wp\/v2\/pages\/229\/revisions"}],"wp:attachment":[{"href":"https:\/\/www.aqualabel.fr\/en\/wp-json\/wp\/v2\/media?parent=229"}],"curies":[{"name":"wp","href":"https:\/\/api.w.org\/{rel}","templated":true}]}}