{"id":117,"date":"2015-12-29T16:00:16","date_gmt":"2015-12-29T15:00:16","guid":{"rendered":"http:\/\/www.aqualabel.fr\/fr\/?page_id=117"},"modified":"2024-11-04T15:28:13","modified_gmt":"2024-11-04T13:28:13","slug":"crevette","status":"publish","type":"page","link":"https:\/\/www.aqualabel.fr\/fr\/produits\/crevette\/","title":{"rendered":"Crevette"},"content":{"rendered":"\n\n\t\t\t\t<img decoding=\"async\" src=\"https:\/\/www.aqualabel.fr\/fr\/wp-content\/uploads\/2015\/12\/titre_labelrouge2.png\" alt=\"titre_labelrouge2\" itemprop=\"image\" title=\"titre_labelrouge2\" onerror=\"this.style.display='none'\"  \/>\n<h1>\n\t\tCrevettes\n\t<\/h1>\n\t\t\t\t<a href=\"http:\/\/www.google.fr\" target=\"_self\" itemprop=\"url\" rel=\"noopener\">\n\t\t\t\t<img decoding=\"async\" src=\"https:\/\/www.aqualabel.fr\/fr\/wp-content\/uploads\/2015\/12\/3bdgambas-label-rouge.jpg\" alt=\"3bdgambas label rouge\" itemprop=\"image\" title=\"3bdgambas label rouge\" onerror=\"this.style.display='none'\"  \/>\n\t\t\t\t<\/a>\n\t\t\t\t<img decoding=\"async\" src=\"https:\/\/www.aqualabel.fr\/fr\/wp-content\/uploads\/2024\/11\/image003-recadree.png\" alt=\"image003 recadree\" itemprop=\"image\" title=\"image003 recadree\" onerror=\"this.style.display='none'\"  \/>\n\t\t\t\t<img decoding=\"async\" src=\"https:\/\/www.aqualabel.fr\/fr\/wp-content\/uploads\/2016\/03\/03500069bd.jpg\" alt=\"03500069bd\" itemprop=\"image\" title=\"03500069bd\" onerror=\"this.style.display='none'\"  \/>\n\t<p>Leur belle couleur rouge orang\u00e9e, leur chair ferme et croquante, leur brillance, leur saveur, en font des crevettes d&rsquo;exception ! Les crevettes Label Rouge \u00e9lev\u00e9es \u00e0 Madagascar s\u00e9duisent par la finesse et la subtilit\u00e9 de leur parfum, d\u00e9licatement iod\u00e9.<\/p>\n<p>La crevette est un des rares aliments naturellement riches en prot\u00e9ines et pauvres en graisse. Elle est\u00a0 source de vitamines, phosphore et iode. Elles contient des prot\u00e9ines d&rsquo;excellentes qualit\u00e9s nutritionnelles, ainsi que des Omega 3, indispensables \u00e0 l&rsquo;organisme.<\/p>\n<p><strong>Une saveur pr\u00e9serv\u00e9e<\/strong><br \/> La surg\u00e9lation ultra-rapide, \u00e0 Madagascar, et le process de cuisson adapt\u00e9 \u00e0 chaque calibre, en France, contribuent \u00e0 pr\u00e9server leur fra\u00eecheur, leur saveur et leur texture uniques.<br \/> Leur tra\u00e7abilit\u00e9,assur\u00e9e de l&rsquo;\u00e9levage au point de vente,en est une garantie.<\/p>\n\t<p>D\u00e9couvrez les crevettes\u00a0cuisin\u00e9es de fa\u00e7on surprenante et savoureuse.<br \/><a href=\"http:\/\/www.aqualabel.fr\/fr\/recette-crevette\/\">D\u00e9couvrez la recette<\/a><\/p>\n\t<p>La qualit\u00e9 de la crevette Label Rouge :<br \/>des fermes \u00e0 l&rsquo;\u00e9cosyst\u00e8me prot\u00e9g\u00e9<\/p>\n\t<p>Les crevettes Label Rouge grandissent \u00e0 leur aise sur des centaines d&rsquo;hectares d&rsquo;argile naturelle, dans des conditions proches de leur milieu d&rsquo;origine. Le mod\u00e8le l&rsquo;\u00e9levage bas\u00e9 sur de faibles densit\u00e9s (5 \u00e0 10 fois plus faibles qu&rsquo;en \u00e9levage intensif) associ\u00e9es \u00e0 une gestion ma\u00eetris\u00e9e des conditions environnementales, permet de garantir le bien-\u00eatre animal, leur saveur et leur croquant, uniques.<\/p>\n<p><strong>Une alimentation de qualit\u00e9.\u00a0<\/strong><br \/>L&rsquo;essentiel de la nourriture des crevettes Label Rouge provient de la production naturelle des bassins, compl\u00e9t\u00e9e par l&rsquo;apport de nutriments d&rsquo;origine v\u00e9g\u00e9tale et marine, garantis sans OGM (&lt; 0,9%), sans farine animale terrestre et sans antibiotiques. Cette alimentation garantie aux crevettes Label Rouge une constance de go\u00fbt et de saveur.<\/p>\n<p><strong>Une crevette respectueuse des hommes et de l&rsquo;environnement<\/strong><br \/>Le producteur Unima est engag\u00e9 dans la certification ASC, aux c\u00f4t\u00e9s du WWF, afin de promouvoir les meilleures pratiques d&rsquo;aquaculture responsable.<br \/>Ses actions en faveur de la pr\u00e9servation de l&rsquo;environnement et du bien -\u00eatre des populations locales s&rsquo;inscrivent dans des partenariats forts et non financiers avec diff\u00e9rentes ONG.<\/p>\n<p><strong>Au-del\u00e0 du discours, des actes<\/strong><br \/>Conscient des enjeux, le producteur Unima s&rsquo;engage depuis toujours pour le d\u00e9veloppement durable. Quelques exemples :<br \/>2.8% du CA annuel \u00e0 Madagascar est d\u00e9di\u00e9 au D\u00e9veloppement durable, 1382 000 arbres plant\u00e9s, 782 hectares rebois\u00e9s, 100% de la mangrove d&rsquo;origine pr\u00e9serv\u00e9e et renforc\u00e9e, un bilan carbone compens\u00e9 \u00e0 78% &#8230;<br \/>10 000 enfants scolaris\u00e9s, 10 naissances par mois dans les dispensaires construit par Unima, 5000 personnes ayant acc\u00e8s \u00e0 l&rsquo;eau potable, 500 familles ayant acc\u00e8s \u00e0 l&rsquo;\u00e9lectricit\u00e9&#8230;<\/p>\n\t\t\t\t<img decoding=\"async\" src=\"https:\/\/www.aqualabel.fr\/fr\/wp-content\/uploads\/2015\/12\/blanc_crevettes2.jpg\" alt=\"crevettes\" itemprop=\"image\" title=\"crevettes\" onerror=\"this.style.display='none'\"  \/>\n\t\t\t\t<img decoding=\"async\" src=\"https:\/\/www.aqualabel.fr\/fr\/wp-content\/uploads\/2015\/12\/guillemets.png\" alt=\"guillemets\" itemprop=\"image\" title=\"guillemets\" onerror=\"this.style.display='none'\"  \/>\n\t<p>La crevette Label Rouge est n\u00e9e au sein d&rsquo;un groupe int\u00e9gr\u00e9 pratiquant une aquaculture douce \u00e0 Madagascar.<\/p>\n<p>C&rsquo;est gr\u00e2ce \u00e0 une ma\u00eetrise de la production, depuis la s\u00e9lection des g\u00e9niteurs et jusqu&rsquo;\u00e0 la cuisson en France, que nous garantissons s\u00e9curit\u00e9 sanitaire et tra\u00e7abilit\u00e9 totale de nos produits. L&rsquo;obtention de cette certification Label Rouge r\u00e9compense tous les efforts de qualit\u00e9 que nous menons au quotidien, \u00e0 chaque \u00e9tape de la production.<\/p>\n<p>Toute la cha\u00eene est impliqu\u00e9e et se sent partie prenante de l&rsquo;aventure. Nous avons m\u00eame cr\u00e9\u00e9 un laboratoire d&rsquo;analyse sensorielle pour sensibiliser les \u00e9quipes aux b\u00e9n\u00e9fices de nos pratiques sur la qualit\u00e9 gustative de nos crevettes.<\/p>\n<p>Les crevettes Label Rouge ont une texture, une jutosit\u00e9 et une constance dans la qualit\u00e9 incomparables.<\/p>\n<p>De plus, au-del\u00e0 d&rsquo;\u00eatre gages de go\u00fbt sup\u00e9rieur et de s\u00e9curit\u00e9 sanitaire, nos pratiques s&rsquo;inscrivent dans une philosophie de d\u00e9veloppement durable qui prend en compte non seulement la protection de la nature et de ses esp\u00e8ces mais aussi le devenir des populations. Notre partenariat non financier avec l&rsquo;ONG WWF Madagascar, sign\u00e9 depuis 2007 en est la preuve.<\/p>\n<p><em>Philippe BLAIS &#8211; Directeur qualit\u00e9 &#8211; UNIMA,<\/em><br \/><em> producteur de crevettes Label Rouge<\/em><\/p>\n\t\t\t\t<img decoding=\"async\" src=\"https:\/\/www.aqualabel.fr\/fr\/wp-content\/uploads\/2015\/12\/guillemets-fin.png\" alt=\"guillemets-fin\" itemprop=\"image\" title=\"guillemets-fin\" onerror=\"this.style.display='none'\"  \/>\n\t<p><strong>POUR EN SAVOIR PLUS<\/strong><\/p>\nASSOCIATION ILE ROUGE<br \/>NOSY MENA<br \/>11,rue Balzac<br \/>75008 PARIS<br \/>FRANCE\nT\u00e9l : +33 (0) 1 77 490 870\u00a0<br \/>Fax : +33 (0) 1 45 63 75 90<br \/>Email : nosymena@unima.com<br \/>Site web : <a href=\"http:\/\/www.nossibe.fr\" target=\"_blank\" rel=\"noopener\">www.nossibe.fr<\/a>\u00a0 <a href=\"http:\/\/www.unima.com\" target=\"_blank\" rel=\"noopener\">www.unima.com<\/a>\n\n","protected":false},"excerpt":{"rendered":"<p>Crevettes Leur belle couleur rouge orang\u00e9e, leur chair ferme et croquante, leur brillance, leur saveur, en font des crevettes d&rsquo;exception ! Les crevettes Label Rouge \u00e9lev\u00e9es \u00e0 Madagascar s\u00e9duisent par la finesse et la subtilit\u00e9 de leur parfum, d\u00e9licatement iod\u00e9. La crevette est un des rares aliments naturellement riches en prot\u00e9ines et pauvres en graisse.&hellip;<\/p>\n","protected":false},"author":1,"featured_media":0,"parent":75,"menu_order":0,"comment_status":"closed","ping_status":"closed","template":"","meta":{"footnotes":""},"class_list":["post-117","page","type-page","status-publish","hentry"],"yoast_head":"<!-- This site is optimized with the Yoast SEO plugin v27.4 - https:\/\/yoast.com\/product\/yoast-seo-wordpress\/ -->\n<title>Crevette - Aqualabel - Label Rouge des produits de la mer<\/title>\n<meta name=\"robots\" content=\"index, follow, max-snippet:-1, max-image-preview:large, max-video-preview:-1\" \/>\n<link rel=\"canonical\" href=\"https:\/\/www.aqualabel.fr\/fr\/produits\/crevette\/\" \/>\n<meta property=\"og:locale\" content=\"fr_FR\" \/>\n<meta property=\"og:type\" content=\"article\" \/>\n<meta property=\"og:title\" content=\"Crevette - Aqualabel - Label Rouge des produits de la mer\" \/>\n<meta property=\"og:description\" content=\"Crevettes Leur belle couleur rouge orang\u00e9e, leur chair ferme et croquante, leur brillance, leur saveur, en font des crevettes d&rsquo;exception ! Les crevettes Label Rouge \u00e9lev\u00e9es \u00e0 Madagascar s\u00e9duisent par la finesse et la subtilit\u00e9 de leur parfum, d\u00e9licatement iod\u00e9. La crevette est un des rares aliments naturellement riches en prot\u00e9ines et pauvres en graisse.&hellip;\" \/>\n<meta property=\"og:url\" content=\"https:\/\/www.aqualabel.fr\/fr\/produits\/crevette\/\" \/>\n<meta property=\"og:site_name\" content=\"Aqualabel - Label Rouge des produits de la mer\" \/>\n<meta property=\"article:modified_time\" content=\"2024-11-04T13:28:13+00:00\" \/>\n<meta property=\"og:image\" content=\"http:\/\/www.aqualabel.fr\/fr\/wp-content\/uploads\/2015\/12\/titre_labelrouge2.png\" \/>\n<meta name=\"twitter:card\" content=\"summary_large_image\" \/>\n<meta name=\"twitter:label1\" content=\"Dur\u00e9e de lecture estim\u00e9e\" \/>\n\t<meta name=\"twitter:data1\" content=\"5 minutes\" \/>\n<script type=\"application\/ld+json\" class=\"yoast-schema-graph\">{\"@context\":\"https:\\\/\\\/schema.org\",\"@graph\":[{\"@type\":\"WebPage\",\"@id\":\"https:\\\/\\\/www.aqualabel.fr\\\/fr\\\/produits\\\/crevette\\\/\",\"url\":\"https:\\\/\\\/www.aqualabel.fr\\\/fr\\\/produits\\\/crevette\\\/\",\"name\":\"Crevette - Aqualabel - Label Rouge des produits de la mer\",\"isPartOf\":{\"@id\":\"https:\\\/\\\/www.aqualabel.fr\\\/fr\\\/#website\"},\"primaryImageOfPage\":{\"@id\":\"https:\\\/\\\/www.aqualabel.fr\\\/fr\\\/produits\\\/crevette\\\/#primaryimage\"},\"image\":{\"@id\":\"https:\\\/\\\/www.aqualabel.fr\\\/fr\\\/produits\\\/crevette\\\/#primaryimage\"},\"thumbnailUrl\":\"http:\\\/\\\/www.aqualabel.fr\\\/fr\\\/wp-content\\\/uploads\\\/2015\\\/12\\\/titre_labelrouge2.png\",\"datePublished\":\"2015-12-29T15:00:16+00:00\",\"dateModified\":\"2024-11-04T13:28:13+00:00\",\"breadcrumb\":{\"@id\":\"https:\\\/\\\/www.aqualabel.fr\\\/fr\\\/produits\\\/crevette\\\/#breadcrumb\"},\"inLanguage\":\"fr-FR\",\"potentialAction\":[{\"@type\":\"ReadAction\",\"target\":[\"https:\\\/\\\/www.aqualabel.fr\\\/fr\\\/produits\\\/crevette\\\/\"]}]},{\"@type\":\"ImageObject\",\"inLanguage\":\"fr-FR\",\"@id\":\"https:\\\/\\\/www.aqualabel.fr\\\/fr\\\/produits\\\/crevette\\\/#primaryimage\",\"url\":\"http:\\\/\\\/www.aqualabel.fr\\\/fr\\\/wp-content\\\/uploads\\\/2015\\\/12\\\/titre_labelrouge2.png\",\"contentUrl\":\"http:\\\/\\\/www.aqualabel.fr\\\/fr\\\/wp-content\\\/uploads\\\/2015\\\/12\\\/titre_labelrouge2.png\"},{\"@type\":\"BreadcrumbList\",\"@id\":\"https:\\\/\\\/www.aqualabel.fr\\\/fr\\\/produits\\\/crevette\\\/#breadcrumb\",\"itemListElement\":[{\"@type\":\"ListItem\",\"position\":1,\"name\":\"Accueil\",\"item\":\"https:\\\/\\\/www.aqualabel.fr\\\/fr\\\/\"},{\"@type\":\"ListItem\",\"position\":2,\"name\":\"Produits\",\"item\":\"https:\\\/\\\/www.aqualabel.fr\\\/fr\\\/produits\\\/\"},{\"@type\":\"ListItem\",\"position\":3,\"name\":\"Crevette\"}]},{\"@type\":\"WebSite\",\"@id\":\"https:\\\/\\\/www.aqualabel.fr\\\/fr\\\/#website\",\"url\":\"https:\\\/\\\/www.aqualabel.fr\\\/fr\\\/\",\"name\":\"Aqualabel - Label Rouge des produits de la mer\",\"description\":\"Label Rouge des produits de la mer\",\"publisher\":{\"@id\":\"https:\\\/\\\/www.aqualabel.fr\\\/fr\\\/#organization\"},\"potentialAction\":[{\"@type\":\"SearchAction\",\"target\":{\"@type\":\"EntryPoint\",\"urlTemplate\":\"https:\\\/\\\/www.aqualabel.fr\\\/fr\\\/?s={search_term_string}\"},\"query-input\":{\"@type\":\"PropertyValueSpecification\",\"valueRequired\":true,\"valueName\":\"search_term_string\"}}],\"inLanguage\":\"fr-FR\"},{\"@type\":\"Organization\",\"@id\":\"https:\\\/\\\/www.aqualabel.fr\\\/fr\\\/#organization\",\"name\":\"Aqualabel - Label Rouge des produits de la mer\",\"url\":\"https:\\\/\\\/www.aqualabel.fr\\\/fr\\\/\",\"logo\":{\"@type\":\"ImageObject\",\"inLanguage\":\"fr-FR\",\"@id\":\"https:\\\/\\\/www.aqualabel.fr\\\/fr\\\/#\\\/schema\\\/logo\\\/image\\\/\",\"url\":\"https:\\\/\\\/www.aqualabel.fr\\\/fr\\\/wp-content\\\/uploads\\\/2015\\\/12\\\/titre_labelrouge2.png\",\"contentUrl\":\"https:\\\/\\\/www.aqualabel.fr\\\/fr\\\/wp-content\\\/uploads\\\/2015\\\/12\\\/titre_labelrouge2.png\",\"width\":180,\"height\":150,\"caption\":\"Aqualabel - Label Rouge des produits de la mer\"},\"image\":{\"@id\":\"https:\\\/\\\/www.aqualabel.fr\\\/fr\\\/#\\\/schema\\\/logo\\\/image\\\/\"}}]}<\/script>\n<!-- \/ Yoast SEO plugin. -->","yoast_head_json":{"title":"Crevette - Aqualabel - Label Rouge des produits de la mer","robots":{"index":"index","follow":"follow","max-snippet":"max-snippet:-1","max-image-preview":"max-image-preview:large","max-video-preview":"max-video-preview:-1"},"canonical":"https:\/\/www.aqualabel.fr\/fr\/produits\/crevette\/","og_locale":"fr_FR","og_type":"article","og_title":"Crevette - Aqualabel - Label Rouge des produits de la mer","og_description":"Crevettes Leur belle couleur rouge orang\u00e9e, leur chair ferme et croquante, leur brillance, leur saveur, en font des crevettes d&rsquo;exception ! Les crevettes Label Rouge \u00e9lev\u00e9es \u00e0 Madagascar s\u00e9duisent par la finesse et la subtilit\u00e9 de leur parfum, d\u00e9licatement iod\u00e9. La crevette est un des rares aliments naturellement riches en prot\u00e9ines et pauvres en graisse.&hellip;","og_url":"https:\/\/www.aqualabel.fr\/fr\/produits\/crevette\/","og_site_name":"Aqualabel - Label Rouge des produits de la mer","article_modified_time":"2024-11-04T13:28:13+00:00","og_image":[{"url":"http:\/\/www.aqualabel.fr\/fr\/wp-content\/uploads\/2015\/12\/titre_labelrouge2.png","type":"","width":"","height":""}],"twitter_card":"summary_large_image","twitter_misc":{"Dur\u00e9e de lecture estim\u00e9e":"5 minutes"},"schema":{"@context":"https:\/\/schema.org","@graph":[{"@type":"WebPage","@id":"https:\/\/www.aqualabel.fr\/fr\/produits\/crevette\/","url":"https:\/\/www.aqualabel.fr\/fr\/produits\/crevette\/","name":"Crevette - Aqualabel - Label Rouge des produits de la mer","isPartOf":{"@id":"https:\/\/www.aqualabel.fr\/fr\/#website"},"primaryImageOfPage":{"@id":"https:\/\/www.aqualabel.fr\/fr\/produits\/crevette\/#primaryimage"},"image":{"@id":"https:\/\/www.aqualabel.fr\/fr\/produits\/crevette\/#primaryimage"},"thumbnailUrl":"http:\/\/www.aqualabel.fr\/fr\/wp-content\/uploads\/2015\/12\/titre_labelrouge2.png","datePublished":"2015-12-29T15:00:16+00:00","dateModified":"2024-11-04T13:28:13+00:00","breadcrumb":{"@id":"https:\/\/www.aqualabel.fr\/fr\/produits\/crevette\/#breadcrumb"},"inLanguage":"fr-FR","potentialAction":[{"@type":"ReadAction","target":["https:\/\/www.aqualabel.fr\/fr\/produits\/crevette\/"]}]},{"@type":"ImageObject","inLanguage":"fr-FR","@id":"https:\/\/www.aqualabel.fr\/fr\/produits\/crevette\/#primaryimage","url":"http:\/\/www.aqualabel.fr\/fr\/wp-content\/uploads\/2015\/12\/titre_labelrouge2.png","contentUrl":"http:\/\/www.aqualabel.fr\/fr\/wp-content\/uploads\/2015\/12\/titre_labelrouge2.png"},{"@type":"BreadcrumbList","@id":"https:\/\/www.aqualabel.fr\/fr\/produits\/crevette\/#breadcrumb","itemListElement":[{"@type":"ListItem","position":1,"name":"Accueil","item":"https:\/\/www.aqualabel.fr\/fr\/"},{"@type":"ListItem","position":2,"name":"Produits","item":"https:\/\/www.aqualabel.fr\/fr\/produits\/"},{"@type":"ListItem","position":3,"name":"Crevette"}]},{"@type":"WebSite","@id":"https:\/\/www.aqualabel.fr\/fr\/#website","url":"https:\/\/www.aqualabel.fr\/fr\/","name":"Aqualabel - Label Rouge des produits de la mer","description":"Label Rouge des produits de la mer","publisher":{"@id":"https:\/\/www.aqualabel.fr\/fr\/#organization"},"potentialAction":[{"@type":"SearchAction","target":{"@type":"EntryPoint","urlTemplate":"https:\/\/www.aqualabel.fr\/fr\/?s={search_term_string}"},"query-input":{"@type":"PropertyValueSpecification","valueRequired":true,"valueName":"search_term_string"}}],"inLanguage":"fr-FR"},{"@type":"Organization","@id":"https:\/\/www.aqualabel.fr\/fr\/#organization","name":"Aqualabel - Label Rouge des produits de la mer","url":"https:\/\/www.aqualabel.fr\/fr\/","logo":{"@type":"ImageObject","inLanguage":"fr-FR","@id":"https:\/\/www.aqualabel.fr\/fr\/#\/schema\/logo\/image\/","url":"https:\/\/www.aqualabel.fr\/fr\/wp-content\/uploads\/2015\/12\/titre_labelrouge2.png","contentUrl":"https:\/\/www.aqualabel.fr\/fr\/wp-content\/uploads\/2015\/12\/titre_labelrouge2.png","width":180,"height":150,"caption":"Aqualabel - Label Rouge des produits de la mer"},"image":{"@id":"https:\/\/www.aqualabel.fr\/fr\/#\/schema\/logo\/image\/"}}]}},"_links":{"self":[{"href":"https:\/\/www.aqualabel.fr\/fr\/wp-json\/wp\/v2\/pages\/117","targetHints":{"allow":["GET"]}}],"collection":[{"href":"https:\/\/www.aqualabel.fr\/fr\/wp-json\/wp\/v2\/pages"}],"about":[{"href":"https:\/\/www.aqualabel.fr\/fr\/wp-json\/wp\/v2\/types\/page"}],"author":[{"embeddable":true,"href":"https:\/\/www.aqualabel.fr\/fr\/wp-json\/wp\/v2\/users\/1"}],"replies":[{"embeddable":true,"href":"https:\/\/www.aqualabel.fr\/fr\/wp-json\/wp\/v2\/comments?post=117"}],"version-history":[{"count":2,"href":"https:\/\/www.aqualabel.fr\/fr\/wp-json\/wp\/v2\/pages\/117\/revisions"}],"predecessor-version":[{"id":797,"href":"https:\/\/www.aqualabel.fr\/fr\/wp-json\/wp\/v2\/pages\/117\/revisions\/797"}],"up":[{"embeddable":true,"href":"https:\/\/www.aqualabel.fr\/fr\/wp-json\/wp\/v2\/pages\/75"}],"wp:attachment":[{"href":"https:\/\/www.aqualabel.fr\/fr\/wp-json\/wp\/v2\/media?parent=117"}],"curies":[{"name":"wp","href":"https:\/\/api.w.org\/{rel}","templated":true}]}}