{"id":134,"date":"2016-01-03T09:41:51","date_gmt":"2016-01-03T08:41:51","guid":{"rendered":"http:\/\/www.aqualabel.fr\/fr\/?page_id=134"},"modified":"2025-07-18T14:30:48","modified_gmt":"2025-07-18T12:30:48","slug":"saumon-ecossais","status":"publish","type":"page","link":"https:\/\/www.aqualabel.fr\/fr\/produits\/saumon-ecossais\/","title":{"rendered":"Saumon \u00e9cossais"},"content":{"rendered":"\n\n\t\t\t\t<img decoding=\"async\" src=\"https:\/\/www.aqualabel.fr\/fr\/wp-content\/uploads\/2015\/12\/titre_labelrouge2.png\" alt=\"titre_labelrouge2\" itemprop=\"image\" title=\"titre_labelrouge2\" onerror=\"this.style.display='none'\" loading='lazy' \/>\n<h1>\n\t\t\tSaumon \u00e9cossais\t<\/h1>\n\t\t\t\t<a href=\"http:\/\/www.google.fr\"  target=\"_self\" itemprop=\"url\">\n\t\t\t\t<img decoding=\"async\" src=\"https:\/\/www.aqualabel.fr\/fr\/wp-content\/uploads\/2016\/01\/saumonecossais_recette.jpg\" alt=\"saumonecossais_recette\" itemprop=\"image\" title=\"saumonecossais_recette\" onerror=\"this.style.display='none'\" loading='lazy' \/>\n\t\t\t\t<\/a>\n\t\t\t\t<img decoding=\"async\" src=\"https:\/\/www.aqualabel.fr\/fr\/wp-content\/uploads\/2016\/01\/saumonecossais_ambiance.jpg\" alt=\"saumonecossais_ambiance\" itemprop=\"image\" title=\"saumonecossais_ambiance\" onerror=\"this.style.display='none'\" loading='lazy' \/>\n\t\t\t\t<img decoding=\"async\" src=\"https:\/\/www.aqualabel.fr\/fr\/wp-content\/uploads\/2016\/01\/saumonecossais_producteur.jpg\" alt=\"saumonecossais_producteur\" itemprop=\"image\" title=\"saumonecossais_producteur\" onerror=\"this.style.display='none'\" loading='lazy' \/>\n\t<p>La qualit\u00e9 du Saumon \u00e9cossais Label Rouge n\u00b0 LA 33\/90 : un saumon bien \u00e9lev\u00e9 dans des conditions naturelles id\u00e9ales<\/p>\n\t<p>Premier poisson et premier produit non fran\u00e7ais \u00e0 obtenir le prestigieux Label Rouge en 1992.<\/p>\n<p><strong>Une philosophie de la qualit\u00e9<\/strong><br \/>Les producteurs de saumon \u00e9cossais se sont inscrits d\u00e8s le d\u00e9but dans une d\u00e9marche de qualit\u00e9 optimale. Pour le march\u00e9 fran\u00e7ais, il se sont naturellement tourn\u00e9s vers le Label Rouge.<\/p>\n<p><strong>C&rsquo;est bon pour vous<\/strong><br \/>Le saumon est l&rsquo;une des meilleures sources naturelles d&rsquo;omega 3 essentiels \u00e0 notre corps, offrant notamment un r\u00f4le protecteur sur le syst\u00e8me cardio-vasculaire.<\/p>\n<p>Afin de r\u00e9pondre aux besoins naturels du poisson et produire un saumon de qualit\u00e9 sup\u00e9rieure, le saumon Label Rouge \u00e9lev\u00e9 en Ecosse re\u00e7oit une alimentation compos\u00e9e exclusivement de produits d&rsquo;origine marine, de v\u00e9g\u00e9taux, min\u00e9raux, vitamines et carot\u00e9no\u00efdes, lui assurant une chair ferme avec un taux de lipides limit\u00e9 et contr\u00f4l\u00e9.<\/p>\n<p>Ainsi, il ne satisfait pas seulement nos papilles mais il est \u00e9galement source de bienfaits pour notre sant\u00e9.<\/p>\n\t<p>D\u00e9couvrez le Saumon \u00e9cossais marin\u00e9 aux agrumes pour sublimer un saumon d&rsquo;extr\u00eame qualit\u00e9. <a href=\"http:\/\/www.aqualabel.fr\/fr\/recette-saumon-ecossais\/\">D\u00e9couvrez la recette<\/a><\/p>\n\t<p>Les eaux froides des lochs des Highlands et des \u00eeles d&rsquo;\u00c9cosse offrent des conditions id\u00e9ales \u00e0 la croissance des saumons Label Rouge. L&rsquo;\u00e9levage d&rsquo;un Saumon \u00e9cossais Label Rouge dure en moyenne deux \u00e0 trois ans. Le poisson passera jusqu&rsquo;\u00e0 16 mois en eau douce avant d&rsquo;\u00eatre transf\u00e9r\u00e9 en mer o\u00f9 il restera pendant une p\u00e9riode comprise entre 10 et 24 mois en fonction\u00a0 de la taille du poisson lors de la r\u00e9colte.<\/p>\n<p><strong>Une garantie de fra\u00eecheur et de tra\u00e7abilit\u00e9 totale<\/strong><\/p>\n<p>Une bague fix\u00e9e \u00e0 l&rsquo;ou\u00efe de chaque saumon comporte un num\u00e9ro d&rsquo;identification individuelle ainsi qu&rsquo;une date limite de consommation de 12 jours \u00e0 partir de la date de r\u00e9colte. Ces deux \u00e9l\u00e9ments garantissent la tra\u00e7abilit\u00e9 totale ainsi que la fra\u00eecheur optimale et la qualit\u00e9 gustative du saumon.<\/p>\n<p><strong>Une origine reconnue\u00a0<\/strong><\/p>\n<p>Le saumon \u00e9cossais b\u00e9n\u00e9ficie de l&rsquo;Indication G\u00e9ographique Prot\u00e9g\u00e9e \u00ab\u00a0UK protected Geographic Origin\u00a0\u00bb octroy\u00e9e par le <a href=\"https:\/\/www.gov.uk\/government\/organisations\/department-for-environment-food-rural-affairs\" target=\"_blank\" rel=\"noopener\">Department for Environment, Food and Rural Affairs (Defra)<\/a><\/p>\n<p>C&rsquo;est un syst\u00e8me qui permet de prot\u00e9ger et de promouvoir l&rsquo;origine d&rsquo;un produit agricole ou d&rsquo;une denr\u00e9e alimentaire de qualit\u00e9.<\/p>\n<p>La d\u00e9signation g\u00e9ographique du Saumon Ecossais est d\u00e9sormais strictement limit\u00e9e \u00e0 la r\u00e9gion c\u00f4ti\u00e8re de l&rsquo;\u00c9cosse et aux Iles de l&rsquo;ouest, \u00e0 Orkney et aux \u00eeles Shetland.<\/p>\n\t\t\t\t<img decoding=\"async\" src=\"https:\/\/www.aqualabel.fr\/fr\/wp-content\/uploads\/2016\/01\/blanc_saumon-ecossais3.jpg\" alt=\"blanc_saumon-ecossais3\" itemprop=\"image\" title=\"blanc_saumon-ecossais3\" onerror=\"this.style.display='none'\" loading='lazy' \/>\n\t\t\t\t<img decoding=\"async\" src=\"https:\/\/www.aqualabel.fr\/fr\/wp-content\/uploads\/2015\/12\/guillemets.png\" alt=\"guillemets\" itemprop=\"image\" title=\"guillemets\" onerror=\"this.style.display='none'\" loading='lazy' \/>\n\t<p>Loch Leven fut une des premi\u00e8res fermes marines \u00e0 produire le Saumon \u00e9cossais Label Rouge il y a vingt ans.<\/p>\n<p>Surplomb\u00e9 par la vall\u00e9e la plus c\u00e9l\u00e8bre d&rsquo;\u00c9cosse, Glencoe, il est difficile d&rsquo;imaginer un plus bel endroit au monde pour \u00e9lever ce merveilleux poisson. Les visiteurs de la ferme marine sont inspir\u00e9s par la taille impressionnante et la splendeur des montagnes environnantes et fascin\u00e9s par l&rsquo;intrigue qui a marqu\u00e9 l&rsquo;histoire de la r\u00e9gion.\u00a0<\/p>\n<p>Les crit\u00e8res d&rsquo;exigences pour le Saumon \u00e9cossais Label Rouge sont extr\u00eamement stricts et garantissent un poisson de tr\u00e8s haute qualit\u00e9, d\u00e9licieux, sain et rempli d&rsquo;omega 3.<\/p>\n<p>La grande confiance du consommateur dans le Label Rouge est l&rsquo;un des points cl\u00e9s de notre succ\u00e8s continu, les consommateurs fran\u00e7ais comprenant clairement qu&rsquo;il s&rsquo;agit d&rsquo;un produit de qualit\u00e9 sup\u00e9rieure haut de gamme.\u00a0<\/p>\n<p><em>Ronnie Hawkins,<\/em><br \/><em>Responsable du site de Loch Leven chez Marine Harvest<\/em><\/p>\n\t\t\t\t<img decoding=\"async\" src=\"https:\/\/www.aqualabel.fr\/fr\/wp-content\/uploads\/2015\/12\/guillemets-fin.png\" alt=\"guillemets-fin\" itemprop=\"image\" title=\"guillemets-fin\" onerror=\"this.style.display='none'\" loading='lazy' \/>\n\t<p><strong>POUR EN SAVOIR PLUS<\/strong><\/p>\n<p>SERVICE DE PROMOTION DU SAUMON ECOSSAIS LABEL ROUGE<\/p>\n<a href=\"mailto:contact@saumonecossais.com\">contact@saumonecossais.com<\/a><br \/>\n<a href=\"http:\/\/www.saumonecossais.com\/\" target=\"_blank\" rel=\"noopener\">www.saumonecossais.com<\/a>\n\n","protected":false},"excerpt":{"rendered":"<p>Saumon \u00e9cossais La qualit\u00e9 du Saumon \u00e9cossais Label Rouge n\u00b0 LA 33\/90 : un saumon bien \u00e9lev\u00e9 dans des conditions naturelles id\u00e9ales Premier poisson et premier produit non fran\u00e7ais \u00e0 obtenir le prestigieux Label Rouge en 1992. Une philosophie de la qualit\u00e9Les producteurs de saumon \u00e9cossais se sont inscrits d\u00e8s le d\u00e9but dans une d\u00e9marche&hellip;<\/p>\n","protected":false},"author":1,"featured_media":0,"parent":75,"menu_order":0,"comment_status":"closed","ping_status":"closed","template":"","meta":{"footnotes":""},"class_list":["post-134","page","type-page","status-publish","hentry"],"yoast_head":"<!-- This site is optimized with the Yoast SEO plugin v27.4 - https:\/\/yoast.com\/product\/yoast-seo-wordpress\/ -->\n<title>Saumon \u00e9cossais - Aqualabel - Label Rouge des produits de la mer<\/title>\n<meta name=\"robots\" content=\"index, follow, max-snippet:-1, max-image-preview:large, max-video-preview:-1\" \/>\n<link rel=\"canonical\" href=\"https:\/\/www.aqualabel.fr\/fr\/produits\/saumon-ecossais\/\" \/>\n<meta property=\"og:locale\" content=\"fr_FR\" \/>\n<meta property=\"og:type\" content=\"article\" \/>\n<meta property=\"og:title\" content=\"Saumon \u00e9cossais - Aqualabel - Label Rouge des produits de la mer\" \/>\n<meta property=\"og:description\" content=\"Saumon \u00e9cossais La qualit\u00e9 du Saumon \u00e9cossais Label Rouge n\u00b0 LA 33\/90 : un saumon bien \u00e9lev\u00e9 dans des conditions naturelles id\u00e9ales Premier poisson et premier produit non fran\u00e7ais \u00e0 obtenir le prestigieux Label Rouge en 1992. Une philosophie de la qualit\u00e9Les producteurs de saumon \u00e9cossais se sont inscrits d\u00e8s le d\u00e9but dans une d\u00e9marche&hellip;\" \/>\n<meta property=\"og:url\" content=\"https:\/\/www.aqualabel.fr\/fr\/produits\/saumon-ecossais\/\" \/>\n<meta property=\"og:site_name\" content=\"Aqualabel - Label Rouge des produits de la mer\" \/>\n<meta property=\"article:modified_time\" content=\"2025-07-18T12:30:48+00:00\" \/>\n<meta property=\"og:image\" content=\"http:\/\/www.aqualabel.fr\/fr\/wp-content\/uploads\/2015\/12\/titre_labelrouge2.png\" \/>\n<meta name=\"twitter:card\" content=\"summary_large_image\" \/>\n<meta name=\"twitter:label1\" content=\"Dur\u00e9e de lecture estim\u00e9e\" \/>\n\t<meta name=\"twitter:data1\" content=\"5 minutes\" \/>\n<script type=\"application\/ld+json\" class=\"yoast-schema-graph\">{\"@context\":\"https:\\\/\\\/schema.org\",\"@graph\":[{\"@type\":\"WebPage\",\"@id\":\"https:\\\/\\\/www.aqualabel.fr\\\/fr\\\/produits\\\/saumon-ecossais\\\/\",\"url\":\"https:\\\/\\\/www.aqualabel.fr\\\/fr\\\/produits\\\/saumon-ecossais\\\/\",\"name\":\"Saumon \u00e9cossais - Aqualabel - Label Rouge des produits de la mer\",\"isPartOf\":{\"@id\":\"https:\\\/\\\/www.aqualabel.fr\\\/fr\\\/#website\"},\"primaryImageOfPage\":{\"@id\":\"https:\\\/\\\/www.aqualabel.fr\\\/fr\\\/produits\\\/saumon-ecossais\\\/#primaryimage\"},\"image\":{\"@id\":\"https:\\\/\\\/www.aqualabel.fr\\\/fr\\\/produits\\\/saumon-ecossais\\\/#primaryimage\"},\"thumbnailUrl\":\"http:\\\/\\\/www.aqualabel.fr\\\/fr\\\/wp-content\\\/uploads\\\/2015\\\/12\\\/titre_labelrouge2.png\",\"datePublished\":\"2016-01-03T08:41:51+00:00\",\"dateModified\":\"2025-07-18T12:30:48+00:00\",\"breadcrumb\":{\"@id\":\"https:\\\/\\\/www.aqualabel.fr\\\/fr\\\/produits\\\/saumon-ecossais\\\/#breadcrumb\"},\"inLanguage\":\"fr-FR\",\"potentialAction\":[{\"@type\":\"ReadAction\",\"target\":[\"https:\\\/\\\/www.aqualabel.fr\\\/fr\\\/produits\\\/saumon-ecossais\\\/\"]}]},{\"@type\":\"ImageObject\",\"inLanguage\":\"fr-FR\",\"@id\":\"https:\\\/\\\/www.aqualabel.fr\\\/fr\\\/produits\\\/saumon-ecossais\\\/#primaryimage\",\"url\":\"http:\\\/\\\/www.aqualabel.fr\\\/fr\\\/wp-content\\\/uploads\\\/2015\\\/12\\\/titre_labelrouge2.png\",\"contentUrl\":\"http:\\\/\\\/www.aqualabel.fr\\\/fr\\\/wp-content\\\/uploads\\\/2015\\\/12\\\/titre_labelrouge2.png\"},{\"@type\":\"BreadcrumbList\",\"@id\":\"https:\\\/\\\/www.aqualabel.fr\\\/fr\\\/produits\\\/saumon-ecossais\\\/#breadcrumb\",\"itemListElement\":[{\"@type\":\"ListItem\",\"position\":1,\"name\":\"Accueil\",\"item\":\"https:\\\/\\\/www.aqualabel.fr\\\/fr\\\/\"},{\"@type\":\"ListItem\",\"position\":2,\"name\":\"Produits\",\"item\":\"https:\\\/\\\/www.aqualabel.fr\\\/fr\\\/produits\\\/\"},{\"@type\":\"ListItem\",\"position\":3,\"name\":\"Saumon \u00e9cossais\"}]},{\"@type\":\"WebSite\",\"@id\":\"https:\\\/\\\/www.aqualabel.fr\\\/fr\\\/#website\",\"url\":\"https:\\\/\\\/www.aqualabel.fr\\\/fr\\\/\",\"name\":\"Aqualabel - Label Rouge des produits de la mer\",\"description\":\"Label Rouge des produits de la mer\",\"publisher\":{\"@id\":\"https:\\\/\\\/www.aqualabel.fr\\\/fr\\\/#organization\"},\"potentialAction\":[{\"@type\":\"SearchAction\",\"target\":{\"@type\":\"EntryPoint\",\"urlTemplate\":\"https:\\\/\\\/www.aqualabel.fr\\\/fr\\\/?s={search_term_string}\"},\"query-input\":{\"@type\":\"PropertyValueSpecification\",\"valueRequired\":true,\"valueName\":\"search_term_string\"}}],\"inLanguage\":\"fr-FR\"},{\"@type\":\"Organization\",\"@id\":\"https:\\\/\\\/www.aqualabel.fr\\\/fr\\\/#organization\",\"name\":\"Aqualabel - Label Rouge des produits de la mer\",\"url\":\"https:\\\/\\\/www.aqualabel.fr\\\/fr\\\/\",\"logo\":{\"@type\":\"ImageObject\",\"inLanguage\":\"fr-FR\",\"@id\":\"https:\\\/\\\/www.aqualabel.fr\\\/fr\\\/#\\\/schema\\\/logo\\\/image\\\/\",\"url\":\"https:\\\/\\\/www.aqualabel.fr\\\/fr\\\/wp-content\\\/uploads\\\/2015\\\/12\\\/titre_labelrouge2.png\",\"contentUrl\":\"https:\\\/\\\/www.aqualabel.fr\\\/fr\\\/wp-content\\\/uploads\\\/2015\\\/12\\\/titre_labelrouge2.png\",\"width\":180,\"height\":150,\"caption\":\"Aqualabel - Label Rouge des produits de la mer\"},\"image\":{\"@id\":\"https:\\\/\\\/www.aqualabel.fr\\\/fr\\\/#\\\/schema\\\/logo\\\/image\\\/\"}}]}<\/script>\n<!-- \/ Yoast SEO plugin. -->","yoast_head_json":{"title":"Saumon \u00e9cossais - Aqualabel - Label Rouge des produits de la mer","robots":{"index":"index","follow":"follow","max-snippet":"max-snippet:-1","max-image-preview":"max-image-preview:large","max-video-preview":"max-video-preview:-1"},"canonical":"https:\/\/www.aqualabel.fr\/fr\/produits\/saumon-ecossais\/","og_locale":"fr_FR","og_type":"article","og_title":"Saumon \u00e9cossais - Aqualabel - Label Rouge des produits de la mer","og_description":"Saumon \u00e9cossais La qualit\u00e9 du Saumon \u00e9cossais Label Rouge n\u00b0 LA 33\/90 : un saumon bien \u00e9lev\u00e9 dans des conditions naturelles id\u00e9ales Premier poisson et premier produit non fran\u00e7ais \u00e0 obtenir le prestigieux Label Rouge en 1992. Une philosophie de la qualit\u00e9Les producteurs de saumon \u00e9cossais se sont inscrits d\u00e8s le d\u00e9but dans une d\u00e9marche&hellip;","og_url":"https:\/\/www.aqualabel.fr\/fr\/produits\/saumon-ecossais\/","og_site_name":"Aqualabel - Label Rouge des produits de la mer","article_modified_time":"2025-07-18T12:30:48+00:00","og_image":[{"url":"http:\/\/www.aqualabel.fr\/fr\/wp-content\/uploads\/2015\/12\/titre_labelrouge2.png","type":"","width":"","height":""}],"twitter_card":"summary_large_image","twitter_misc":{"Dur\u00e9e de lecture estim\u00e9e":"5 minutes"},"schema":{"@context":"https:\/\/schema.org","@graph":[{"@type":"WebPage","@id":"https:\/\/www.aqualabel.fr\/fr\/produits\/saumon-ecossais\/","url":"https:\/\/www.aqualabel.fr\/fr\/produits\/saumon-ecossais\/","name":"Saumon \u00e9cossais - Aqualabel - Label Rouge des produits de la mer","isPartOf":{"@id":"https:\/\/www.aqualabel.fr\/fr\/#website"},"primaryImageOfPage":{"@id":"https:\/\/www.aqualabel.fr\/fr\/produits\/saumon-ecossais\/#primaryimage"},"image":{"@id":"https:\/\/www.aqualabel.fr\/fr\/produits\/saumon-ecossais\/#primaryimage"},"thumbnailUrl":"http:\/\/www.aqualabel.fr\/fr\/wp-content\/uploads\/2015\/12\/titre_labelrouge2.png","datePublished":"2016-01-03T08:41:51+00:00","dateModified":"2025-07-18T12:30:48+00:00","breadcrumb":{"@id":"https:\/\/www.aqualabel.fr\/fr\/produits\/saumon-ecossais\/#breadcrumb"},"inLanguage":"fr-FR","potentialAction":[{"@type":"ReadAction","target":["https:\/\/www.aqualabel.fr\/fr\/produits\/saumon-ecossais\/"]}]},{"@type":"ImageObject","inLanguage":"fr-FR","@id":"https:\/\/www.aqualabel.fr\/fr\/produits\/saumon-ecossais\/#primaryimage","url":"http:\/\/www.aqualabel.fr\/fr\/wp-content\/uploads\/2015\/12\/titre_labelrouge2.png","contentUrl":"http:\/\/www.aqualabel.fr\/fr\/wp-content\/uploads\/2015\/12\/titre_labelrouge2.png"},{"@type":"BreadcrumbList","@id":"https:\/\/www.aqualabel.fr\/fr\/produits\/saumon-ecossais\/#breadcrumb","itemListElement":[{"@type":"ListItem","position":1,"name":"Accueil","item":"https:\/\/www.aqualabel.fr\/fr\/"},{"@type":"ListItem","position":2,"name":"Produits","item":"https:\/\/www.aqualabel.fr\/fr\/produits\/"},{"@type":"ListItem","position":3,"name":"Saumon \u00e9cossais"}]},{"@type":"WebSite","@id":"https:\/\/www.aqualabel.fr\/fr\/#website","url":"https:\/\/www.aqualabel.fr\/fr\/","name":"Aqualabel - Label Rouge des produits de la mer","description":"Label Rouge des produits de la mer","publisher":{"@id":"https:\/\/www.aqualabel.fr\/fr\/#organization"},"potentialAction":[{"@type":"SearchAction","target":{"@type":"EntryPoint","urlTemplate":"https:\/\/www.aqualabel.fr\/fr\/?s={search_term_string}"},"query-input":{"@type":"PropertyValueSpecification","valueRequired":true,"valueName":"search_term_string"}}],"inLanguage":"fr-FR"},{"@type":"Organization","@id":"https:\/\/www.aqualabel.fr\/fr\/#organization","name":"Aqualabel - Label Rouge des produits de la mer","url":"https:\/\/www.aqualabel.fr\/fr\/","logo":{"@type":"ImageObject","inLanguage":"fr-FR","@id":"https:\/\/www.aqualabel.fr\/fr\/#\/schema\/logo\/image\/","url":"https:\/\/www.aqualabel.fr\/fr\/wp-content\/uploads\/2015\/12\/titre_labelrouge2.png","contentUrl":"https:\/\/www.aqualabel.fr\/fr\/wp-content\/uploads\/2015\/12\/titre_labelrouge2.png","width":180,"height":150,"caption":"Aqualabel - Label Rouge des produits de la mer"},"image":{"@id":"https:\/\/www.aqualabel.fr\/fr\/#\/schema\/logo\/image\/"}}]}},"_links":{"self":[{"href":"https:\/\/www.aqualabel.fr\/fr\/wp-json\/wp\/v2\/pages\/134","targetHints":{"allow":["GET"]}}],"collection":[{"href":"https:\/\/www.aqualabel.fr\/fr\/wp-json\/wp\/v2\/pages"}],"about":[{"href":"https:\/\/www.aqualabel.fr\/fr\/wp-json\/wp\/v2\/types\/page"}],"author":[{"embeddable":true,"href":"https:\/\/www.aqualabel.fr\/fr\/wp-json\/wp\/v2\/users\/1"}],"replies":[{"embeddable":true,"href":"https:\/\/www.aqualabel.fr\/fr\/wp-json\/wp\/v2\/comments?post=134"}],"version-history":[{"count":2,"href":"https:\/\/www.aqualabel.fr\/fr\/wp-json\/wp\/v2\/pages\/134\/revisions"}],"predecessor-version":[{"id":821,"href":"https:\/\/www.aqualabel.fr\/fr\/wp-json\/wp\/v2\/pages\/134\/revisions\/821"}],"up":[{"embeddable":true,"href":"https:\/\/www.aqualabel.fr\/fr\/wp-json\/wp\/v2\/pages\/75"}],"wp:attachment":[{"href":"https:\/\/www.aqualabel.fr\/fr\/wp-json\/wp\/v2\/media?parent=134"}],"curies":[{"name":"wp","href":"https:\/\/api.w.org\/{rel}","templated":true}]}}