{"id":140,"date":"2016-01-03T09:43:06","date_gmt":"2016-01-03T07:43:06","guid":{"rendered":"http:\/\/www.aqualabel.fr\/fr\/?page_id=140"},"modified":"2021-08-19T09:32:39","modified_gmt":"2021-08-19T07:32:39","slug":"sel-marin","status":"publish","type":"page","link":"https:\/\/www.aqualabel.fr\/fr\/produits\/sel-marin\/","title":{"rendered":"Sel marin r\u00e9colt\u00e9 manuellement"},"content":{"rendered":"\n\n\t\t\t\t<img decoding=\"async\" src=\"https:\/\/www.aqualabel.fr\/fr\/wp-content\/uploads\/2015\/12\/titre_labelrouge2.png\" alt=\"titre_labelrouge2\" itemprop=\"image\" title=\"titre_labelrouge2\" onerror=\"this.style.display='none'\"  \/>\n<h1>\n\t\tSel marin r\u00e9colt\u00e9 manuellement\n\t<\/h1>\n\t\t\t\t<a href=\"http:\/\/www.google.fr\" target=\"_self\" itemprop=\"url\" rel=\"noopener\">\n\t\t\t\t<img decoding=\"async\" src=\"https:\/\/www.aqualabel.fr\/fr\/wp-content\/uploads\/2016\/01\/sel_recette.jpg\" alt=\"sel_recette\" itemprop=\"image\" title=\"sel_recette\" onerror=\"this.style.display='none'\"  \/>\n\t\t\t\t<\/a>\n\t\t\t\t<img decoding=\"async\" src=\"https:\/\/www.aqualabel.fr\/fr\/wp-content\/uploads\/2016\/01\/sel_ambiance.jpg\" alt=\"sel_ambiance\" itemprop=\"image\" title=\"sel_ambiance\" onerror=\"this.style.display='none'\"  \/>\n\t\t\t\t<img decoding=\"async\" src=\"https:\/\/www.aqualabel.fr\/fr\/wp-content\/uploads\/2016\/01\/sel-producteur.jpg\" alt=\"sel-producteur\" itemprop=\"image\" title=\"sel-producteur\" onerror=\"this.style.display='none'\"  \/>\n\t<strong>Riche en ar\u00f4me<\/strong><br \/>\nLe sel marin r\u00e9colt\u00e9 manuellement est doux au palais et riche en ar\u00f4mes ce qui en fait le sel pr\u00e9f\u00e9r\u00e9 des cuisiniers pour parfumer les courts bouillons et eau de cuisson des l\u00e9gumes, mais aussi pour les grillades et les cuissons en cro\u00fbte de sel. Non lav\u00e9, non raffin\u00e9, sans additif, il apporte des saveurs complices \u00e0 une cuisine familiale et traditionnelle.\n<p>Le gros sel marin est naturellement gris car il cristallise au contact de l&rsquo;argile d&rsquo;o\u00f9 il tire sa richesse et en oligo-\u00e9l\u00e9ments.<\/p>\n\t\n\t\n<p>Sortez le sel du paquet, mettez-le dans une bo\u00eete \u00e0 sel sur le plan de travail (mais surtout pas dans un\u00a0 r\u00e9cipient ferm\u00e9), il restera bien sec sans jamais \u00ab\u00a0coller\u00a0\u00bb.<\/p>\n\t<p>La qualit\u00e9 premi\u00e8re du Sel marin Label Rouge : une production traditionnelle et artisanale<\/p>\n\t<p>Ces marais salants sont constitu\u00e9s d&rsquo;une succession de bassins construits par l&rsquo;homme sur des sols argileux, naturellement imperm\u00e9ables dans lesquels l&rsquo;eau de l&rsquo;oc\u00e9an Atlantique, apport\u00e9e par des canaux, circule par gravit\u00e9 \u00e0 un rythme et \u00e0 un d\u00e9bit contr\u00f4l\u00e9s par les producteurs.<\/p>\n<p>Le sel se forme gr\u00e2ce \u00e0 l&rsquo;aptitude des chlorures \u00e0 cristalliser suite \u00e0 l&rsquo;\u00e9vaporation et \u00e0 la concentration de l&rsquo;eau de mer sous l&rsquo;action du soleil et du vent. Recueilli tous les jours d&rsquo;\u00e9t\u00e9, quand la m\u00e9t\u00e9o associe soleil et vent, le sel ainsi form\u00e9, est r\u00e9colt\u00e9 manuellement par le paludier puis port\u00e9 vers le \u00ab\u00a0mulon\u00a0\u00bb, qui correspond au tas de sel stock\u00e9 sur la saline, o\u00f9 il est laiss\u00e9 \u00e0 l&rsquo;air libre pour qu&rsquo;il puisse s&rsquo;\u00e9goutter naturellement. Ce sel n&rsquo;est ni lav\u00e9, ni raffin\u00e9 et garanti sans aucun additif.<\/p>\n<p><strong>A chaque \u00e9tape depuis sa production jusqu&rsquo;\u00e0 sa mise en march\u00e9<\/strong>, tout est mis en \u0153uvre pour assurer\u00a0\u00e0 ce produit 100% naturel, un engagement de qualit\u00e9 sup\u00e9rieure gr\u00e2ce au contr\u00f4le et au respect de ses caract\u00e9ristiques sp\u00e9cifiques (ma\u00eetrise de la tra\u00e7abilit\u00e9, des conditions de stockage, tri et tamisage, contr\u00f4les et analyses physico-chimiques&#8230;)<\/p>\n<strong>Des \u00e9valuations sensorielles viennent compl\u00e9ter les mesures de suivi d\u00e9j\u00e0 mises en place et permettent de renforcer la garantie de qualit\u00e9 sup\u00e9rieure.<\/strong><br \/>\nPour affirmer et valoriser la qualit\u00e9 sup\u00e9rieure de leur produit, les paludiers ont souhait\u00e9 la mise en place d&rsquo;un Label Rouge Sel marin de l&rsquo;Atlantique. Celui-ci fut obtenu en 1991 (Homologation N\u00b0 06\/91). Ce sel Label Rouge a pour caract\u00e9ristiques communicantes d&rsquo;\u00eatre un sel marin gris, r\u00e9colt\u00e9 manuellement, sans additif et riche en magn\u00e9sium. Des caract\u00e9ristiques certifi\u00e9es (humidit\u00e9, insoluble, granulom\u00e9trie&#8230;) viennent compl\u00e9ter le descriptif du produit.\n\t\t\t\t<img decoding=\"async\" src=\"https:\/\/www.aqualabel.fr\/fr\/wp-content\/uploads\/2015\/12\/blanc_sel-guerande2.jpg\" alt=\"sel-guerande\" itemprop=\"image\" title=\"sel-guerande\" onerror=\"this.style.display='none'\"  \/>\n\t\t\t\t<img decoding=\"async\" src=\"https:\/\/www.aqualabel.fr\/fr\/wp-content\/uploads\/2015\/12\/guillemets.png\" alt=\"guillemets\" itemprop=\"image\" title=\"guillemets\" onerror=\"this.style.display='none'\"  \/>\n\t<p>Il faut des ann\u00e9es pour apprendre \u00e0 faire un sel de qualit\u00e9 Label Rouge. Rien que pour commencer \u00e0 ma\u00eetriser le geste du paludier, j&rsquo;ai mis deux ans. Et des ann\u00e9es pour devenir un vrai pro du sel !<\/p>\n<p>La production de sel s&rsquo;anticipe pendant l&rsquo;hiver et le printemps avec la pr\u00e9paration des salines. Lorsque les premiers cristaux de sel apparaissent et que ceux-ci obtiennent la classification Label Rouge, j&rsquo;\u00e9prouve une grande fiert\u00e9 ! Je crois bien que je n&rsquo;oublierais jamais ma premi\u00e8re prise de sel marin Label Rouge !<\/p>\n<p>Faire du sel r\u00e9colt\u00e9 manuellement Label Rouge implique de respecter son environnement de production, de ma\u00eetriser les niveaux d&rsquo;eaux dans la saline et d&rsquo;avoir une bonne technique lors de la r\u00e9colte du sel. C&rsquo;est ainsi l&rsquo;ensemble de notre travail qui est valoris\u00e9 par ce Label Rouge.<\/p>\n<p>Le sel marin Label Rouge a la faveur des sp\u00e9cialistes. Au go\u00fbt, il est plus doux, moins piquant et sa saveur rel\u00e8ve, sans le masquer, le go\u00fbt des aliments.<\/p>\n<em>Gr\u00e9gory Pitart,<\/em><br \/>\n<em>Producteur de sel marin de Gu\u00e9rande Label Rouge<\/em>\n\t\t\t\t<img decoding=\"async\" src=\"https:\/\/www.aqualabel.fr\/fr\/wp-content\/uploads\/2015\/12\/guillemets-fin.png\" alt=\"guillemets-fin\" itemprop=\"image\" title=\"guillemets-fin\" onerror=\"this.style.display='none'\"  \/>\n\t\n<strong>APROSELA<\/strong><br \/>\n9 rue Honor\u00e9 de Balzac<br \/>\n44 351 GUERANDE Cedex<br \/>\nFRANCE<br \/>\nEmail : <a href=\"mailto:qualite@aprosela-odg.fr\">qualite@aprosela-odg.fr<\/a>\nSites web : <a href=\"http:\/\/www.aprosela-odg.fr\" target=\"_blank\" rel=\"noopener\">www.aprosela-odg.fr<\/a><br \/>\n<a href=\"http:\/\/www.seldeguerande.fr\" target=\"_blank\" rel=\"noopener\">www.seldeguerande.fr<\/a>\n\n\n","protected":false},"excerpt":{"rendered":"<p>Sel marin r\u00e9colt\u00e9 manuellement Riche en ar\u00f4me Le sel marin r\u00e9colt\u00e9 manuellement est doux au palais et riche en ar\u00f4mes ce qui en fait le sel pr\u00e9f\u00e9r\u00e9 des cuisiniers pour parfumer les courts bouillons et eau de cuisson des l\u00e9gumes, mais aussi pour les grillades et les cuissons en cro\u00fbte de sel. Non lav\u00e9, non&hellip;<\/p>\n","protected":false},"author":1,"featured_media":0,"parent":75,"menu_order":0,"comment_status":"closed","ping_status":"closed","template":"","meta":{"footnotes":""},"class_list":["post-140","page","type-page","status-publish","hentry"],"yoast_head":"<!-- This site is optimized with the Yoast SEO plugin v27.5 - https:\/\/yoast.com\/product\/yoast-seo-wordpress\/ -->\n<title>Sel marin - Aqualabel - Label Rouge des produits de la mer<\/title>\n<meta name=\"description\" content=\"Sel marin r\u00e9colt\u00e9 manuellement. Le sel de mer est extrait d&#039;une mani\u00e8re naturelle, \u00e9cologique et durable. D\u00e9couvrez des maintenant...\" \/>\n<meta name=\"robots\" content=\"index, follow, max-snippet:-1, max-image-preview:large, max-video-preview:-1\" \/>\n<link rel=\"canonical\" href=\"https:\/\/www.aqualabel.fr\/fr\/produits\/sel-marin\/\" \/>\n<meta property=\"og:locale\" content=\"fr_FR\" \/>\n<meta property=\"og:type\" content=\"article\" \/>\n<meta property=\"og:title\" content=\"Sel marin - Aqualabel - Label Rouge des produits de la mer\" \/>\n<meta property=\"og:description\" content=\"Sel marin r\u00e9colt\u00e9 manuellement. Le sel de mer est extrait d&#039;une mani\u00e8re naturelle, \u00e9cologique et durable. D\u00e9couvrez des maintenant...\" \/>\n<meta property=\"og:url\" content=\"https:\/\/www.aqualabel.fr\/fr\/produits\/sel-marin\/\" \/>\n<meta property=\"og:site_name\" content=\"Aqualabel - Label Rouge des produits de la mer\" \/>\n<meta property=\"article:modified_time\" content=\"2021-08-19T07:32:39+00:00\" \/>\n<meta property=\"og:image\" content=\"http:\/\/www.aqualabel.fr\/fr\/wp-content\/uploads\/2015\/12\/titre_labelrouge2.png\" \/>\n<meta name=\"twitter:card\" content=\"summary_large_image\" \/>\n<meta name=\"twitter:label1\" content=\"Dur\u00e9e de lecture estim\u00e9e\" \/>\n\t<meta name=\"twitter:data1\" content=\"5 minutes\" \/>\n<script type=\"application\/ld+json\" class=\"yoast-schema-graph\">{\"@context\":\"https:\\\/\\\/schema.org\",\"@graph\":[{\"@type\":\"WebPage\",\"@id\":\"https:\\\/\\\/www.aqualabel.fr\\\/fr\\\/produits\\\/sel-marin\\\/\",\"url\":\"https:\\\/\\\/www.aqualabel.fr\\\/fr\\\/produits\\\/sel-marin\\\/\",\"name\":\"Sel marin - Aqualabel - Label Rouge des produits de la mer\",\"isPartOf\":{\"@id\":\"https:\\\/\\\/www.aqualabel.fr\\\/fr\\\/#website\"},\"primaryImageOfPage\":{\"@id\":\"https:\\\/\\\/www.aqualabel.fr\\\/fr\\\/produits\\\/sel-marin\\\/#primaryimage\"},\"image\":{\"@id\":\"https:\\\/\\\/www.aqualabel.fr\\\/fr\\\/produits\\\/sel-marin\\\/#primaryimage\"},\"thumbnailUrl\":\"http:\\\/\\\/www.aqualabel.fr\\\/fr\\\/wp-content\\\/uploads\\\/2015\\\/12\\\/titre_labelrouge2.png\",\"datePublished\":\"2016-01-03T07:43:06+00:00\",\"dateModified\":\"2021-08-19T07:32:39+00:00\",\"description\":\"Sel marin r\u00e9colt\u00e9 manuellement. Le sel de mer est extrait d'une mani\u00e8re naturelle, \u00e9cologique et durable. D\u00e9couvrez des maintenant...\",\"breadcrumb\":{\"@id\":\"https:\\\/\\\/www.aqualabel.fr\\\/fr\\\/produits\\\/sel-marin\\\/#breadcrumb\"},\"inLanguage\":\"fr-FR\",\"potentialAction\":[{\"@type\":\"ReadAction\",\"target\":[\"https:\\\/\\\/www.aqualabel.fr\\\/fr\\\/produits\\\/sel-marin\\\/\"]}]},{\"@type\":\"ImageObject\",\"inLanguage\":\"fr-FR\",\"@id\":\"https:\\\/\\\/www.aqualabel.fr\\\/fr\\\/produits\\\/sel-marin\\\/#primaryimage\",\"url\":\"http:\\\/\\\/www.aqualabel.fr\\\/fr\\\/wp-content\\\/uploads\\\/2015\\\/12\\\/titre_labelrouge2.png\",\"contentUrl\":\"http:\\\/\\\/www.aqualabel.fr\\\/fr\\\/wp-content\\\/uploads\\\/2015\\\/12\\\/titre_labelrouge2.png\"},{\"@type\":\"BreadcrumbList\",\"@id\":\"https:\\\/\\\/www.aqualabel.fr\\\/fr\\\/produits\\\/sel-marin\\\/#breadcrumb\",\"itemListElement\":[{\"@type\":\"ListItem\",\"position\":1,\"name\":\"Accueil\",\"item\":\"https:\\\/\\\/www.aqualabel.fr\\\/fr\\\/\"},{\"@type\":\"ListItem\",\"position\":2,\"name\":\"Produits\",\"item\":\"https:\\\/\\\/www.aqualabel.fr\\\/fr\\\/produits\\\/\"},{\"@type\":\"ListItem\",\"position\":3,\"name\":\"Sel marin r\u00e9colt\u00e9 manuellement\"}]},{\"@type\":\"WebSite\",\"@id\":\"https:\\\/\\\/www.aqualabel.fr\\\/fr\\\/#website\",\"url\":\"https:\\\/\\\/www.aqualabel.fr\\\/fr\\\/\",\"name\":\"Aqualabel - Label Rouge des produits de la mer\",\"description\":\"Label Rouge des produits de la mer\",\"publisher\":{\"@id\":\"https:\\\/\\\/www.aqualabel.fr\\\/fr\\\/#organization\"},\"potentialAction\":[{\"@type\":\"SearchAction\",\"target\":{\"@type\":\"EntryPoint\",\"urlTemplate\":\"https:\\\/\\\/www.aqualabel.fr\\\/fr\\\/?s={search_term_string}\"},\"query-input\":{\"@type\":\"PropertyValueSpecification\",\"valueRequired\":true,\"valueName\":\"search_term_string\"}}],\"inLanguage\":\"fr-FR\"},{\"@type\":\"Organization\",\"@id\":\"https:\\\/\\\/www.aqualabel.fr\\\/fr\\\/#organization\",\"name\":\"Aqualabel - Label Rouge des produits de la mer\",\"url\":\"https:\\\/\\\/www.aqualabel.fr\\\/fr\\\/\",\"logo\":{\"@type\":\"ImageObject\",\"inLanguage\":\"fr-FR\",\"@id\":\"https:\\\/\\\/www.aqualabel.fr\\\/fr\\\/#\\\/schema\\\/logo\\\/image\\\/\",\"url\":\"https:\\\/\\\/www.aqualabel.fr\\\/fr\\\/wp-content\\\/uploads\\\/2015\\\/12\\\/titre_labelrouge2.png\",\"contentUrl\":\"https:\\\/\\\/www.aqualabel.fr\\\/fr\\\/wp-content\\\/uploads\\\/2015\\\/12\\\/titre_labelrouge2.png\",\"width\":180,\"height\":150,\"caption\":\"Aqualabel - Label Rouge des produits de la mer\"},\"image\":{\"@id\":\"https:\\\/\\\/www.aqualabel.fr\\\/fr\\\/#\\\/schema\\\/logo\\\/image\\\/\"}}]}<\/script>\n<!-- \/ Yoast SEO plugin. -->","yoast_head_json":{"title":"Sel marin - Aqualabel - Label Rouge des produits de la mer","description":"Sel marin r\u00e9colt\u00e9 manuellement. Le sel de mer est extrait d'une mani\u00e8re naturelle, \u00e9cologique et durable. D\u00e9couvrez des maintenant...","robots":{"index":"index","follow":"follow","max-snippet":"max-snippet:-1","max-image-preview":"max-image-preview:large","max-video-preview":"max-video-preview:-1"},"canonical":"https:\/\/www.aqualabel.fr\/fr\/produits\/sel-marin\/","og_locale":"fr_FR","og_type":"article","og_title":"Sel marin - Aqualabel - Label Rouge des produits de la mer","og_description":"Sel marin r\u00e9colt\u00e9 manuellement. Le sel de mer est extrait d'une mani\u00e8re naturelle, \u00e9cologique et durable. D\u00e9couvrez des maintenant...","og_url":"https:\/\/www.aqualabel.fr\/fr\/produits\/sel-marin\/","og_site_name":"Aqualabel - Label Rouge des produits de la mer","article_modified_time":"2021-08-19T07:32:39+00:00","og_image":[{"url":"http:\/\/www.aqualabel.fr\/fr\/wp-content\/uploads\/2015\/12\/titre_labelrouge2.png","type":"","width":"","height":""}],"twitter_card":"summary_large_image","twitter_misc":{"Dur\u00e9e de lecture estim\u00e9e":"5 minutes"},"schema":{"@context":"https:\/\/schema.org","@graph":[{"@type":"WebPage","@id":"https:\/\/www.aqualabel.fr\/fr\/produits\/sel-marin\/","url":"https:\/\/www.aqualabel.fr\/fr\/produits\/sel-marin\/","name":"Sel marin - Aqualabel - Label Rouge des produits de la mer","isPartOf":{"@id":"https:\/\/www.aqualabel.fr\/fr\/#website"},"primaryImageOfPage":{"@id":"https:\/\/www.aqualabel.fr\/fr\/produits\/sel-marin\/#primaryimage"},"image":{"@id":"https:\/\/www.aqualabel.fr\/fr\/produits\/sel-marin\/#primaryimage"},"thumbnailUrl":"http:\/\/www.aqualabel.fr\/fr\/wp-content\/uploads\/2015\/12\/titre_labelrouge2.png","datePublished":"2016-01-03T07:43:06+00:00","dateModified":"2021-08-19T07:32:39+00:00","description":"Sel marin r\u00e9colt\u00e9 manuellement. Le sel de mer est extrait d'une mani\u00e8re naturelle, \u00e9cologique et durable. D\u00e9couvrez des maintenant...","breadcrumb":{"@id":"https:\/\/www.aqualabel.fr\/fr\/produits\/sel-marin\/#breadcrumb"},"inLanguage":"fr-FR","potentialAction":[{"@type":"ReadAction","target":["https:\/\/www.aqualabel.fr\/fr\/produits\/sel-marin\/"]}]},{"@type":"ImageObject","inLanguage":"fr-FR","@id":"https:\/\/www.aqualabel.fr\/fr\/produits\/sel-marin\/#primaryimage","url":"http:\/\/www.aqualabel.fr\/fr\/wp-content\/uploads\/2015\/12\/titre_labelrouge2.png","contentUrl":"http:\/\/www.aqualabel.fr\/fr\/wp-content\/uploads\/2015\/12\/titre_labelrouge2.png"},{"@type":"BreadcrumbList","@id":"https:\/\/www.aqualabel.fr\/fr\/produits\/sel-marin\/#breadcrumb","itemListElement":[{"@type":"ListItem","position":1,"name":"Accueil","item":"https:\/\/www.aqualabel.fr\/fr\/"},{"@type":"ListItem","position":2,"name":"Produits","item":"https:\/\/www.aqualabel.fr\/fr\/produits\/"},{"@type":"ListItem","position":3,"name":"Sel marin r\u00e9colt\u00e9 manuellement"}]},{"@type":"WebSite","@id":"https:\/\/www.aqualabel.fr\/fr\/#website","url":"https:\/\/www.aqualabel.fr\/fr\/","name":"Aqualabel - Label Rouge des produits de la mer","description":"Label Rouge des produits de la mer","publisher":{"@id":"https:\/\/www.aqualabel.fr\/fr\/#organization"},"potentialAction":[{"@type":"SearchAction","target":{"@type":"EntryPoint","urlTemplate":"https:\/\/www.aqualabel.fr\/fr\/?s={search_term_string}"},"query-input":{"@type":"PropertyValueSpecification","valueRequired":true,"valueName":"search_term_string"}}],"inLanguage":"fr-FR"},{"@type":"Organization","@id":"https:\/\/www.aqualabel.fr\/fr\/#organization","name":"Aqualabel - Label Rouge des produits de la mer","url":"https:\/\/www.aqualabel.fr\/fr\/","logo":{"@type":"ImageObject","inLanguage":"fr-FR","@id":"https:\/\/www.aqualabel.fr\/fr\/#\/schema\/logo\/image\/","url":"https:\/\/www.aqualabel.fr\/fr\/wp-content\/uploads\/2015\/12\/titre_labelrouge2.png","contentUrl":"https:\/\/www.aqualabel.fr\/fr\/wp-content\/uploads\/2015\/12\/titre_labelrouge2.png","width":180,"height":150,"caption":"Aqualabel - Label Rouge des produits de la mer"},"image":{"@id":"https:\/\/www.aqualabel.fr\/fr\/#\/schema\/logo\/image\/"}}]}},"_links":{"self":[{"href":"https:\/\/www.aqualabel.fr\/fr\/wp-json\/wp\/v2\/pages\/140","targetHints":{"allow":["GET"]}}],"collection":[{"href":"https:\/\/www.aqualabel.fr\/fr\/wp-json\/wp\/v2\/pages"}],"about":[{"href":"https:\/\/www.aqualabel.fr\/fr\/wp-json\/wp\/v2\/types\/page"}],"author":[{"embeddable":true,"href":"https:\/\/www.aqualabel.fr\/fr\/wp-json\/wp\/v2\/users\/1"}],"replies":[{"embeddable":true,"href":"https:\/\/www.aqualabel.fr\/fr\/wp-json\/wp\/v2\/comments?post=140"}],"version-history":[{"count":0,"href":"https:\/\/www.aqualabel.fr\/fr\/wp-json\/wp\/v2\/pages\/140\/revisions"}],"up":[{"embeddable":true,"href":"https:\/\/www.aqualabel.fr\/fr\/wp-json\/wp\/v2\/pages\/75"}],"wp:attachment":[{"href":"https:\/\/www.aqualabel.fr\/fr\/wp-json\/wp\/v2\/media?parent=140"}],"curies":[{"name":"wp","href":"https:\/\/api.w.org\/{rel}","templated":true}]}}