{"id":187,"date":"2016-01-03T17:02:02","date_gmt":"2016-01-03T16:02:02","guid":{"rendered":"http:\/\/www.aqualabel.fr\/fr\/?page_id=187"},"modified":"2021-08-23T17:03:19","modified_gmt":"2021-08-23T15:03:19","slug":"maigre","status":"publish","type":"page","link":"https:\/\/www.aqualabel.fr\/fr\/produits\/maigre\/","title":{"rendered":"Maigre"},"content":{"rendered":"\n<img decoding=\"async\" src=\"https:\/\/www.aqualabel.fr\/fr\/wp-content\/uploads\/2015\/12\/titre_labelrouge2.png\" alt=\"titre_labelrouge2\" itemprop=\"image\" title=\"titre_labelrouge2\" onerror=\"this.style.display='none'\">\n<h1>\n\t\tMaigre\n\t<\/h1>\n\t\t\t\t<a href=\"http:\/\/www.google.fr\" target=\"_self\" itemprop=\"url\" rel=\"noopener\">\n\t\t\t\t<img decoding=\"async\" src=\"https:\/\/www.aqualabel.fr\/fr\/wp-content\/uploads\/2016\/01\/maigre_recette.jpg\" alt=\"maigre_recette\" itemprop=\"image\" title=\"maigre_recette\" onerror=\"this.style.display='none'\">\n\t\t\t\t<\/a>\n\t\t\t\t<img decoding=\"async\" src=\"https:\/\/www.aqualabel.fr\/fr\/wp-content\/uploads\/2016\/01\/maigre_ambiance.jpg\" alt=\"maigre_ambiance\" itemprop=\"image\" title=\"maigre_ambiance\" onerror=\"this.style.display='none'\">\n\t\t\t\t<img decoding=\"async\" src=\"https:\/\/www.aqualabel.fr\/fr\/wp-content\/uploads\/2016\/01\/maigre_producteur2.jpg\" alt=\"maigre_producteur2\" itemprop=\"image\" title=\"maigre_producteur2\" onerror=\"this.style.display='none'\">\n\t<p>Dans les eaux limpides de Corse, le maigre Label Rouge, aussi appel\u00e9 \u00ab\u00a0courbine\u00a0\u00bb, est \u00e9lev\u00e9 en pleine mer, sur un site class\u00e9 Natura 2000, au large des Iles Sanguinaires, \u00e0 Ajaccio.&nbsp;<\/p>\n<p>B\u00e9n\u00e9ficiant d&rsquo;une courantologie constante et d&rsquo;une qualit\u00e9 d&rsquo;eau optimale, le&nbsp;maigre Label Rouge profite d&rsquo;une croissance longue sur 3 ans, comparable \u00e0 son rythme naturel, et \u00e9volue dans des densit\u00e9s tr\u00e8s faibles.<\/p>\n<p><strong>Une qualit\u00e9 gustative sup\u00e9rieure<\/strong><br>Une chair ferme et savoureuse conf\u00e8re au maigre Label Rouge un parfum d\u00e9licieusement frais et iod\u00e9 pour un poisson riche en Om\u00e9ga 3 et en prot\u00e9ines. Tr\u00e8s peu gras, il est excellent pour la sant\u00e9.<\/p>\n<p>Des suivis sensoriels en confirment la qualit\u00e9 sup\u00e9rieure et garantissent ainsi toutes les qualit\u00e9s organoleptiques de ce poisson.<br>Pour ces raisons, le maigre Label Rouge s&rsquo;est impos\u00e9 sur de nombreuses tables \u00e9toil\u00e9es en Europe et se pr\u00eate \u00e0 de nombreuses recettes, des plus simples aux plus raffin\u00e9es.<\/p>\n\t\n\t<p>Deux qualit\u00e9s essentielles : un maigre \u00e9lev\u00e9 en pleine mer, \u00e0 faible densit\u00e9, et une croissance lente (dur\u00e9e d&rsquo;\u00e9levage de 18 mois minimum)<\/p>\n\t\n<p>P\u00each\u00e9 uniquement sur commande, il est exp\u00e9di\u00e9 d\u00e8s les premi\u00e8res heures qui suivent la p\u00eache via notre r\u00e9seau logistique en flux tendu.<br>Cette fra\u00eecheur intacte s&rsquo;associe \u00e0 une tra\u00e7abilit\u00e9 parfaite, garantie par un marquage sur chaque poisson indiquant sa date limite de consommation<\/p>\n<p><strong>Le respect de l&rsquo;environnement, associ\u00e9 \u00e0 de bonnes pratiques d&rsquo;\u00e9levage<\/strong><br>Le secret de la qualit\u00e9 incomparable du maigre Label Rouge ? Entre-autre, la qualit\u00e9 des eaux corses et une alimentation r\u00e8glement\u00e9e Label Rouge garantie 100% naturelle.<br>Aucun pesticide, OGM ni traitement n&rsquo;est utilis\u00e9 lors de sa production.<\/p>\n<p>Un suivi environnemental r\u00e9gulier tr\u00e8s strict est r\u00e9alis\u00e9 par un organisme ind\u00e9pendant, la STARESO, afin de contr\u00f4ler la qualit\u00e9 des eaux et de pr\u00e9server la biodiversit\u00e9 marine sur le site de production.<\/p>\n<p>Notre savoir-faire artisanal reste en accord avec l&rsquo;environnement et le respect des hommes. A ce titre, nos m\u00e9tiers sont avant tout humains et authentiques, car nos \u00e9quipes sont passionn\u00e9es.<\/p>\n\t\t\t\t<img decoding=\"async\" src=\"https:\/\/www.aqualabel.fr\/fr\/wp-content\/uploads\/2015\/12\/blanc_maigre2.jpg\" alt=\"maigre\" itemprop=\"image\" title=\"maigre\" onerror=\"this.style.display='none'\">\n\t\t\t\t<img decoding=\"async\" src=\"https:\/\/www.aqualabel.fr\/fr\/wp-content\/uploads\/2015\/12\/guillemets.png\" alt=\"guillemets\" itemprop=\"image\" title=\"guillemets\" onerror=\"this.style.display='none'\">\n\t<p>Depuis plus de vingt ans, notre savoir-faire a toujours \u00e9t\u00e9 centr\u00e9 sur la qualit\u00e9 et le respect de l&rsquo;environnement. En Corse, l&rsquo;implantation unique dans le Golfe d&rsquo;Ajaccio b\u00e9n\u00e9ficie d&rsquo;une courantologie excellente et la qualit\u00e9 des eaux est propice \u00e0 l&rsquo;aquaculture.<br>Notre maigre Label Rouge est reconnu dans toute l&rsquo;Europe pour son go\u00fbt unique. Sa taille, entre 2 et 7 kilos, son go\u00fbt iod\u00e9, sa couleur blanche ainsi que sa chair fondante et savoureuse en font un met distingu\u00e9.<br>Pouvoir m&rsquo;investir dans une entreprise innovante qui s&rsquo;inscrit dans une d\u00e9marche de d\u00e9veloppement durable et d\u00e9couvrir un savoir-faire minutieux correspond fortement aux valeurs qui sont les miennes.<br>Une expertise en biologie marine, un savoir-faire technique et une ma\u00eetrise parfaite de la production nous positionnent sur des march\u00e9s tr\u00e8s qualitatifs.<br>Nous travaillons beaucoup \u00e0 l&rsquo;exportation et sommes pr\u00e9sents aupr\u00e8s des grandes tables et des chefs \u00e9toil\u00e9s.<br>Nos maigres Label Rouge font l&rsquo;objet d&rsquo;une s\u00e9lection \u00e0 toutes les \u00e9tapes.<br>L&rsquo;ensemble de ces pratiques repr\u00e9sente un gage de go\u00fbt sup\u00e9rieur et de s\u00e9curit\u00e9 sanitaire pour le consommateur, et c&rsquo;est ce qui fait la r\u00e9putation de la certification Label Rouge.<\/p>\n\n\t\t\t\t<img decoding=\"async\" src=\"https:\/\/www.aqualabel.fr\/fr\/wp-content\/uploads\/2015\/12\/guillemets-fin.png\" alt=\"guillemets-fin\" itemprop=\"image\" title=\"guillemets-fin\" onerror=\"this.style.display='none'\">\n\t\n<p>Syndicat des Aquaculteurs Corses<\/p>\nBP 1 &#8211; Etang de Diana<br>\n20270 Aleria\n<p>Producteurs :<\/p>\n<p>Gloria Maris Groupe<\/p>\n<a href=\"mailto:info@gloriamaris.com?subject=Prise%20de%20contact%20depuis%20le%20site%20gloriamarisgroupe.com\">info@gloriamaris.com<\/a><br>\n <a href=\"tel:+33495214848\">+33 495 214 848<\/a>\n","protected":false},"excerpt":{"rendered":"<p>Maigre Dans les eaux limpides de Corse, le maigre Label Rouge, aussi appel\u00e9 \u00ab\u00a0courbine\u00a0\u00bb, est \u00e9lev\u00e9 en pleine mer, sur un site class\u00e9 Natura 2000, au large des Iles Sanguinaires, \u00e0 Ajaccio.&nbsp; B\u00e9n\u00e9ficiant d&rsquo;une courantologie constante et d&rsquo;une qualit\u00e9 d&rsquo;eau optimale, le&nbsp;maigre Label Rouge profite d&rsquo;une croissance longue sur 3 ans, comparable \u00e0 son rythme&hellip;<\/p>\n","protected":false},"author":1,"featured_media":0,"parent":75,"menu_order":0,"comment_status":"closed","ping_status":"closed","template":"","meta":{"footnotes":""},"class_list":["post-187","page","type-page","status-publish","hentry"],"yoast_head":"<!-- This site is optimized with the Yoast SEO plugin v27.4 - https:\/\/yoast.com\/product\/yoast-seo-wordpress\/ -->\n<title>Maigre - Aqualabel - Label Rouge des produits de la mer<\/title>\n<meta name=\"robots\" content=\"index, follow, max-snippet:-1, max-image-preview:large, max-video-preview:-1\" \/>\n<link rel=\"canonical\" href=\"https:\/\/www.aqualabel.fr\/fr\/produits\/maigre\/\" \/>\n<meta property=\"og:locale\" content=\"fr_FR\" \/>\n<meta property=\"og:type\" content=\"article\" \/>\n<meta property=\"og:title\" content=\"Maigre - Aqualabel - Label Rouge des produits de la mer\" \/>\n<meta property=\"og:description\" content=\"Maigre Dans les eaux limpides de Corse, le maigre Label Rouge, aussi appel\u00e9 \u00ab\u00a0courbine\u00a0\u00bb, est \u00e9lev\u00e9 en pleine mer, sur un site class\u00e9 Natura 2000, au large des Iles Sanguinaires, \u00e0 Ajaccio.&nbsp; B\u00e9n\u00e9ficiant d&rsquo;une courantologie constante et d&rsquo;une qualit\u00e9 d&rsquo;eau optimale, le&nbsp;maigre Label Rouge profite d&rsquo;une croissance longue sur 3 ans, comparable \u00e0 son rythme&hellip;\" \/>\n<meta property=\"og:url\" content=\"https:\/\/www.aqualabel.fr\/fr\/produits\/maigre\/\" \/>\n<meta property=\"og:site_name\" content=\"Aqualabel - Label Rouge des produits de la mer\" \/>\n<meta property=\"article:modified_time\" content=\"2021-08-23T15:03:19+00:00\" \/>\n<meta property=\"og:image\" content=\"http:\/\/www.aqualabel.fr\/fr\/wp-content\/uploads\/2015\/12\/titre_labelrouge2.png\" \/>\n<meta name=\"twitter:card\" content=\"summary_large_image\" \/>\n<meta name=\"twitter:label1\" content=\"Dur\u00e9e de lecture estim\u00e9e\" \/>\n\t<meta name=\"twitter:data1\" content=\"4 minutes\" \/>\n<script type=\"application\/ld+json\" class=\"yoast-schema-graph\">{\"@context\":\"https:\\\/\\\/schema.org\",\"@graph\":[{\"@type\":\"WebPage\",\"@id\":\"https:\\\/\\\/www.aqualabel.fr\\\/fr\\\/produits\\\/maigre\\\/\",\"url\":\"https:\\\/\\\/www.aqualabel.fr\\\/fr\\\/produits\\\/maigre\\\/\",\"name\":\"Maigre - Aqualabel - Label Rouge des produits de la mer\",\"isPartOf\":{\"@id\":\"https:\\\/\\\/www.aqualabel.fr\\\/fr\\\/#website\"},\"primaryImageOfPage\":{\"@id\":\"https:\\\/\\\/www.aqualabel.fr\\\/fr\\\/produits\\\/maigre\\\/#primaryimage\"},\"image\":{\"@id\":\"https:\\\/\\\/www.aqualabel.fr\\\/fr\\\/produits\\\/maigre\\\/#primaryimage\"},\"thumbnailUrl\":\"http:\\\/\\\/www.aqualabel.fr\\\/fr\\\/wp-content\\\/uploads\\\/2015\\\/12\\\/titre_labelrouge2.png\",\"datePublished\":\"2016-01-03T16:02:02+00:00\",\"dateModified\":\"2021-08-23T15:03:19+00:00\",\"breadcrumb\":{\"@id\":\"https:\\\/\\\/www.aqualabel.fr\\\/fr\\\/produits\\\/maigre\\\/#breadcrumb\"},\"inLanguage\":\"fr-FR\",\"potentialAction\":[{\"@type\":\"ReadAction\",\"target\":[\"https:\\\/\\\/www.aqualabel.fr\\\/fr\\\/produits\\\/maigre\\\/\"]}]},{\"@type\":\"ImageObject\",\"inLanguage\":\"fr-FR\",\"@id\":\"https:\\\/\\\/www.aqualabel.fr\\\/fr\\\/produits\\\/maigre\\\/#primaryimage\",\"url\":\"http:\\\/\\\/www.aqualabel.fr\\\/fr\\\/wp-content\\\/uploads\\\/2015\\\/12\\\/titre_labelrouge2.png\",\"contentUrl\":\"http:\\\/\\\/www.aqualabel.fr\\\/fr\\\/wp-content\\\/uploads\\\/2015\\\/12\\\/titre_labelrouge2.png\"},{\"@type\":\"BreadcrumbList\",\"@id\":\"https:\\\/\\\/www.aqualabel.fr\\\/fr\\\/produits\\\/maigre\\\/#breadcrumb\",\"itemListElement\":[{\"@type\":\"ListItem\",\"position\":1,\"name\":\"Accueil\",\"item\":\"https:\\\/\\\/www.aqualabel.fr\\\/fr\\\/\"},{\"@type\":\"ListItem\",\"position\":2,\"name\":\"Produits\",\"item\":\"https:\\\/\\\/www.aqualabel.fr\\\/fr\\\/produits\\\/\"},{\"@type\":\"ListItem\",\"position\":3,\"name\":\"Maigre\"}]},{\"@type\":\"WebSite\",\"@id\":\"https:\\\/\\\/www.aqualabel.fr\\\/fr\\\/#website\",\"url\":\"https:\\\/\\\/www.aqualabel.fr\\\/fr\\\/\",\"name\":\"Aqualabel - Label Rouge des produits de la mer\",\"description\":\"Label Rouge des produits de la mer\",\"publisher\":{\"@id\":\"https:\\\/\\\/www.aqualabel.fr\\\/fr\\\/#organization\"},\"potentialAction\":[{\"@type\":\"SearchAction\",\"target\":{\"@type\":\"EntryPoint\",\"urlTemplate\":\"https:\\\/\\\/www.aqualabel.fr\\\/fr\\\/?s={search_term_string}\"},\"query-input\":{\"@type\":\"PropertyValueSpecification\",\"valueRequired\":true,\"valueName\":\"search_term_string\"}}],\"inLanguage\":\"fr-FR\"},{\"@type\":\"Organization\",\"@id\":\"https:\\\/\\\/www.aqualabel.fr\\\/fr\\\/#organization\",\"name\":\"Aqualabel - Label Rouge des produits de la mer\",\"url\":\"https:\\\/\\\/www.aqualabel.fr\\\/fr\\\/\",\"logo\":{\"@type\":\"ImageObject\",\"inLanguage\":\"fr-FR\",\"@id\":\"https:\\\/\\\/www.aqualabel.fr\\\/fr\\\/#\\\/schema\\\/logo\\\/image\\\/\",\"url\":\"https:\\\/\\\/www.aqualabel.fr\\\/fr\\\/wp-content\\\/uploads\\\/2015\\\/12\\\/titre_labelrouge2.png\",\"contentUrl\":\"https:\\\/\\\/www.aqualabel.fr\\\/fr\\\/wp-content\\\/uploads\\\/2015\\\/12\\\/titre_labelrouge2.png\",\"width\":180,\"height\":150,\"caption\":\"Aqualabel - Label Rouge des produits de la mer\"},\"image\":{\"@id\":\"https:\\\/\\\/www.aqualabel.fr\\\/fr\\\/#\\\/schema\\\/logo\\\/image\\\/\"}}]}<\/script>\n<!-- \/ Yoast SEO plugin. -->","yoast_head_json":{"title":"Maigre - Aqualabel - Label Rouge des produits de la mer","robots":{"index":"index","follow":"follow","max-snippet":"max-snippet:-1","max-image-preview":"max-image-preview:large","max-video-preview":"max-video-preview:-1"},"canonical":"https:\/\/www.aqualabel.fr\/fr\/produits\/maigre\/","og_locale":"fr_FR","og_type":"article","og_title":"Maigre - Aqualabel - Label Rouge des produits de la mer","og_description":"Maigre Dans les eaux limpides de Corse, le maigre Label Rouge, aussi appel\u00e9 \u00ab\u00a0courbine\u00a0\u00bb, est \u00e9lev\u00e9 en pleine mer, sur un site class\u00e9 Natura 2000, au large des Iles Sanguinaires, \u00e0 Ajaccio.&nbsp; B\u00e9n\u00e9ficiant d&rsquo;une courantologie constante et d&rsquo;une qualit\u00e9 d&rsquo;eau optimale, le&nbsp;maigre Label Rouge profite d&rsquo;une croissance longue sur 3 ans, comparable \u00e0 son rythme&hellip;","og_url":"https:\/\/www.aqualabel.fr\/fr\/produits\/maigre\/","og_site_name":"Aqualabel - Label Rouge des produits de la mer","article_modified_time":"2021-08-23T15:03:19+00:00","og_image":[{"url":"http:\/\/www.aqualabel.fr\/fr\/wp-content\/uploads\/2015\/12\/titre_labelrouge2.png","type":"","width":"","height":""}],"twitter_card":"summary_large_image","twitter_misc":{"Dur\u00e9e de lecture estim\u00e9e":"4 minutes"},"schema":{"@context":"https:\/\/schema.org","@graph":[{"@type":"WebPage","@id":"https:\/\/www.aqualabel.fr\/fr\/produits\/maigre\/","url":"https:\/\/www.aqualabel.fr\/fr\/produits\/maigre\/","name":"Maigre - Aqualabel - Label Rouge des produits de la mer","isPartOf":{"@id":"https:\/\/www.aqualabel.fr\/fr\/#website"},"primaryImageOfPage":{"@id":"https:\/\/www.aqualabel.fr\/fr\/produits\/maigre\/#primaryimage"},"image":{"@id":"https:\/\/www.aqualabel.fr\/fr\/produits\/maigre\/#primaryimage"},"thumbnailUrl":"http:\/\/www.aqualabel.fr\/fr\/wp-content\/uploads\/2015\/12\/titre_labelrouge2.png","datePublished":"2016-01-03T16:02:02+00:00","dateModified":"2021-08-23T15:03:19+00:00","breadcrumb":{"@id":"https:\/\/www.aqualabel.fr\/fr\/produits\/maigre\/#breadcrumb"},"inLanguage":"fr-FR","potentialAction":[{"@type":"ReadAction","target":["https:\/\/www.aqualabel.fr\/fr\/produits\/maigre\/"]}]},{"@type":"ImageObject","inLanguage":"fr-FR","@id":"https:\/\/www.aqualabel.fr\/fr\/produits\/maigre\/#primaryimage","url":"http:\/\/www.aqualabel.fr\/fr\/wp-content\/uploads\/2015\/12\/titre_labelrouge2.png","contentUrl":"http:\/\/www.aqualabel.fr\/fr\/wp-content\/uploads\/2015\/12\/titre_labelrouge2.png"},{"@type":"BreadcrumbList","@id":"https:\/\/www.aqualabel.fr\/fr\/produits\/maigre\/#breadcrumb","itemListElement":[{"@type":"ListItem","position":1,"name":"Accueil","item":"https:\/\/www.aqualabel.fr\/fr\/"},{"@type":"ListItem","position":2,"name":"Produits","item":"https:\/\/www.aqualabel.fr\/fr\/produits\/"},{"@type":"ListItem","position":3,"name":"Maigre"}]},{"@type":"WebSite","@id":"https:\/\/www.aqualabel.fr\/fr\/#website","url":"https:\/\/www.aqualabel.fr\/fr\/","name":"Aqualabel - Label Rouge des produits de la mer","description":"Label Rouge des produits de la mer","publisher":{"@id":"https:\/\/www.aqualabel.fr\/fr\/#organization"},"potentialAction":[{"@type":"SearchAction","target":{"@type":"EntryPoint","urlTemplate":"https:\/\/www.aqualabel.fr\/fr\/?s={search_term_string}"},"query-input":{"@type":"PropertyValueSpecification","valueRequired":true,"valueName":"search_term_string"}}],"inLanguage":"fr-FR"},{"@type":"Organization","@id":"https:\/\/www.aqualabel.fr\/fr\/#organization","name":"Aqualabel - Label Rouge des produits de la mer","url":"https:\/\/www.aqualabel.fr\/fr\/","logo":{"@type":"ImageObject","inLanguage":"fr-FR","@id":"https:\/\/www.aqualabel.fr\/fr\/#\/schema\/logo\/image\/","url":"https:\/\/www.aqualabel.fr\/fr\/wp-content\/uploads\/2015\/12\/titre_labelrouge2.png","contentUrl":"https:\/\/www.aqualabel.fr\/fr\/wp-content\/uploads\/2015\/12\/titre_labelrouge2.png","width":180,"height":150,"caption":"Aqualabel - Label Rouge des produits de la mer"},"image":{"@id":"https:\/\/www.aqualabel.fr\/fr\/#\/schema\/logo\/image\/"}}]}},"_links":{"self":[{"href":"https:\/\/www.aqualabel.fr\/fr\/wp-json\/wp\/v2\/pages\/187","targetHints":{"allow":["GET"]}}],"collection":[{"href":"https:\/\/www.aqualabel.fr\/fr\/wp-json\/wp\/v2\/pages"}],"about":[{"href":"https:\/\/www.aqualabel.fr\/fr\/wp-json\/wp\/v2\/types\/page"}],"author":[{"embeddable":true,"href":"https:\/\/www.aqualabel.fr\/fr\/wp-json\/wp\/v2\/users\/1"}],"replies":[{"embeddable":true,"href":"https:\/\/www.aqualabel.fr\/fr\/wp-json\/wp\/v2\/comments?post=187"}],"version-history":[{"count":0,"href":"https:\/\/www.aqualabel.fr\/fr\/wp-json\/wp\/v2\/pages\/187\/revisions"}],"up":[{"embeddable":true,"href":"https:\/\/www.aqualabel.fr\/fr\/wp-json\/wp\/v2\/pages\/75"}],"wp:attachment":[{"href":"https:\/\/www.aqualabel.fr\/fr\/wp-json\/wp\/v2\/media?parent=187"}],"curies":[{"name":"wp","href":"https:\/\/api.w.org\/{rel}","templated":true}]}}