{"id":223,"date":"2016-01-17T23:43:37","date_gmt":"2016-01-17T22:43:37","guid":{"rendered":"http:\/\/www.aqualabel.fr\/fr\/?page_id=223"},"modified":"2019-04-24T10:22:06","modified_gmt":"2019-04-24T09:22:06","slug":"recette-crevette","status":"publish","type":"page","link":"https:\/\/www.aqualabel.fr\/fr\/recette-crevette\/","title":{"rendered":"Recette crevette"},"content":{"rendered":"\n\t\t\t\t<img decoding=\"async\" src=\"https:\/\/www.aqualabel.fr\/fr\/wp-content\/uploads\/2015\/12\/titre_labelrouge2.png\" alt=\"titre_labelrouge2\" itemprop=\"image\" title=\"titre_labelrouge2\" onerror=\"this.style.display='none'\"  \/>\n<h1>\n\t\tGambas Label Rouge flamb\u00e9es \u00e0 la Vodka\n\t<\/h1>\n\t\t\t\t<a href=\"http:\/\/www.google.fr\" target=\"_self\" itemprop=\"url\" rel=\"noopener noreferrer\">\n\t\t\t\t<img decoding=\"async\" src=\"https:\/\/www.aqualabel.fr\/fr\/wp-content\/uploads\/2016\/01\/recette-crevette-page.jpg\" alt=\"recette-crevette-page\" itemprop=\"image\" title=\"recette-crevette-page\" onerror=\"this.style.display='none'\"  \/>\n\t\t\t\t<\/a>\n\t<p>Ingr\u00e9dients pour 6\u00a0personnes<\/p>\n<p>. 24 gambas Label Rouge<br \/>. 10 cl de vodka (ou de whisky)<br \/>. 4 c. \u00e0 soupe d\u2019huile v\u00e9g\u00e9tale<br \/>. 1 briquette de cr\u00e8me<br \/>. 30 g de beurre<br \/>. Sel<br \/>. Poivre<br \/>. Quelques brins de persil<br \/>. Quelques feuilles de coriandre fra\u00eeche<\/p>\n\t<p><strong>Pr\u00e9paration<\/strong><\/p>\n<p>Faire chauffer le beurre et l\u2019huile dans une grande sauteuse, ajouter alors les gambas Label Rouge pendant 2 \u00e0 4 minutes suivant la grosseur, en remuant sans cesse.<\/p>\n<p>Verser la vodka et flamber hors du feu.<\/p>\n<p>Disposer dans un plat tenu au chaud.<\/p>\n<p>Remettre le feu sous la sauteuse, gratter les sucs de cuisson et verser la cr\u00e8me avec le persil et la coriandre cisel\u00e9s en laissant chauffer 1 ou 2 minutes.<\/p>\n<p>Napper les gambas Label Rouge et servir imm\u00e9diatement.<\/p>\n\t\t\t\t<a href=\"http:\/\/www.aqualabel.fr\/fr\/wp-content\/uploads\/2016\/01\/recette-crevette.pdf\" target=\"_blank\" rel=\"noopener noreferrer\"  itemprop=\"url\">\n\t\t\t\t<img decoding=\"async\" src=\"https:\/\/www.aqualabel.fr\/fr\/wp-content\/uploads\/2016\/01\/telechargerpdf.jpg\" alt=\"telechargerpdf\" itemprop=\"image\" title=\"telechargerpdf\" onerror=\"this.style.display='none'\"  \/>\n\t\t\t\t<\/a>\n\t<p><a href=\"http:\/\/www.aqualabel.fr\/fr\/wp-content\/uploads\/2016\/01\/recette-stjacques.pdf\" rel=\"\">T\u00e9l\u00e9chargez cette recette en PDF<\/a><\/p>\n\t\t\t\t<img decoding=\"async\" src=\"https:\/\/www.aqualabel.fr\/fr\/wp-content\/uploads\/2015\/12\/blanc_crevettes2.jpg\" alt=\"crevettes\" itemprop=\"image\" title=\"crevettes\" onerror=\"this.style.display='none'\"  \/>\n","protected":false},"excerpt":{"rendered":"<p>Gambas Label Rouge flamb\u00e9es \u00e0 la Vodka Ingr\u00e9dients pour 6\u00a0personnes . 24 gambas Label Rouge. 10 cl de vodka (ou de whisky). 4 c. \u00e0 soupe d\u2019huile v\u00e9g\u00e9tale. 1 briquette de cr\u00e8me. 30 g de beurre. Sel. Poivre. Quelques brins de persil. Quelques feuilles de coriandre fra\u00eeche Pr\u00e9paration Faire chauffer le beurre et l\u2019huile dans&hellip;<\/p>\n","protected":false},"author":1,"featured_media":0,"parent":0,"menu_order":0,"comment_status":"closed","ping_status":"closed","template":"","meta":{"footnotes":""},"class_list":["post-223","page","type-page","status-publish","hentry"],"yoast_head":"<!-- This site is optimized with the Yoast SEO plugin v27.4 - https:\/\/yoast.com\/product\/yoast-seo-wordpress\/ -->\n<title>Recette crevette - Aqualabel - Label Rouge des produits de la mer<\/title>\n<meta name=\"robots\" content=\"index, follow, max-snippet:-1, max-image-preview:large, max-video-preview:-1\" \/>\n<link rel=\"canonical\" href=\"https:\/\/www.aqualabel.fr\/fr\/recette-crevette\/\" \/>\n<meta property=\"og:locale\" content=\"fr_FR\" \/>\n<meta property=\"og:type\" content=\"article\" \/>\n<meta property=\"og:title\" content=\"Recette crevette - Aqualabel - Label Rouge des produits de la mer\" \/>\n<meta property=\"og:description\" content=\"Gambas Label Rouge flamb\u00e9es \u00e0 la Vodka Ingr\u00e9dients pour 6\u00a0personnes . 24 gambas Label Rouge. 10 cl de vodka (ou de whisky). 4 c. \u00e0 soupe d\u2019huile v\u00e9g\u00e9tale. 1 briquette de cr\u00e8me. 30 g de beurre. Sel. Poivre. Quelques brins de persil. Quelques feuilles de coriandre fra\u00eeche Pr\u00e9paration Faire chauffer le beurre et l\u2019huile dans&hellip;\" \/>\n<meta property=\"og:url\" content=\"https:\/\/www.aqualabel.fr\/fr\/recette-crevette\/\" \/>\n<meta property=\"og:site_name\" content=\"Aqualabel - Label Rouge des produits de la mer\" \/>\n<meta property=\"article:modified_time\" content=\"2019-04-24T09:22:06+00:00\" \/>\n<meta property=\"og:image\" content=\"http:\/\/www.aqualabel.fr\/fr\/wp-content\/uploads\/2015\/12\/titre_labelrouge2.png\" \/>\n<meta name=\"twitter:card\" content=\"summary_large_image\" \/>\n<meta name=\"twitter:label1\" content=\"Dur\u00e9e de lecture estim\u00e9e\" \/>\n\t<meta name=\"twitter:data1\" content=\"1 minute\" \/>\n<script type=\"application\/ld+json\" class=\"yoast-schema-graph\">{\"@context\":\"https:\\\/\\\/schema.org\",\"@graph\":[{\"@type\":\"WebPage\",\"@id\":\"https:\\\/\\\/www.aqualabel.fr\\\/fr\\\/recette-crevette\\\/\",\"url\":\"https:\\\/\\\/www.aqualabel.fr\\\/fr\\\/recette-crevette\\\/\",\"name\":\"Recette crevette - Aqualabel - Label Rouge des produits de la mer\",\"isPartOf\":{\"@id\":\"https:\\\/\\\/www.aqualabel.fr\\\/fr\\\/#website\"},\"primaryImageOfPage\":{\"@id\":\"https:\\\/\\\/www.aqualabel.fr\\\/fr\\\/recette-crevette\\\/#primaryimage\"},\"image\":{\"@id\":\"https:\\\/\\\/www.aqualabel.fr\\\/fr\\\/recette-crevette\\\/#primaryimage\"},\"thumbnailUrl\":\"http:\\\/\\\/www.aqualabel.fr\\\/fr\\\/wp-content\\\/uploads\\\/2015\\\/12\\\/titre_labelrouge2.png\",\"datePublished\":\"2016-01-17T22:43:37+00:00\",\"dateModified\":\"2019-04-24T09:22:06+00:00\",\"breadcrumb\":{\"@id\":\"https:\\\/\\\/www.aqualabel.fr\\\/fr\\\/recette-crevette\\\/#breadcrumb\"},\"inLanguage\":\"fr-FR\",\"potentialAction\":[{\"@type\":\"ReadAction\",\"target\":[\"https:\\\/\\\/www.aqualabel.fr\\\/fr\\\/recette-crevette\\\/\"]}]},{\"@type\":\"ImageObject\",\"inLanguage\":\"fr-FR\",\"@id\":\"https:\\\/\\\/www.aqualabel.fr\\\/fr\\\/recette-crevette\\\/#primaryimage\",\"url\":\"http:\\\/\\\/www.aqualabel.fr\\\/fr\\\/wp-content\\\/uploads\\\/2015\\\/12\\\/titre_labelrouge2.png\",\"contentUrl\":\"http:\\\/\\\/www.aqualabel.fr\\\/fr\\\/wp-content\\\/uploads\\\/2015\\\/12\\\/titre_labelrouge2.png\"},{\"@type\":\"BreadcrumbList\",\"@id\":\"https:\\\/\\\/www.aqualabel.fr\\\/fr\\\/recette-crevette\\\/#breadcrumb\",\"itemListElement\":[{\"@type\":\"ListItem\",\"position\":1,\"name\":\"Accueil\",\"item\":\"https:\\\/\\\/www.aqualabel.fr\\\/fr\\\/\"},{\"@type\":\"ListItem\",\"position\":2,\"name\":\"Recette crevette\"}]},{\"@type\":\"WebSite\",\"@id\":\"https:\\\/\\\/www.aqualabel.fr\\\/fr\\\/#website\",\"url\":\"https:\\\/\\\/www.aqualabel.fr\\\/fr\\\/\",\"name\":\"Aqualabel - Label Rouge des produits de la mer\",\"description\":\"Label Rouge des produits de la mer\",\"publisher\":{\"@id\":\"https:\\\/\\\/www.aqualabel.fr\\\/fr\\\/#organization\"},\"potentialAction\":[{\"@type\":\"SearchAction\",\"target\":{\"@type\":\"EntryPoint\",\"urlTemplate\":\"https:\\\/\\\/www.aqualabel.fr\\\/fr\\\/?s={search_term_string}\"},\"query-input\":{\"@type\":\"PropertyValueSpecification\",\"valueRequired\":true,\"valueName\":\"search_term_string\"}}],\"inLanguage\":\"fr-FR\"},{\"@type\":\"Organization\",\"@id\":\"https:\\\/\\\/www.aqualabel.fr\\\/fr\\\/#organization\",\"name\":\"Aqualabel - Label Rouge des produits de la mer\",\"url\":\"https:\\\/\\\/www.aqualabel.fr\\\/fr\\\/\",\"logo\":{\"@type\":\"ImageObject\",\"inLanguage\":\"fr-FR\",\"@id\":\"https:\\\/\\\/www.aqualabel.fr\\\/fr\\\/#\\\/schema\\\/logo\\\/image\\\/\",\"url\":\"https:\\\/\\\/www.aqualabel.fr\\\/fr\\\/wp-content\\\/uploads\\\/2015\\\/12\\\/titre_labelrouge2.png\",\"contentUrl\":\"https:\\\/\\\/www.aqualabel.fr\\\/fr\\\/wp-content\\\/uploads\\\/2015\\\/12\\\/titre_labelrouge2.png\",\"width\":180,\"height\":150,\"caption\":\"Aqualabel - Label Rouge des produits de la mer\"},\"image\":{\"@id\":\"https:\\\/\\\/www.aqualabel.fr\\\/fr\\\/#\\\/schema\\\/logo\\\/image\\\/\"}}]}<\/script>\n<!-- \/ Yoast SEO plugin. -->","yoast_head_json":{"title":"Recette crevette - Aqualabel - Label Rouge des produits de la mer","robots":{"index":"index","follow":"follow","max-snippet":"max-snippet:-1","max-image-preview":"max-image-preview:large","max-video-preview":"max-video-preview:-1"},"canonical":"https:\/\/www.aqualabel.fr\/fr\/recette-crevette\/","og_locale":"fr_FR","og_type":"article","og_title":"Recette crevette - Aqualabel - Label Rouge des produits de la mer","og_description":"Gambas Label Rouge flamb\u00e9es \u00e0 la Vodka Ingr\u00e9dients pour 6\u00a0personnes . 24 gambas Label Rouge. 10 cl de vodka (ou de whisky). 4 c. \u00e0 soupe d\u2019huile v\u00e9g\u00e9tale. 1 briquette de cr\u00e8me. 30 g de beurre. Sel. Poivre. Quelques brins de persil. Quelques feuilles de coriandre fra\u00eeche Pr\u00e9paration Faire chauffer le beurre et l\u2019huile dans&hellip;","og_url":"https:\/\/www.aqualabel.fr\/fr\/recette-crevette\/","og_site_name":"Aqualabel - Label Rouge des produits de la mer","article_modified_time":"2019-04-24T09:22:06+00:00","og_image":[{"url":"http:\/\/www.aqualabel.fr\/fr\/wp-content\/uploads\/2015\/12\/titre_labelrouge2.png","type":"","width":"","height":""}],"twitter_card":"summary_large_image","twitter_misc":{"Dur\u00e9e de lecture estim\u00e9e":"1 minute"},"schema":{"@context":"https:\/\/schema.org","@graph":[{"@type":"WebPage","@id":"https:\/\/www.aqualabel.fr\/fr\/recette-crevette\/","url":"https:\/\/www.aqualabel.fr\/fr\/recette-crevette\/","name":"Recette crevette - Aqualabel - Label Rouge des produits de la mer","isPartOf":{"@id":"https:\/\/www.aqualabel.fr\/fr\/#website"},"primaryImageOfPage":{"@id":"https:\/\/www.aqualabel.fr\/fr\/recette-crevette\/#primaryimage"},"image":{"@id":"https:\/\/www.aqualabel.fr\/fr\/recette-crevette\/#primaryimage"},"thumbnailUrl":"http:\/\/www.aqualabel.fr\/fr\/wp-content\/uploads\/2015\/12\/titre_labelrouge2.png","datePublished":"2016-01-17T22:43:37+00:00","dateModified":"2019-04-24T09:22:06+00:00","breadcrumb":{"@id":"https:\/\/www.aqualabel.fr\/fr\/recette-crevette\/#breadcrumb"},"inLanguage":"fr-FR","potentialAction":[{"@type":"ReadAction","target":["https:\/\/www.aqualabel.fr\/fr\/recette-crevette\/"]}]},{"@type":"ImageObject","inLanguage":"fr-FR","@id":"https:\/\/www.aqualabel.fr\/fr\/recette-crevette\/#primaryimage","url":"http:\/\/www.aqualabel.fr\/fr\/wp-content\/uploads\/2015\/12\/titre_labelrouge2.png","contentUrl":"http:\/\/www.aqualabel.fr\/fr\/wp-content\/uploads\/2015\/12\/titre_labelrouge2.png"},{"@type":"BreadcrumbList","@id":"https:\/\/www.aqualabel.fr\/fr\/recette-crevette\/#breadcrumb","itemListElement":[{"@type":"ListItem","position":1,"name":"Accueil","item":"https:\/\/www.aqualabel.fr\/fr\/"},{"@type":"ListItem","position":2,"name":"Recette crevette"}]},{"@type":"WebSite","@id":"https:\/\/www.aqualabel.fr\/fr\/#website","url":"https:\/\/www.aqualabel.fr\/fr\/","name":"Aqualabel - Label Rouge des produits de la mer","description":"Label Rouge des produits de la mer","publisher":{"@id":"https:\/\/www.aqualabel.fr\/fr\/#organization"},"potentialAction":[{"@type":"SearchAction","target":{"@type":"EntryPoint","urlTemplate":"https:\/\/www.aqualabel.fr\/fr\/?s={search_term_string}"},"query-input":{"@type":"PropertyValueSpecification","valueRequired":true,"valueName":"search_term_string"}}],"inLanguage":"fr-FR"},{"@type":"Organization","@id":"https:\/\/www.aqualabel.fr\/fr\/#organization","name":"Aqualabel - Label Rouge des produits de la mer","url":"https:\/\/www.aqualabel.fr\/fr\/","logo":{"@type":"ImageObject","inLanguage":"fr-FR","@id":"https:\/\/www.aqualabel.fr\/fr\/#\/schema\/logo\/image\/","url":"https:\/\/www.aqualabel.fr\/fr\/wp-content\/uploads\/2015\/12\/titre_labelrouge2.png","contentUrl":"https:\/\/www.aqualabel.fr\/fr\/wp-content\/uploads\/2015\/12\/titre_labelrouge2.png","width":180,"height":150,"caption":"Aqualabel - Label Rouge des produits de la mer"},"image":{"@id":"https:\/\/www.aqualabel.fr\/fr\/#\/schema\/logo\/image\/"}}]}},"_links":{"self":[{"href":"https:\/\/www.aqualabel.fr\/fr\/wp-json\/wp\/v2\/pages\/223","targetHints":{"allow":["GET"]}}],"collection":[{"href":"https:\/\/www.aqualabel.fr\/fr\/wp-json\/wp\/v2\/pages"}],"about":[{"href":"https:\/\/www.aqualabel.fr\/fr\/wp-json\/wp\/v2\/types\/page"}],"author":[{"embeddable":true,"href":"https:\/\/www.aqualabel.fr\/fr\/wp-json\/wp\/v2\/users\/1"}],"replies":[{"embeddable":true,"href":"https:\/\/www.aqualabel.fr\/fr\/wp-json\/wp\/v2\/comments?post=223"}],"version-history":[{"count":0,"href":"https:\/\/www.aqualabel.fr\/fr\/wp-json\/wp\/v2\/pages\/223\/revisions"}],"wp:attachment":[{"href":"https:\/\/www.aqualabel.fr\/fr\/wp-json\/wp\/v2\/media?parent=223"}],"curies":[{"name":"wp","href":"https:\/\/api.w.org\/{rel}","templated":true}]}}