{"id":226,"date":"2016-01-17T23:43:59","date_gmt":"2016-01-17T22:43:59","guid":{"rendered":"http:\/\/www.aqualabel.fr\/fr\/?page_id=226"},"modified":"2019-04-24T10:23:59","modified_gmt":"2019-04-24T09:23:59","slug":"recette-huitres-marennes-oleron","status":"publish","type":"page","link":"https:\/\/www.aqualabel.fr\/fr\/recette-huitres-marennes-oleron\/","title":{"rendered":"Recette Hu\u00eetres Marennes-Ol\u00e9ron"},"content":{"rendered":"\n\t\t\t\t<img decoding=\"async\" src=\"https:\/\/www.aqualabel.fr\/fr\/wp-content\/uploads\/2015\/12\/titre_labelrouge2.png\" alt=\"titre_labelrouge2\" itemprop=\"image\" title=\"titre_labelrouge2\" onerror=\"this.style.display='none'\"  \/>\n<h1>\n\t\tHu\u00eetres Marennes-Ol\u00e9ron Label Rouge poivron confit et lard\n\t<\/h1>\n\t\t\t\t<a href=\"http:\/\/www.google.fr\" target=\"_self\" itemprop=\"url\" rel=\"noopener noreferrer\">\n\t\t\t\t<img decoding=\"async\" src=\"https:\/\/www.aqualabel.fr\/fr\/wp-content\/uploads\/2016\/01\/recette-huitres-page.jpg\" alt=\"recette-huitres-page\" itemprop=\"image\" title=\"recette-huitres-page\" onerror=\"this.style.display='none'\"  \/>\n\t\t\t\t<\/a>\n\t<p>Ingr\u00e9dients pour 2\u00a0personnes<br \/><br \/>. 10 \u00e0 12 hu\u00eetres Marennes Ol\u00e9ron<br \/>Label Rouge<br \/>Pour l\u2019ap\u00e9ritif : calibre n\u00b0 4<br \/>Pour un plat : calibre n\u00b0 2 ou n\u00b0 3<br \/>. 2 poivrons rouges<br \/>. 3 tranches de poitrine fum\u00e9e<\/p>\n\t<p><strong>Pr\u00e9paration<\/strong><\/p>\n<p>Laver puis \u00e9plucher les poivrons, les \u00e9mincer et les faire revenir doucement dans une casserole avec un filet d\u2019huile d\u2019olive.<\/p>\n<p>Faire revenir \u00e0 feux doux dans une po\u00eale la poitrine fum\u00e9e.<\/p>\n<p>Juste avant de servir, sortir les tranches de poitrine fum\u00e9e et les laisser reposer sur un papier absorbant. Couper la tranche en morceaux carr\u00e9s.<\/p>\n<p>Prendre les hu\u00eetres Marennes Ol\u00e9ron Label Rouge, d\u00e9crocher juste le petit muscle et les laisser en coquille.<\/p>\n<p>Au moment de servir, vider l\u2019eau des hu\u00eetres Marennes Ol\u00e9ron Label Rouge. Ajouter le poivron confit et les carr\u00e9s de poitrine fum\u00e9e encore ti\u00e8de.<\/p>\n\t\t\t\t<a href=\"http:\/\/www.aqualabel.fr\/fr\/wp-content\/uploads\/2016\/01\/recette-huitre.pdf\" target=\"_blank\" rel=\"noopener noreferrer\"  itemprop=\"url\">\n\t\t\t\t<img decoding=\"async\" src=\"https:\/\/www.aqualabel.fr\/fr\/wp-content\/uploads\/2016\/01\/telechargerpdf.jpg\" alt=\"telechargerpdf\" itemprop=\"image\" title=\"telechargerpdf\" onerror=\"this.style.display='none'\"  \/>\n\t\t\t\t<\/a>\n\t<p><a href=\"http:\/\/www.aqualabel.fr\/fr\/wp-content\/uploads\/2016\/01\/recette-huitre.pdf\" rel=\"noopener noreferrer\" target=\"_blank\">T\u00e9l\u00e9chargez cette recette en PDF<\/a><\/p>\n\t\t\t\t<img decoding=\"async\" src=\"https:\/\/www.aqualabel.fr\/fr\/wp-content\/uploads\/2015\/12\/blanc_huitres-marennes-oleron2.jpg\" alt=\"huitres-marennes-oleron\" itemprop=\"image\" title=\"huitres-marennes-oleron\" onerror=\"this.style.display='none'\"  \/>\n","protected":false},"excerpt":{"rendered":"<p>Hu\u00eetres Marennes-Ol\u00e9ron Label Rouge poivron confit et lard Ingr\u00e9dients pour 2\u00a0personnes . 10 \u00e0 12 hu\u00eetres Marennes Ol\u00e9ronLabel RougePour l\u2019ap\u00e9ritif : calibre n\u00b0 4Pour un plat : calibre n\u00b0 2 ou n\u00b0 3. 2 poivrons rouges. 3 tranches de poitrine fum\u00e9e Pr\u00e9paration Laver puis \u00e9plucher les poivrons, les \u00e9mincer et les faire revenir doucement dans&hellip;<\/p>\n","protected":false},"author":1,"featured_media":0,"parent":0,"menu_order":0,"comment_status":"closed","ping_status":"closed","template":"","meta":{"footnotes":""},"class_list":["post-226","page","type-page","status-publish","hentry"],"yoast_head":"<!-- This site is optimized with the Yoast SEO plugin v27.5 - https:\/\/yoast.com\/product\/yoast-seo-wordpress\/ -->\n<title>Recette Hu\u00eetres Marennes-Ol\u00e9ron - Aqualabel - Label Rouge des produits de la mer<\/title>\n<meta name=\"robots\" content=\"index, follow, max-snippet:-1, max-image-preview:large, max-video-preview:-1\" \/>\n<link rel=\"canonical\" href=\"https:\/\/www.aqualabel.fr\/fr\/recette-huitres-marennes-oleron\/\" \/>\n<meta property=\"og:locale\" content=\"fr_FR\" \/>\n<meta property=\"og:type\" content=\"article\" \/>\n<meta property=\"og:title\" content=\"Recette Hu\u00eetres Marennes-Ol\u00e9ron - Aqualabel - Label Rouge des produits de la mer\" \/>\n<meta property=\"og:description\" content=\"Hu\u00eetres Marennes-Ol\u00e9ron Label Rouge poivron confit et lard Ingr\u00e9dients pour 2\u00a0personnes . 10 \u00e0 12 hu\u00eetres Marennes Ol\u00e9ronLabel RougePour l\u2019ap\u00e9ritif : calibre n\u00b0 4Pour un plat : calibre n\u00b0 2 ou n\u00b0 3. 2 poivrons rouges. 3 tranches de poitrine fum\u00e9e Pr\u00e9paration Laver puis \u00e9plucher les poivrons, les \u00e9mincer et les faire revenir doucement dans&hellip;\" \/>\n<meta property=\"og:url\" content=\"https:\/\/www.aqualabel.fr\/fr\/recette-huitres-marennes-oleron\/\" \/>\n<meta property=\"og:site_name\" content=\"Aqualabel - Label Rouge des produits de la mer\" \/>\n<meta property=\"article:modified_time\" content=\"2019-04-24T09:23:59+00:00\" \/>\n<meta property=\"og:image\" content=\"http:\/\/www.aqualabel.fr\/fr\/wp-content\/uploads\/2015\/12\/titre_labelrouge2.png\" \/>\n<meta name=\"twitter:card\" content=\"summary_large_image\" \/>\n<meta name=\"twitter:label1\" content=\"Dur\u00e9e de lecture estim\u00e9e\" \/>\n\t<meta name=\"twitter:data1\" content=\"1 minute\" \/>\n<script type=\"application\/ld+json\" class=\"yoast-schema-graph\">{\"@context\":\"https:\\\/\\\/schema.org\",\"@graph\":[{\"@type\":\"WebPage\",\"@id\":\"https:\\\/\\\/www.aqualabel.fr\\\/fr\\\/recette-huitres-marennes-oleron\\\/\",\"url\":\"https:\\\/\\\/www.aqualabel.fr\\\/fr\\\/recette-huitres-marennes-oleron\\\/\",\"name\":\"Recette Hu\u00eetres Marennes-Ol\u00e9ron - Aqualabel - Label Rouge des produits de la mer\",\"isPartOf\":{\"@id\":\"https:\\\/\\\/www.aqualabel.fr\\\/fr\\\/#website\"},\"primaryImageOfPage\":{\"@id\":\"https:\\\/\\\/www.aqualabel.fr\\\/fr\\\/recette-huitres-marennes-oleron\\\/#primaryimage\"},\"image\":{\"@id\":\"https:\\\/\\\/www.aqualabel.fr\\\/fr\\\/recette-huitres-marennes-oleron\\\/#primaryimage\"},\"thumbnailUrl\":\"http:\\\/\\\/www.aqualabel.fr\\\/fr\\\/wp-content\\\/uploads\\\/2015\\\/12\\\/titre_labelrouge2.png\",\"datePublished\":\"2016-01-17T22:43:59+00:00\",\"dateModified\":\"2019-04-24T09:23:59+00:00\",\"breadcrumb\":{\"@id\":\"https:\\\/\\\/www.aqualabel.fr\\\/fr\\\/recette-huitres-marennes-oleron\\\/#breadcrumb\"},\"inLanguage\":\"fr-FR\",\"potentialAction\":[{\"@type\":\"ReadAction\",\"target\":[\"https:\\\/\\\/www.aqualabel.fr\\\/fr\\\/recette-huitres-marennes-oleron\\\/\"]}]},{\"@type\":\"ImageObject\",\"inLanguage\":\"fr-FR\",\"@id\":\"https:\\\/\\\/www.aqualabel.fr\\\/fr\\\/recette-huitres-marennes-oleron\\\/#primaryimage\",\"url\":\"http:\\\/\\\/www.aqualabel.fr\\\/fr\\\/wp-content\\\/uploads\\\/2015\\\/12\\\/titre_labelrouge2.png\",\"contentUrl\":\"http:\\\/\\\/www.aqualabel.fr\\\/fr\\\/wp-content\\\/uploads\\\/2015\\\/12\\\/titre_labelrouge2.png\"},{\"@type\":\"BreadcrumbList\",\"@id\":\"https:\\\/\\\/www.aqualabel.fr\\\/fr\\\/recette-huitres-marennes-oleron\\\/#breadcrumb\",\"itemListElement\":[{\"@type\":\"ListItem\",\"position\":1,\"name\":\"Accueil\",\"item\":\"https:\\\/\\\/www.aqualabel.fr\\\/fr\\\/\"},{\"@type\":\"ListItem\",\"position\":2,\"name\":\"Recette Hu\u00eetres Marennes-Ol\u00e9ron\"}]},{\"@type\":\"WebSite\",\"@id\":\"https:\\\/\\\/www.aqualabel.fr\\\/fr\\\/#website\",\"url\":\"https:\\\/\\\/www.aqualabel.fr\\\/fr\\\/\",\"name\":\"Aqualabel - Label Rouge des produits de la mer\",\"description\":\"Label Rouge des produits de la mer\",\"publisher\":{\"@id\":\"https:\\\/\\\/www.aqualabel.fr\\\/fr\\\/#organization\"},\"potentialAction\":[{\"@type\":\"SearchAction\",\"target\":{\"@type\":\"EntryPoint\",\"urlTemplate\":\"https:\\\/\\\/www.aqualabel.fr\\\/fr\\\/?s={search_term_string}\"},\"query-input\":{\"@type\":\"PropertyValueSpecification\",\"valueRequired\":true,\"valueName\":\"search_term_string\"}}],\"inLanguage\":\"fr-FR\"},{\"@type\":\"Organization\",\"@id\":\"https:\\\/\\\/www.aqualabel.fr\\\/fr\\\/#organization\",\"name\":\"Aqualabel - Label Rouge des produits de la mer\",\"url\":\"https:\\\/\\\/www.aqualabel.fr\\\/fr\\\/\",\"logo\":{\"@type\":\"ImageObject\",\"inLanguage\":\"fr-FR\",\"@id\":\"https:\\\/\\\/www.aqualabel.fr\\\/fr\\\/#\\\/schema\\\/logo\\\/image\\\/\",\"url\":\"https:\\\/\\\/www.aqualabel.fr\\\/fr\\\/wp-content\\\/uploads\\\/2015\\\/12\\\/titre_labelrouge2.png\",\"contentUrl\":\"https:\\\/\\\/www.aqualabel.fr\\\/fr\\\/wp-content\\\/uploads\\\/2015\\\/12\\\/titre_labelrouge2.png\",\"width\":180,\"height\":150,\"caption\":\"Aqualabel - Label Rouge des produits de la mer\"},\"image\":{\"@id\":\"https:\\\/\\\/www.aqualabel.fr\\\/fr\\\/#\\\/schema\\\/logo\\\/image\\\/\"}}]}<\/script>\n<!-- \/ Yoast SEO plugin. -->","yoast_head_json":{"title":"Recette Hu\u00eetres Marennes-Ol\u00e9ron - Aqualabel - Label Rouge des produits de la mer","robots":{"index":"index","follow":"follow","max-snippet":"max-snippet:-1","max-image-preview":"max-image-preview:large","max-video-preview":"max-video-preview:-1"},"canonical":"https:\/\/www.aqualabel.fr\/fr\/recette-huitres-marennes-oleron\/","og_locale":"fr_FR","og_type":"article","og_title":"Recette Hu\u00eetres Marennes-Ol\u00e9ron - Aqualabel - Label Rouge des produits de la mer","og_description":"Hu\u00eetres Marennes-Ol\u00e9ron Label Rouge poivron confit et lard Ingr\u00e9dients pour 2\u00a0personnes . 10 \u00e0 12 hu\u00eetres Marennes Ol\u00e9ronLabel RougePour l\u2019ap\u00e9ritif : calibre n\u00b0 4Pour un plat : calibre n\u00b0 2 ou n\u00b0 3. 2 poivrons rouges. 3 tranches de poitrine fum\u00e9e Pr\u00e9paration Laver puis \u00e9plucher les poivrons, les \u00e9mincer et les faire revenir doucement dans&hellip;","og_url":"https:\/\/www.aqualabel.fr\/fr\/recette-huitres-marennes-oleron\/","og_site_name":"Aqualabel - Label Rouge des produits de la mer","article_modified_time":"2019-04-24T09:23:59+00:00","og_image":[{"url":"http:\/\/www.aqualabel.fr\/fr\/wp-content\/uploads\/2015\/12\/titre_labelrouge2.png","type":"","width":"","height":""}],"twitter_card":"summary_large_image","twitter_misc":{"Dur\u00e9e de lecture estim\u00e9e":"1 minute"},"schema":{"@context":"https:\/\/schema.org","@graph":[{"@type":"WebPage","@id":"https:\/\/www.aqualabel.fr\/fr\/recette-huitres-marennes-oleron\/","url":"https:\/\/www.aqualabel.fr\/fr\/recette-huitres-marennes-oleron\/","name":"Recette Hu\u00eetres Marennes-Ol\u00e9ron - Aqualabel - Label Rouge des produits de la mer","isPartOf":{"@id":"https:\/\/www.aqualabel.fr\/fr\/#website"},"primaryImageOfPage":{"@id":"https:\/\/www.aqualabel.fr\/fr\/recette-huitres-marennes-oleron\/#primaryimage"},"image":{"@id":"https:\/\/www.aqualabel.fr\/fr\/recette-huitres-marennes-oleron\/#primaryimage"},"thumbnailUrl":"http:\/\/www.aqualabel.fr\/fr\/wp-content\/uploads\/2015\/12\/titre_labelrouge2.png","datePublished":"2016-01-17T22:43:59+00:00","dateModified":"2019-04-24T09:23:59+00:00","breadcrumb":{"@id":"https:\/\/www.aqualabel.fr\/fr\/recette-huitres-marennes-oleron\/#breadcrumb"},"inLanguage":"fr-FR","potentialAction":[{"@type":"ReadAction","target":["https:\/\/www.aqualabel.fr\/fr\/recette-huitres-marennes-oleron\/"]}]},{"@type":"ImageObject","inLanguage":"fr-FR","@id":"https:\/\/www.aqualabel.fr\/fr\/recette-huitres-marennes-oleron\/#primaryimage","url":"http:\/\/www.aqualabel.fr\/fr\/wp-content\/uploads\/2015\/12\/titre_labelrouge2.png","contentUrl":"http:\/\/www.aqualabel.fr\/fr\/wp-content\/uploads\/2015\/12\/titre_labelrouge2.png"},{"@type":"BreadcrumbList","@id":"https:\/\/www.aqualabel.fr\/fr\/recette-huitres-marennes-oleron\/#breadcrumb","itemListElement":[{"@type":"ListItem","position":1,"name":"Accueil","item":"https:\/\/www.aqualabel.fr\/fr\/"},{"@type":"ListItem","position":2,"name":"Recette Hu\u00eetres Marennes-Ol\u00e9ron"}]},{"@type":"WebSite","@id":"https:\/\/www.aqualabel.fr\/fr\/#website","url":"https:\/\/www.aqualabel.fr\/fr\/","name":"Aqualabel - Label Rouge des produits de la mer","description":"Label Rouge des produits de la mer","publisher":{"@id":"https:\/\/www.aqualabel.fr\/fr\/#organization"},"potentialAction":[{"@type":"SearchAction","target":{"@type":"EntryPoint","urlTemplate":"https:\/\/www.aqualabel.fr\/fr\/?s={search_term_string}"},"query-input":{"@type":"PropertyValueSpecification","valueRequired":true,"valueName":"search_term_string"}}],"inLanguage":"fr-FR"},{"@type":"Organization","@id":"https:\/\/www.aqualabel.fr\/fr\/#organization","name":"Aqualabel - Label Rouge des produits de la mer","url":"https:\/\/www.aqualabel.fr\/fr\/","logo":{"@type":"ImageObject","inLanguage":"fr-FR","@id":"https:\/\/www.aqualabel.fr\/fr\/#\/schema\/logo\/image\/","url":"https:\/\/www.aqualabel.fr\/fr\/wp-content\/uploads\/2015\/12\/titre_labelrouge2.png","contentUrl":"https:\/\/www.aqualabel.fr\/fr\/wp-content\/uploads\/2015\/12\/titre_labelrouge2.png","width":180,"height":150,"caption":"Aqualabel - Label Rouge des produits de la mer"},"image":{"@id":"https:\/\/www.aqualabel.fr\/fr\/#\/schema\/logo\/image\/"}}]}},"_links":{"self":[{"href":"https:\/\/www.aqualabel.fr\/fr\/wp-json\/wp\/v2\/pages\/226","targetHints":{"allow":["GET"]}}],"collection":[{"href":"https:\/\/www.aqualabel.fr\/fr\/wp-json\/wp\/v2\/pages"}],"about":[{"href":"https:\/\/www.aqualabel.fr\/fr\/wp-json\/wp\/v2\/types\/page"}],"author":[{"embeddable":true,"href":"https:\/\/www.aqualabel.fr\/fr\/wp-json\/wp\/v2\/users\/1"}],"replies":[{"embeddable":true,"href":"https:\/\/www.aqualabel.fr\/fr\/wp-json\/wp\/v2\/comments?post=226"}],"version-history":[{"count":0,"href":"https:\/\/www.aqualabel.fr\/fr\/wp-json\/wp\/v2\/pages\/226\/revisions"}],"wp:attachment":[{"href":"https:\/\/www.aqualabel.fr\/fr\/wp-json\/wp\/v2\/media?parent=226"}],"curies":[{"name":"wp","href":"https:\/\/api.w.org\/{rel}","templated":true}]}}