{"id":232,"date":"2016-01-17T23:44:30","date_gmt":"2016-01-17T22:44:30","guid":{"rendered":"http:\/\/www.aqualabel.fr\/fr\/?page_id=232"},"modified":"2019-04-24T10:24:44","modified_gmt":"2019-04-24T09:24:44","slug":"recette-saumon-atlantique","status":"publish","type":"page","link":"https:\/\/www.aqualabel.fr\/fr\/recette-saumon-atlantique\/","title":{"rendered":"Recette Saumon Atlantique"},"content":{"rendered":"\n\t\t\t\t<img decoding=\"async\" src=\"https:\/\/www.aqualabel.fr\/fr\/wp-content\/uploads\/2015\/12\/titre_labelrouge2.png\" alt=\"titre_labelrouge2\" itemprop=\"image\" title=\"titre_labelrouge2\" onerror=\"this.style.display='none'\"  \/>\n<h1>\n\t\tPav\u00e9 de Saumon fum\u00e9 \u00e0 l&rsquo;unilat\u00e9ral et pur\u00e9e de pommes de terre\n\t<\/h1>\n\t\t\t\t<a href=\"http:\/\/www.google.fr\" target=\"_self\" itemprop=\"url\" rel=\"noopener noreferrer\">\n\t\t\t\t<img decoding=\"async\" src=\"https:\/\/www.aqualabel.fr\/fr\/wp-content\/uploads\/2016\/01\/recette-saumonatlantique-page.jpg\" alt=\"recette-saumonatlantique-page\" itemprop=\"image\" title=\"recette-saumonatlantique-page\" onerror=\"this.style.display='none'\"  \/>\n\t\t\t\t<\/a>\n\t<p>Ingr\u00e9dients pour 4 personnes<br \/><br \/>. 4 pav\u00e9s de saumon Label Rouge<br \/>avec la peau<br \/>. 800 g de pommes de terre<br \/>. \u00bc de l de lait<br \/>. 25 g de beurre<br \/>. Muscade fra\u00eechement r\u00e2p\u00e9e<br \/>. 1 c. \u00e0 soupe d\u2019huile d\u2019olive<br \/>. Fleur de sel<br \/>. Poivre<\/p>\n\t<p><strong>Pr\u00e9paration<\/strong><\/p>\n<p>Pr\u00e9chauffer le four \u00e0 200 \u00b0C (th. 6\/7).<br \/>Cuire les pommes de terre avec leur peau<br \/>dans de l\u2019eau sal\u00e9e. Chauffer le lait.<\/p>\n<p>Lorsque les pommes de terre sont cuites, les \u00e9plucher et les passer au moulin ou au presse<br \/>pur\u00e9e. Y ajouter le beurre, le lait, la muscade r\u00e2p\u00e9e, une pinc\u00e9e de fleur de sel et le poivre.<br \/>Bien m\u00e9langer pour que la pur\u00e9e soit cr\u00e9meuse.<br \/>Garder au chaud.<\/p>\n<p>Assaisonner les pav\u00e9s de saumon Label Rouge<br \/>des 2 c\u00f4t\u00e9s. Mettre une feuille d\u2019aluminium sur<br \/>la grille du four. Poser les pav\u00e9s de saumon Label Rouge dessus, c\u00f4t\u00e9 peau vers le haut.<\/p>\n<p>Laisser cuire 8 \u00e0 10 minutes sans les retourner.<br \/>Servir aussit\u00f4t avec la pur\u00e9e de pommes de terre.<\/p>\n\t\t\t\t<a href=\"http:\/\/www.aqualabel.fr\/fr\/wp-content\/uploads\/2016\/01\/recette-fumes.pdf\" target=\"_blank\" rel=\"noopener noreferrer\"  itemprop=\"url\">\n\t\t\t\t<img decoding=\"async\" src=\"https:\/\/www.aqualabel.fr\/fr\/wp-content\/uploads\/2016\/01\/telechargerpdf.jpg\" alt=\"telechargerpdf\" itemprop=\"image\" title=\"telechargerpdf\" onerror=\"this.style.display='none'\"  \/>\n\t\t\t\t<\/a>\n\t<p><a href=\"http:\/\/www.aqualabel.fr\/fr\/wp-content\/uploads\/2016\/01\/recette-fumes.pdf\" rel=\"noopener noreferrer\" target=\"_blank\">T\u00e9l\u00e9chargez cette recette en PDF<\/a><\/p>\n\t\t\t\t<img decoding=\"async\" src=\"https:\/\/www.aqualabel.fr\/fr\/wp-content\/uploads\/2015\/12\/blanc_saumon-atlantique2.jpg\" alt=\"saumon-atlantique\" itemprop=\"image\" title=\"saumon-atlantique\" onerror=\"this.style.display='none'\"  \/>\n","protected":false},"excerpt":{"rendered":"<p>Pav\u00e9 de Saumon fum\u00e9 \u00e0 l&rsquo;unilat\u00e9ral et pur\u00e9e de pommes de terre Ingr\u00e9dients pour 4 personnes . 4 pav\u00e9s de saumon Label Rougeavec la peau. 800 g de pommes de terre. \u00bc de l de lait. 25 g de beurre. Muscade fra\u00eechement r\u00e2p\u00e9e. 1 c. \u00e0 soupe d\u2019huile d\u2019olive. Fleur de sel. Poivre Pr\u00e9paration Pr\u00e9chauffer&hellip;<\/p>\n","protected":false},"author":1,"featured_media":0,"parent":0,"menu_order":0,"comment_status":"closed","ping_status":"closed","template":"","meta":{"footnotes":""},"class_list":["post-232","page","type-page","status-publish","hentry"],"yoast_head":"<!-- This site is optimized with the Yoast SEO plugin v27.4 - https:\/\/yoast.com\/product\/yoast-seo-wordpress\/ -->\n<title>Recette Saumon Atlantique - Aqualabel - Label Rouge des produits de la mer<\/title>\n<meta name=\"robots\" content=\"index, follow, max-snippet:-1, max-image-preview:large, max-video-preview:-1\" \/>\n<link rel=\"canonical\" href=\"https:\/\/www.aqualabel.fr\/fr\/recette-saumon-atlantique\/\" \/>\n<meta property=\"og:locale\" content=\"fr_FR\" \/>\n<meta property=\"og:type\" content=\"article\" \/>\n<meta property=\"og:title\" content=\"Recette Saumon Atlantique - Aqualabel - Label Rouge des produits de la mer\" \/>\n<meta property=\"og:description\" content=\"Pav\u00e9 de Saumon fum\u00e9 \u00e0 l&rsquo;unilat\u00e9ral et pur\u00e9e de pommes de terre Ingr\u00e9dients pour 4 personnes . 4 pav\u00e9s de saumon Label Rougeavec la peau. 800 g de pommes de terre. \u00bc de l de lait. 25 g de beurre. Muscade fra\u00eechement r\u00e2p\u00e9e. 1 c. \u00e0 soupe d\u2019huile d\u2019olive. Fleur de sel. Poivre Pr\u00e9paration Pr\u00e9chauffer&hellip;\" \/>\n<meta property=\"og:url\" content=\"https:\/\/www.aqualabel.fr\/fr\/recette-saumon-atlantique\/\" \/>\n<meta property=\"og:site_name\" content=\"Aqualabel - Label Rouge des produits de la mer\" \/>\n<meta property=\"article:modified_time\" content=\"2019-04-24T09:24:44+00:00\" \/>\n<meta property=\"og:image\" content=\"http:\/\/www.aqualabel.fr\/fr\/wp-content\/uploads\/2015\/12\/titre_labelrouge2.png\" \/>\n<meta name=\"twitter:card\" content=\"summary_large_image\" \/>\n<meta name=\"twitter:label1\" content=\"Dur\u00e9e de lecture estim\u00e9e\" \/>\n\t<meta name=\"twitter:data1\" content=\"1 minute\" \/>\n<script type=\"application\/ld+json\" class=\"yoast-schema-graph\">{\"@context\":\"https:\\\/\\\/schema.org\",\"@graph\":[{\"@type\":\"WebPage\",\"@id\":\"https:\\\/\\\/www.aqualabel.fr\\\/fr\\\/recette-saumon-atlantique\\\/\",\"url\":\"https:\\\/\\\/www.aqualabel.fr\\\/fr\\\/recette-saumon-atlantique\\\/\",\"name\":\"Recette Saumon Atlantique - Aqualabel - Label Rouge des produits de la mer\",\"isPartOf\":{\"@id\":\"https:\\\/\\\/www.aqualabel.fr\\\/fr\\\/#website\"},\"primaryImageOfPage\":{\"@id\":\"https:\\\/\\\/www.aqualabel.fr\\\/fr\\\/recette-saumon-atlantique\\\/#primaryimage\"},\"image\":{\"@id\":\"https:\\\/\\\/www.aqualabel.fr\\\/fr\\\/recette-saumon-atlantique\\\/#primaryimage\"},\"thumbnailUrl\":\"http:\\\/\\\/www.aqualabel.fr\\\/fr\\\/wp-content\\\/uploads\\\/2015\\\/12\\\/titre_labelrouge2.png\",\"datePublished\":\"2016-01-17T22:44:30+00:00\",\"dateModified\":\"2019-04-24T09:24:44+00:00\",\"breadcrumb\":{\"@id\":\"https:\\\/\\\/www.aqualabel.fr\\\/fr\\\/recette-saumon-atlantique\\\/#breadcrumb\"},\"inLanguage\":\"fr-FR\",\"potentialAction\":[{\"@type\":\"ReadAction\",\"target\":[\"https:\\\/\\\/www.aqualabel.fr\\\/fr\\\/recette-saumon-atlantique\\\/\"]}]},{\"@type\":\"ImageObject\",\"inLanguage\":\"fr-FR\",\"@id\":\"https:\\\/\\\/www.aqualabel.fr\\\/fr\\\/recette-saumon-atlantique\\\/#primaryimage\",\"url\":\"http:\\\/\\\/www.aqualabel.fr\\\/fr\\\/wp-content\\\/uploads\\\/2015\\\/12\\\/titre_labelrouge2.png\",\"contentUrl\":\"http:\\\/\\\/www.aqualabel.fr\\\/fr\\\/wp-content\\\/uploads\\\/2015\\\/12\\\/titre_labelrouge2.png\"},{\"@type\":\"BreadcrumbList\",\"@id\":\"https:\\\/\\\/www.aqualabel.fr\\\/fr\\\/recette-saumon-atlantique\\\/#breadcrumb\",\"itemListElement\":[{\"@type\":\"ListItem\",\"position\":1,\"name\":\"Accueil\",\"item\":\"https:\\\/\\\/www.aqualabel.fr\\\/fr\\\/\"},{\"@type\":\"ListItem\",\"position\":2,\"name\":\"Recette Saumon Atlantique\"}]},{\"@type\":\"WebSite\",\"@id\":\"https:\\\/\\\/www.aqualabel.fr\\\/fr\\\/#website\",\"url\":\"https:\\\/\\\/www.aqualabel.fr\\\/fr\\\/\",\"name\":\"Aqualabel - Label Rouge des produits de la mer\",\"description\":\"Label Rouge des produits de la mer\",\"publisher\":{\"@id\":\"https:\\\/\\\/www.aqualabel.fr\\\/fr\\\/#organization\"},\"potentialAction\":[{\"@type\":\"SearchAction\",\"target\":{\"@type\":\"EntryPoint\",\"urlTemplate\":\"https:\\\/\\\/www.aqualabel.fr\\\/fr\\\/?s={search_term_string}\"},\"query-input\":{\"@type\":\"PropertyValueSpecification\",\"valueRequired\":true,\"valueName\":\"search_term_string\"}}],\"inLanguage\":\"fr-FR\"},{\"@type\":\"Organization\",\"@id\":\"https:\\\/\\\/www.aqualabel.fr\\\/fr\\\/#organization\",\"name\":\"Aqualabel - Label Rouge des produits de la mer\",\"url\":\"https:\\\/\\\/www.aqualabel.fr\\\/fr\\\/\",\"logo\":{\"@type\":\"ImageObject\",\"inLanguage\":\"fr-FR\",\"@id\":\"https:\\\/\\\/www.aqualabel.fr\\\/fr\\\/#\\\/schema\\\/logo\\\/image\\\/\",\"url\":\"https:\\\/\\\/www.aqualabel.fr\\\/fr\\\/wp-content\\\/uploads\\\/2015\\\/12\\\/titre_labelrouge2.png\",\"contentUrl\":\"https:\\\/\\\/www.aqualabel.fr\\\/fr\\\/wp-content\\\/uploads\\\/2015\\\/12\\\/titre_labelrouge2.png\",\"width\":180,\"height\":150,\"caption\":\"Aqualabel - Label Rouge des produits de la mer\"},\"image\":{\"@id\":\"https:\\\/\\\/www.aqualabel.fr\\\/fr\\\/#\\\/schema\\\/logo\\\/image\\\/\"}}]}<\/script>\n<!-- \/ Yoast SEO plugin. -->","yoast_head_json":{"title":"Recette Saumon Atlantique - Aqualabel - Label Rouge des produits de la mer","robots":{"index":"index","follow":"follow","max-snippet":"max-snippet:-1","max-image-preview":"max-image-preview:large","max-video-preview":"max-video-preview:-1"},"canonical":"https:\/\/www.aqualabel.fr\/fr\/recette-saumon-atlantique\/","og_locale":"fr_FR","og_type":"article","og_title":"Recette Saumon Atlantique - Aqualabel - Label Rouge des produits de la mer","og_description":"Pav\u00e9 de Saumon fum\u00e9 \u00e0 l&rsquo;unilat\u00e9ral et pur\u00e9e de pommes de terre Ingr\u00e9dients pour 4 personnes . 4 pav\u00e9s de saumon Label Rougeavec la peau. 800 g de pommes de terre. \u00bc de l de lait. 25 g de beurre. Muscade fra\u00eechement r\u00e2p\u00e9e. 1 c. \u00e0 soupe d\u2019huile d\u2019olive. Fleur de sel. Poivre Pr\u00e9paration Pr\u00e9chauffer&hellip;","og_url":"https:\/\/www.aqualabel.fr\/fr\/recette-saumon-atlantique\/","og_site_name":"Aqualabel - Label Rouge des produits de la mer","article_modified_time":"2019-04-24T09:24:44+00:00","og_image":[{"url":"http:\/\/www.aqualabel.fr\/fr\/wp-content\/uploads\/2015\/12\/titre_labelrouge2.png","type":"","width":"","height":""}],"twitter_card":"summary_large_image","twitter_misc":{"Dur\u00e9e de lecture estim\u00e9e":"1 minute"},"schema":{"@context":"https:\/\/schema.org","@graph":[{"@type":"WebPage","@id":"https:\/\/www.aqualabel.fr\/fr\/recette-saumon-atlantique\/","url":"https:\/\/www.aqualabel.fr\/fr\/recette-saumon-atlantique\/","name":"Recette Saumon Atlantique - Aqualabel - Label Rouge des produits de la mer","isPartOf":{"@id":"https:\/\/www.aqualabel.fr\/fr\/#website"},"primaryImageOfPage":{"@id":"https:\/\/www.aqualabel.fr\/fr\/recette-saumon-atlantique\/#primaryimage"},"image":{"@id":"https:\/\/www.aqualabel.fr\/fr\/recette-saumon-atlantique\/#primaryimage"},"thumbnailUrl":"http:\/\/www.aqualabel.fr\/fr\/wp-content\/uploads\/2015\/12\/titre_labelrouge2.png","datePublished":"2016-01-17T22:44:30+00:00","dateModified":"2019-04-24T09:24:44+00:00","breadcrumb":{"@id":"https:\/\/www.aqualabel.fr\/fr\/recette-saumon-atlantique\/#breadcrumb"},"inLanguage":"fr-FR","potentialAction":[{"@type":"ReadAction","target":["https:\/\/www.aqualabel.fr\/fr\/recette-saumon-atlantique\/"]}]},{"@type":"ImageObject","inLanguage":"fr-FR","@id":"https:\/\/www.aqualabel.fr\/fr\/recette-saumon-atlantique\/#primaryimage","url":"http:\/\/www.aqualabel.fr\/fr\/wp-content\/uploads\/2015\/12\/titre_labelrouge2.png","contentUrl":"http:\/\/www.aqualabel.fr\/fr\/wp-content\/uploads\/2015\/12\/titre_labelrouge2.png"},{"@type":"BreadcrumbList","@id":"https:\/\/www.aqualabel.fr\/fr\/recette-saumon-atlantique\/#breadcrumb","itemListElement":[{"@type":"ListItem","position":1,"name":"Accueil","item":"https:\/\/www.aqualabel.fr\/fr\/"},{"@type":"ListItem","position":2,"name":"Recette Saumon Atlantique"}]},{"@type":"WebSite","@id":"https:\/\/www.aqualabel.fr\/fr\/#website","url":"https:\/\/www.aqualabel.fr\/fr\/","name":"Aqualabel - Label Rouge des produits de la mer","description":"Label Rouge des produits de la mer","publisher":{"@id":"https:\/\/www.aqualabel.fr\/fr\/#organization"},"potentialAction":[{"@type":"SearchAction","target":{"@type":"EntryPoint","urlTemplate":"https:\/\/www.aqualabel.fr\/fr\/?s={search_term_string}"},"query-input":{"@type":"PropertyValueSpecification","valueRequired":true,"valueName":"search_term_string"}}],"inLanguage":"fr-FR"},{"@type":"Organization","@id":"https:\/\/www.aqualabel.fr\/fr\/#organization","name":"Aqualabel - Label Rouge des produits de la mer","url":"https:\/\/www.aqualabel.fr\/fr\/","logo":{"@type":"ImageObject","inLanguage":"fr-FR","@id":"https:\/\/www.aqualabel.fr\/fr\/#\/schema\/logo\/image\/","url":"https:\/\/www.aqualabel.fr\/fr\/wp-content\/uploads\/2015\/12\/titre_labelrouge2.png","contentUrl":"https:\/\/www.aqualabel.fr\/fr\/wp-content\/uploads\/2015\/12\/titre_labelrouge2.png","width":180,"height":150,"caption":"Aqualabel - Label Rouge des produits de la mer"},"image":{"@id":"https:\/\/www.aqualabel.fr\/fr\/#\/schema\/logo\/image\/"}}]}},"_links":{"self":[{"href":"https:\/\/www.aqualabel.fr\/fr\/wp-json\/wp\/v2\/pages\/232","targetHints":{"allow":["GET"]}}],"collection":[{"href":"https:\/\/www.aqualabel.fr\/fr\/wp-json\/wp\/v2\/pages"}],"about":[{"href":"https:\/\/www.aqualabel.fr\/fr\/wp-json\/wp\/v2\/types\/page"}],"author":[{"embeddable":true,"href":"https:\/\/www.aqualabel.fr\/fr\/wp-json\/wp\/v2\/users\/1"}],"replies":[{"embeddable":true,"href":"https:\/\/www.aqualabel.fr\/fr\/wp-json\/wp\/v2\/comments?post=232"}],"version-history":[{"count":0,"href":"https:\/\/www.aqualabel.fr\/fr\/wp-json\/wp\/v2\/pages\/232\/revisions"}],"wp:attachment":[{"href":"https:\/\/www.aqualabel.fr\/fr\/wp-json\/wp\/v2\/media?parent=232"}],"curies":[{"name":"wp","href":"https:\/\/api.w.org\/{rel}","templated":true}]}}