{"id":241,"date":"2016-01-17T23:45:12","date_gmt":"2016-01-17T22:45:12","guid":{"rendered":"http:\/\/www.aqualabel.fr\/fr\/?page_id=241"},"modified":"2019-04-24T10:25:23","modified_gmt":"2019-04-24T09:25:23","slug":"recette-saumon-ecossais","status":"publish","type":"page","link":"https:\/\/www.aqualabel.fr\/fr\/recette-saumon-ecossais\/","title":{"rendered":"Recette Saumon Ecossais"},"content":{"rendered":"\n\t\t\t\t<img decoding=\"async\" src=\"https:\/\/www.aqualabel.fr\/fr\/wp-content\/uploads\/2015\/12\/titre_labelrouge2.png\" alt=\"titre_labelrouge2\" itemprop=\"image\" title=\"titre_labelrouge2\" onerror=\"this.style.display='none'\"  \/>\n<h1>\n\t\tSalade de saumon \u00e9cossais Label Rouge marin\u00e9 aux agrumes\n\t<\/h1>\n\t\t\t\t<a href=\"http:\/\/www.google.fr\" target=\"_self\" itemprop=\"url\" rel=\"noopener noreferrer\">\n\t\t\t\t<img decoding=\"async\" src=\"https:\/\/www.aqualabel.fr\/fr\/wp-content\/uploads\/2016\/01\/recette-saumonecossais-page.jpg\" alt=\"recette-saumonecossais-page\" itemprop=\"image\" title=\"recette-saumonecossais-page\" onerror=\"this.style.display='none'\"  \/>\n\t\t\t\t<\/a>\n\t<p>Ingr\u00e9dients pour 4 personnes<br \/><br \/>. 400 g de filet de Saumon \u00e9cossais Label Rouge<br \/>. 2 oranges<br \/>. 1 citron vert<br \/>. 2 avocats<br \/>. 40 g de pignons de pin<br \/>. 5 cl d\u2019huile d\u2019olive<br \/>. Salade m\u00e9lang\u00e9e<br \/>. Sel<br \/>. Poivre<\/p>\n\t<p><strong>Pr\u00e9paration<\/strong><\/p>\n<p>Presser une orange et le citron vert.<\/p>\n<p>Peler \u00e0 vif la deuxi\u00e8me orange puis pr\u00e9lever d\u00e9licatement les quartiers.<\/p>\n<p>M\u00e9langer le jus d\u2019orange et le jus de citron vert dans un bol avec l\u2019huile d\u2019olive, du sel et du poivre.<\/p>\n<p>Tailler le filet de Saumon \u00e9cossais Label Rouge<br \/>en fines tranches. Les d\u00e9poser dans une assiette et les napper avec la moiti\u00e9 de la sauce \u00e0 l\u2019orange. Les laisser mariner 20 minutes au frais.\u00a0<\/p>\n<p>Faire griller les pignons de pin 2 minutes dans une po\u00eale chaude sans mati\u00e8re grasse.<\/p>\n<p>\u00c9plucher les avocats, les couper en tranches. R\u00e9partir la salade, les tranches d\u2019avocat et les quartiers d\u2019agrumes dans les assiettes.<\/p>\n<p>Assaisonner avec le reste de la sauce, d\u00e9poser les tranches de Saumon \u00e9cossais Label Rouge marin\u00e9, parsemer de pignons grill\u00e9s et servir aussit\u00f4t.<\/p>\n\t\t\t\t<a href=\"http:\/\/www.aqualabel.fr\/fr\/wp-content\/uploads\/2016\/01\/recette-saumonecossais.pdf\" target=\"_self\" itemprop=\"url\" rel=\"noopener noreferrer\">\n\t\t\t\t<img decoding=\"async\" src=\"https:\/\/www.aqualabel.fr\/fr\/wp-content\/uploads\/2016\/01\/telechargerpdf.jpg\" alt=\"telechargerpdf\" itemprop=\"image\" title=\"telechargerpdf\" onerror=\"this.style.display='none'\"  \/>\n\t\t\t\t<\/a>\n\t<p><a href=\"http:\/\/www.aqualabel.fr\/fr\/wp-content\/uploads\/2016\/01\/recette-saumonecossais.pdf\" rel=\"noopener noreferrer\" target=\"_blank\">T\u00e9l\u00e9chargez cette recette en PDF<\/a><\/p>\n\t\t\t\t<img decoding=\"async\" src=\"https:\/\/www.aqualabel.fr\/fr\/wp-content\/uploads\/2016\/01\/blanc_saumon-ecossais3.jpg\" alt=\"blanc_saumon-ecossais3\" itemprop=\"image\" title=\"blanc_saumon-ecossais3\" onerror=\"this.style.display='none'\"  \/>\n","protected":false},"excerpt":{"rendered":"<p>Salade de saumon \u00e9cossais Label Rouge marin\u00e9 aux agrumes Ingr\u00e9dients pour 4 personnes . 400 g de filet de Saumon \u00e9cossais Label Rouge. 2 oranges. 1 citron vert. 2 avocats. 40 g de pignons de pin. 5 cl d\u2019huile d\u2019olive. Salade m\u00e9lang\u00e9e. Sel. Poivre Pr\u00e9paration Presser une orange et le citron vert. Peler \u00e0 vif&hellip;<\/p>\n","protected":false},"author":1,"featured_media":0,"parent":0,"menu_order":0,"comment_status":"closed","ping_status":"closed","template":"","meta":{"footnotes":""},"class_list":["post-241","page","type-page","status-publish","hentry"],"yoast_head":"<!-- This site is optimized with the Yoast SEO plugin v27.3 - https:\/\/yoast.com\/product\/yoast-seo-wordpress\/ -->\n<title>Recette Saumon Ecossais - Aqualabel - Label Rouge des produits de la mer<\/title>\n<meta name=\"robots\" content=\"index, follow, max-snippet:-1, max-image-preview:large, max-video-preview:-1\" \/>\n<link rel=\"canonical\" href=\"https:\/\/www.aqualabel.fr\/fr\/recette-saumon-ecossais\/\" \/>\n<meta property=\"og:locale\" content=\"fr_FR\" \/>\n<meta property=\"og:type\" content=\"article\" \/>\n<meta property=\"og:title\" content=\"Recette Saumon Ecossais - Aqualabel - Label Rouge des produits de la mer\" \/>\n<meta property=\"og:description\" content=\"Salade de saumon \u00e9cossais Label Rouge marin\u00e9 aux agrumes Ingr\u00e9dients pour 4 personnes . 400 g de filet de Saumon \u00e9cossais Label Rouge. 2 oranges. 1 citron vert. 2 avocats. 40 g de pignons de pin. 5 cl d\u2019huile d\u2019olive. Salade m\u00e9lang\u00e9e. Sel. Poivre Pr\u00e9paration Presser une orange et le citron vert. Peler \u00e0 vif&hellip;\" \/>\n<meta property=\"og:url\" content=\"https:\/\/www.aqualabel.fr\/fr\/recette-saumon-ecossais\/\" \/>\n<meta property=\"og:site_name\" content=\"Aqualabel - Label Rouge des produits de la mer\" \/>\n<meta property=\"article:modified_time\" content=\"2019-04-24T09:25:23+00:00\" \/>\n<meta property=\"og:image\" content=\"http:\/\/www.aqualabel.fr\/fr\/wp-content\/uploads\/2015\/12\/titre_labelrouge2.png\" \/>\n<meta name=\"twitter:card\" content=\"summary_large_image\" \/>\n<meta name=\"twitter:label1\" content=\"Dur\u00e9e de lecture estim\u00e9e\" \/>\n\t<meta name=\"twitter:data1\" content=\"1 minute\" \/>\n<script type=\"application\/ld+json\" class=\"yoast-schema-graph\">{\"@context\":\"https:\\\/\\\/schema.org\",\"@graph\":[{\"@type\":\"WebPage\",\"@id\":\"https:\\\/\\\/www.aqualabel.fr\\\/fr\\\/recette-saumon-ecossais\\\/\",\"url\":\"https:\\\/\\\/www.aqualabel.fr\\\/fr\\\/recette-saumon-ecossais\\\/\",\"name\":\"Recette Saumon Ecossais - Aqualabel - Label Rouge des produits de la mer\",\"isPartOf\":{\"@id\":\"https:\\\/\\\/www.aqualabel.fr\\\/fr\\\/#website\"},\"primaryImageOfPage\":{\"@id\":\"https:\\\/\\\/www.aqualabel.fr\\\/fr\\\/recette-saumon-ecossais\\\/#primaryimage\"},\"image\":{\"@id\":\"https:\\\/\\\/www.aqualabel.fr\\\/fr\\\/recette-saumon-ecossais\\\/#primaryimage\"},\"thumbnailUrl\":\"http:\\\/\\\/www.aqualabel.fr\\\/fr\\\/wp-content\\\/uploads\\\/2015\\\/12\\\/titre_labelrouge2.png\",\"datePublished\":\"2016-01-17T22:45:12+00:00\",\"dateModified\":\"2019-04-24T09:25:23+00:00\",\"breadcrumb\":{\"@id\":\"https:\\\/\\\/www.aqualabel.fr\\\/fr\\\/recette-saumon-ecossais\\\/#breadcrumb\"},\"inLanguage\":\"fr-FR\",\"potentialAction\":[{\"@type\":\"ReadAction\",\"target\":[\"https:\\\/\\\/www.aqualabel.fr\\\/fr\\\/recette-saumon-ecossais\\\/\"]}]},{\"@type\":\"ImageObject\",\"inLanguage\":\"fr-FR\",\"@id\":\"https:\\\/\\\/www.aqualabel.fr\\\/fr\\\/recette-saumon-ecossais\\\/#primaryimage\",\"url\":\"http:\\\/\\\/www.aqualabel.fr\\\/fr\\\/wp-content\\\/uploads\\\/2015\\\/12\\\/titre_labelrouge2.png\",\"contentUrl\":\"http:\\\/\\\/www.aqualabel.fr\\\/fr\\\/wp-content\\\/uploads\\\/2015\\\/12\\\/titre_labelrouge2.png\"},{\"@type\":\"BreadcrumbList\",\"@id\":\"https:\\\/\\\/www.aqualabel.fr\\\/fr\\\/recette-saumon-ecossais\\\/#breadcrumb\",\"itemListElement\":[{\"@type\":\"ListItem\",\"position\":1,\"name\":\"Accueil\",\"item\":\"https:\\\/\\\/www.aqualabel.fr\\\/fr\\\/\"},{\"@type\":\"ListItem\",\"position\":2,\"name\":\"Recette Saumon Ecossais\"}]},{\"@type\":\"WebSite\",\"@id\":\"https:\\\/\\\/www.aqualabel.fr\\\/fr\\\/#website\",\"url\":\"https:\\\/\\\/www.aqualabel.fr\\\/fr\\\/\",\"name\":\"Aqualabel - Label Rouge des produits de la mer\",\"description\":\"Label Rouge des produits de la mer\",\"publisher\":{\"@id\":\"https:\\\/\\\/www.aqualabel.fr\\\/fr\\\/#organization\"},\"potentialAction\":[{\"@type\":\"SearchAction\",\"target\":{\"@type\":\"EntryPoint\",\"urlTemplate\":\"https:\\\/\\\/www.aqualabel.fr\\\/fr\\\/?s={search_term_string}\"},\"query-input\":{\"@type\":\"PropertyValueSpecification\",\"valueRequired\":true,\"valueName\":\"search_term_string\"}}],\"inLanguage\":\"fr-FR\"},{\"@type\":\"Organization\",\"@id\":\"https:\\\/\\\/www.aqualabel.fr\\\/fr\\\/#organization\",\"name\":\"Aqualabel - Label Rouge des produits de la mer\",\"url\":\"https:\\\/\\\/www.aqualabel.fr\\\/fr\\\/\",\"logo\":{\"@type\":\"ImageObject\",\"inLanguage\":\"fr-FR\",\"@id\":\"https:\\\/\\\/www.aqualabel.fr\\\/fr\\\/#\\\/schema\\\/logo\\\/image\\\/\",\"url\":\"https:\\\/\\\/www.aqualabel.fr\\\/fr\\\/wp-content\\\/uploads\\\/2015\\\/12\\\/titre_labelrouge2.png\",\"contentUrl\":\"https:\\\/\\\/www.aqualabel.fr\\\/fr\\\/wp-content\\\/uploads\\\/2015\\\/12\\\/titre_labelrouge2.png\",\"width\":180,\"height\":150,\"caption\":\"Aqualabel - Label Rouge des produits de la mer\"},\"image\":{\"@id\":\"https:\\\/\\\/www.aqualabel.fr\\\/fr\\\/#\\\/schema\\\/logo\\\/image\\\/\"}}]}<\/script>\n<!-- \/ Yoast SEO plugin. -->","yoast_head_json":{"title":"Recette Saumon Ecossais - Aqualabel - Label Rouge des produits de la mer","robots":{"index":"index","follow":"follow","max-snippet":"max-snippet:-1","max-image-preview":"max-image-preview:large","max-video-preview":"max-video-preview:-1"},"canonical":"https:\/\/www.aqualabel.fr\/fr\/recette-saumon-ecossais\/","og_locale":"fr_FR","og_type":"article","og_title":"Recette Saumon Ecossais - Aqualabel - Label Rouge des produits de la mer","og_description":"Salade de saumon \u00e9cossais Label Rouge marin\u00e9 aux agrumes Ingr\u00e9dients pour 4 personnes . 400 g de filet de Saumon \u00e9cossais Label Rouge. 2 oranges. 1 citron vert. 2 avocats. 40 g de pignons de pin. 5 cl d\u2019huile d\u2019olive. Salade m\u00e9lang\u00e9e. Sel. Poivre Pr\u00e9paration Presser une orange et le citron vert. Peler \u00e0 vif&hellip;","og_url":"https:\/\/www.aqualabel.fr\/fr\/recette-saumon-ecossais\/","og_site_name":"Aqualabel - Label Rouge des produits de la mer","article_modified_time":"2019-04-24T09:25:23+00:00","og_image":[{"url":"http:\/\/www.aqualabel.fr\/fr\/wp-content\/uploads\/2015\/12\/titre_labelrouge2.png","type":"","width":"","height":""}],"twitter_card":"summary_large_image","twitter_misc":{"Dur\u00e9e de lecture estim\u00e9e":"1 minute"},"schema":{"@context":"https:\/\/schema.org","@graph":[{"@type":"WebPage","@id":"https:\/\/www.aqualabel.fr\/fr\/recette-saumon-ecossais\/","url":"https:\/\/www.aqualabel.fr\/fr\/recette-saumon-ecossais\/","name":"Recette Saumon Ecossais - Aqualabel - Label Rouge des produits de la mer","isPartOf":{"@id":"https:\/\/www.aqualabel.fr\/fr\/#website"},"primaryImageOfPage":{"@id":"https:\/\/www.aqualabel.fr\/fr\/recette-saumon-ecossais\/#primaryimage"},"image":{"@id":"https:\/\/www.aqualabel.fr\/fr\/recette-saumon-ecossais\/#primaryimage"},"thumbnailUrl":"http:\/\/www.aqualabel.fr\/fr\/wp-content\/uploads\/2015\/12\/titre_labelrouge2.png","datePublished":"2016-01-17T22:45:12+00:00","dateModified":"2019-04-24T09:25:23+00:00","breadcrumb":{"@id":"https:\/\/www.aqualabel.fr\/fr\/recette-saumon-ecossais\/#breadcrumb"},"inLanguage":"fr-FR","potentialAction":[{"@type":"ReadAction","target":["https:\/\/www.aqualabel.fr\/fr\/recette-saumon-ecossais\/"]}]},{"@type":"ImageObject","inLanguage":"fr-FR","@id":"https:\/\/www.aqualabel.fr\/fr\/recette-saumon-ecossais\/#primaryimage","url":"http:\/\/www.aqualabel.fr\/fr\/wp-content\/uploads\/2015\/12\/titre_labelrouge2.png","contentUrl":"http:\/\/www.aqualabel.fr\/fr\/wp-content\/uploads\/2015\/12\/titre_labelrouge2.png"},{"@type":"BreadcrumbList","@id":"https:\/\/www.aqualabel.fr\/fr\/recette-saumon-ecossais\/#breadcrumb","itemListElement":[{"@type":"ListItem","position":1,"name":"Accueil","item":"https:\/\/www.aqualabel.fr\/fr\/"},{"@type":"ListItem","position":2,"name":"Recette Saumon Ecossais"}]},{"@type":"WebSite","@id":"https:\/\/www.aqualabel.fr\/fr\/#website","url":"https:\/\/www.aqualabel.fr\/fr\/","name":"Aqualabel - Label Rouge des produits de la mer","description":"Label Rouge des produits de la mer","publisher":{"@id":"https:\/\/www.aqualabel.fr\/fr\/#organization"},"potentialAction":[{"@type":"SearchAction","target":{"@type":"EntryPoint","urlTemplate":"https:\/\/www.aqualabel.fr\/fr\/?s={search_term_string}"},"query-input":{"@type":"PropertyValueSpecification","valueRequired":true,"valueName":"search_term_string"}}],"inLanguage":"fr-FR"},{"@type":"Organization","@id":"https:\/\/www.aqualabel.fr\/fr\/#organization","name":"Aqualabel - Label Rouge des produits de la mer","url":"https:\/\/www.aqualabel.fr\/fr\/","logo":{"@type":"ImageObject","inLanguage":"fr-FR","@id":"https:\/\/www.aqualabel.fr\/fr\/#\/schema\/logo\/image\/","url":"https:\/\/www.aqualabel.fr\/fr\/wp-content\/uploads\/2015\/12\/titre_labelrouge2.png","contentUrl":"https:\/\/www.aqualabel.fr\/fr\/wp-content\/uploads\/2015\/12\/titre_labelrouge2.png","width":180,"height":150,"caption":"Aqualabel - Label Rouge des produits de la mer"},"image":{"@id":"https:\/\/www.aqualabel.fr\/fr\/#\/schema\/logo\/image\/"}}]}},"_links":{"self":[{"href":"https:\/\/www.aqualabel.fr\/fr\/wp-json\/wp\/v2\/pages\/241","targetHints":{"allow":["GET"]}}],"collection":[{"href":"https:\/\/www.aqualabel.fr\/fr\/wp-json\/wp\/v2\/pages"}],"about":[{"href":"https:\/\/www.aqualabel.fr\/fr\/wp-json\/wp\/v2\/types\/page"}],"author":[{"embeddable":true,"href":"https:\/\/www.aqualabel.fr\/fr\/wp-json\/wp\/v2\/users\/1"}],"replies":[{"embeddable":true,"href":"https:\/\/www.aqualabel.fr\/fr\/wp-json\/wp\/v2\/comments?post=241"}],"version-history":[{"count":0,"href":"https:\/\/www.aqualabel.fr\/fr\/wp-json\/wp\/v2\/pages\/241\/revisions"}],"wp:attachment":[{"href":"https:\/\/www.aqualabel.fr\/fr\/wp-json\/wp\/v2\/media?parent=241"}],"curies":[{"name":"wp","href":"https:\/\/api.w.org\/{rel}","templated":true}]}}