{"id":5,"date":"2015-12-11T09:28:45","date_gmt":"2015-12-11T08:28:45","guid":{"rendered":"http:\/\/www.aqualabel.fr\/fr\/?page_id=5"},"modified":"2026-04-20T11:09:45","modified_gmt":"2026-04-20T09:09:45","slug":"aqualabel","status":"publish","type":"page","link":"https:\/\/www.aqualabel.fr\/fr\/","title":{"rendered":"Accueil"},"content":{"rendered":"\n<figure itemscope itemtype=\"https:\/\/schema.org\/ImageObject\">\n\t\t\t\t<img decoding=\"async\" src=\"https:\/\/www.aqualabel.fr\/fr\/wp-content\/uploads\/2015\/12\/titre_labelrouge2.png\" alt=\"titre_labelrouge2\" title=\"titre_labelrouge2\" onerror=\"this.style.display='none'\" loading=\"lazy\" \/>\n\t<\/figure>\n\t\t\t<p><a href=\"https:\/\/www.aqualabel.fr\/fr\/wp-content\/uploads\/2015\/12\/titre_labelrouge2.png\"><img loading=\"lazy\" decoding=\"async\" src=\"https:\/\/www.aqualabel.fr\/fr\/wp-content\/uploads\/2015\/12\/titre_labelrouge2.png\" alt=\"\" width=\"180\" height=\"150\" \/><\/a><\/p>\n<p>Retrouvez les produits de la mer<br \/>Label Rouge sur les r\u00e9seaux sociaux :<\/p>\n<p><a href=\"https:\/\/www.facebook.com\/labelrougeproduitsdelamer\/\"><br \/><img loading=\"lazy\" decoding=\"async\" src=\"https:\/\/www.aqualabel.fr\/fr\/wp-content\/uploads\/2024\/08\/picto-fb.png\" alt=\"\" width=\"35\" height=\"35\" \/><br \/><\/a><\/p>\n<p><a href=\"https:\/\/www.instagram.com\/labelrouge_produitsdelamer\/\"><br \/><img loading=\"lazy\" decoding=\"async\" src=\"https:\/\/www.aqualabel.fr\/fr\/wp-content\/uploads\/2024\/08\/picto-insta.png\" alt=\"\" width=\"35\" height=\"35\" \/><br \/><\/a><\/p>\n<p>Une campagne soutenue par :<\/p>\n<p><a><br \/><img loading=\"lazy\" decoding=\"async\" src=\"https:\/\/www.aqualabel.fr\/fr\/wp-content\/uploads\/2024\/08\/Logo_UE-300x234.jpg\" alt=\"\" width=\"100\" height=\"100\" \/><br \/><\/a><\/p>\n<p><a><br \/><img loading=\"lazy\" decoding=\"async\" src=\"https:\/\/www.aqualabel.fr\/fr\/wp-content\/uploads\/2024\/08\/nouveau-logo-FEAMPA-300x256.jpg\" alt=\"\" width=\"100\" height=\"100\" \/><br \/><\/a><\/p>\n\t\t<h5>Popup modal &#8211; ID<\/h5>\n\t\tCliquez ici pour modifier les param\u00e8tres du &quot;Popup modal&quot;. Ce texte ne sera pas visible sur le frontend.\t\n\t<h2><strong>L&rsquo;excellence de qualit\u00e9 et de go\u00fbt du Label Rouge<\/strong><\/h2>\n<figure itemscope itemtype=\"https:\/\/schema.org\/ImageObject\">\n\t\t\t\t<img decoding=\"async\" src=\"https:\/\/www.aqualabel.fr\/fr\/wp-content\/uploads\/2015\/12\/logo_aqualabel_couleur.png\" alt=\"logo_aqualabel_couleur\" title=\"logo_aqualabel_couleur\" onerror=\"this.style.display='none'\" loading=\"lazy\" \/>\n\t<\/figure>\n\t<p>Association des produits de la mer<br \/>et de l&rsquo;aquaculture Label Rouge<\/p>\n<figure itemscope itemtype=\"https:\/\/schema.org\/ImageObject\">\n\t\t\t\t<a href=\"https:\/\/www.aqualabel.fr\/fr\/produits\/coquilles-saint-jacques\/\"  target=\"_self\" itemprop=\"url\">\n\t\t\t\t<img decoding=\"async\" src=\"https:\/\/www.aqualabel.fr\/fr\/wp-content\/uploads\/2015\/12\/blanc_coquille-saint-jacques2.jpg\" alt=\"coquille-saint-jacques\" height=\"400\" width=\"800\" title=\"coquille-saint-jacques\" onerror=\"this.style.display='none'\" loading=\"lazy\" \/>\n\t\t\t\t<\/a>\n\t\t\t\t\t\t\n\t<\/figure>\n<h2  data-animation-delay=\"0.8\">\n\t\t\tCoquilles Saint-Jacques\t<\/h2>\n<figure itemscope itemtype=\"https:\/\/schema.org\/ImageObject\">\n\t\t\t\t<a href=\"https:\/\/www.aqualabel.fr\/fr\/produits\/crevette\/\"  target=\"_self\" itemprop=\"url\">\n\t\t\t\t<img decoding=\"async\" src=\"https:\/\/www.aqualabel.fr\/fr\/wp-content\/uploads\/2015\/12\/blanc_crevettes2.jpg\" alt=\"crevettes\" height=\"400\" width=\"800\" title=\"crevettes\" onerror=\"this.style.display='none'\" loading=\"lazy\" \/>\n\t\t\t\t<\/a>\n\t\t\t\t\t\t\n\t<\/figure>\n<h2  data-animation-delay=\"0.8\">\n\t\t\tCrevettes\t<\/h2>\n<figure itemscope itemtype=\"https:\/\/schema.org\/ImageObject\">\n\t\t\t\t<a href=\"https:\/\/www.aqualabel.fr\/fr\/produits\/huitres-marennes-oleron\/\"  target=\"_self\" itemprop=\"url\">\n\t\t\t\t<img decoding=\"async\" src=\"https:\/\/www.aqualabel.fr\/fr\/wp-content\/uploads\/2015\/12\/blanc_huitres-marennes-oleron2.jpg\" alt=\"huitres-marennes-oleron\" height=\"400\" width=\"800\" title=\"huitres-marennes-oleron\" onerror=\"this.style.display='none'\" loading=\"lazy\" \/>\n\t\t\t\t<\/a>\n\t\t\t\t\t\t\n\t<\/figure>\n<h2  data-animation-delay=\"0.8\">\n\t\t\tHu\u00eetres Marennes-Ol\u00e9ron\t<\/h2>\n<figure itemscope itemtype=\"https:\/\/schema.org\/ImageObject\">\n\t\t\t\t<a href=\"https:\/\/www.aqualabel.fr\/fr\/produits\/maigre\/\"  target=\"_self\" itemprop=\"url\">\n\t\t\t\t<img decoding=\"async\" src=\"https:\/\/www.aqualabel.fr\/fr\/wp-content\/uploads\/2015\/12\/blanc_maigre2.jpg\" alt=\"maigre\" height=\"400\" width=\"800\" title=\"maigre\" onerror=\"this.style.display='none'\" loading=\"lazy\" \/>\n\t\t\t\t<\/a>\n\t<\/figure>\n<h2  data-animation-delay=\"0.8\">\n\t\t\tMaigre\t<\/h2>\n<figure itemscope itemtype=\"https:\/\/schema.org\/ImageObject\">\n\t\t\t\t<a href=\"https:\/\/www.aqualabel.fr\/fr\/produits\/saumon-atlantique\/\"  target=\"_self\" itemprop=\"url\">\n\t\t\t\t<img decoding=\"async\" src=\"https:\/\/www.aqualabel.fr\/fr\/wp-content\/uploads\/2015\/12\/blanc_saumon-atlantique2.jpg\" alt=\"saumon-atlantique\" height=\"400\" width=\"800\" title=\"saumon-atlantique\" onerror=\"this.style.display='none'\" loading=\"lazy\" \/>\n\t\t\t\t<\/a>\n\t\t\t\t\t\t\n\t<\/figure>\n<h2  data-animation-delay=\"0.8\">\n\t\t\tSaumon Atlantique\t<\/h2>\n<figure itemscope itemtype=\"https:\/\/schema.org\/ImageObject\">\n\t\t\t\t<a href=\"https:\/\/www.aqualabel.fr\/fr\/produits\/saumon-ecossais\/\"  target=\"_self\" itemprop=\"url\">\n\t\t\t\t<img decoding=\"async\" src=\"https:\/\/www.aqualabel.fr\/fr\/wp-content\/uploads\/2016\/01\/blanc_saumon-ecossais3.jpg\" alt=\"blanc_saumon-ecossais3\" height=\"400\" width=\"800\" title=\"blanc_saumon-ecossais3\" onerror=\"this.style.display='none'\" loading=\"lazy\" \/>\n\t\t\t\t<\/a>\n\t\t\t\t\t\t\n\t<\/figure>\n<h2  data-animation-delay=\"0.8\">\n\t\t\tSaumon Ecossais\t<\/h2>\n<figure itemscope itemtype=\"https:\/\/schema.org\/ImageObject\">\n\t\t\t\t<a href=\"https:\/\/www.aqualabel.fr\/fr\/produits\/saumon-atlantique\/\"  target=\"_self\" itemprop=\"url\">\n\t\t\t\t<img decoding=\"async\" src=\"https:\/\/www.aqualabel.fr\/fr\/wp-content\/uploads\/2015\/12\/blanc_saumon-fume2.jpg\" alt=\"saumon-fume\" height=\"400\" width=\"800\" title=\"saumon-fume\" onerror=\"this.style.display='none'\" loading=\"lazy\" \/>\n\t\t\t\t<\/a>\n\t\t\t\t\t\t\n\t<\/figure>\n<h2  data-animation-delay=\"0.8\">\n\t\t\tSaumon fum\u00e9\t<\/h2>\n<figure itemscope itemtype=\"https:\/\/schema.org\/ImageObject\">\n\t\t\t\t<a href=\"https:\/\/www.aqualabel.fr\/fr\/produits\/sel-marin\/\"  target=\"_self\" itemprop=\"url\">\n\t\t\t\t<img decoding=\"async\" src=\"https:\/\/www.aqualabel.fr\/fr\/wp-content\/uploads\/2015\/12\/blanc_sel-guerande2.jpg\" alt=\"sel-guerande\" height=\"400\" width=\"800\" title=\"sel-guerande\" onerror=\"this.style.display='none'\" loading=\"lazy\" \/>\n\t\t\t\t<\/a>\n\t\t\t\t\t\t\n\t<\/figure>\n<h2>\n\t\t\tSel marin <br \/>r\u00e9colt\u00e9 manuellement\t<\/h2>\n<figure itemscope itemtype=\"https:\/\/schema.org\/ImageObject\">\n\t\t\t\t<a href=\"https:\/\/www.aqualabel.fr\/fr\/produits\/bar-loup\/\"  target=\"_self\" itemprop=\"url\">\n\t\t\t\t<img decoding=\"async\" src=\"https:\/\/www.aqualabel.fr\/fr\/wp-content\/uploads\/2018\/11\/bar-loup2.jpg\" alt=\"bar-loup2\" height=\"400\" width=\"800\" title=\"bar-loup2\" onerror=\"this.style.display='none'\" loading=\"lazy\" \/>\n\t\t\t\t<\/a>\n\t\t\t\t\t\t\n\t<\/figure>\n<h2>\n\t\t<a href=\"http:\/\/www.aqualabel.fr\/fr\/produits\/bar-loup\/\" title=\"Bar \/ loup\"  target=\"_self\">\n\t\t\tBar \/ loup\t\t<\/a>\n\t<\/h2>\n<figure itemscope itemtype=\"https:\/\/schema.org\/ImageObject\">\n\t\t\t\t<a href=\"https:\/\/www.aqualabel.fr\/fr\/produits\/moules\/\"  target=\"_blank\" rel=\"noopener\"  itemprop=\"url\">\n\t\t\t\t<img decoding=\"async\" src=\"https:\/\/www.aqualabel.fr\/fr\/wp-content\/uploads\/2018\/11\/moules.jpg\" alt=\"moules\" height=\"400\" width=\"800\" title=\"moules\" onerror=\"this.style.display='none'\" loading=\"lazy\" \/>\n\t\t\t\t<\/a>\n\t\t\t\t\t\t\n\t<\/figure>\n<h2>\n\t\t<a href=\"https:\/\/www.aqualabel.fr\/fr\/produits\/moules\/\" title=\"Moules\"  target=\"_blank\"  rel=\"noopener\">\n\t\t\tMoules\t\t<\/a>\n\t<\/h2>\n<figure itemscope itemtype=\"https:\/\/schema.org\/ImageObject\">\n\t\t\t\t<a href=\"https:\/\/www.aqualabel.fr\/fr\/produits\/daurade\/\"  target=\"_self\" itemprop=\"url\">\n\t\t\t\t<img decoding=\"async\" src=\"https:\/\/www.aqualabel.fr\/fr\/wp-content\/uploads\/2023\/08\/DAURADE_800x400-ok.png\" alt=\"DAURADE_800x400-ok\" height=\"400\" width=\"800\" title=\"DAURADE_800x400-ok\" onerror=\"this.style.display='none'\" loading=\"lazy\" \/>\n\t\t\t\t<\/a>\n\t\t\t\t\t\t\n\t<\/figure>\n<h2>\n\t\t\tDaurade\t<\/h2>\n\tInspirations et techniques culinaires<br \/>\npour les chefs\n\t\t\t<a href=\"https:\/\/inspirations-labelrouge.fr\/inspirations\/\"  target=\"_self\">\n\t\t\t\t\t\t\tD\u00e9couvrir le carnet d&rsquo;inspirations\n\t\t\t<\/a>\n\n","protected":false},"excerpt":{"rendered":"<p>Retrouvez les produits de la merLabel Rouge sur les r\u00e9seaux sociaux : Une campagne soutenue par : Popup modal &#8211; ID Cliquez ici pour modifier les param\u00e8tres du &quot;Popup modal&quot;. Ce texte ne sera pas visible sur le frontend. L&rsquo;excellence de qualit\u00e9 et de go\u00fbt du Label Rouge Association des produits de la meret de&hellip;<\/p>\n","protected":false},"author":1,"featured_media":0,"parent":0,"menu_order":0,"comment_status":"closed","ping_status":"closed","template":"","meta":{"footnotes":""},"class_list":["post-5","page","type-page","status-publish","hentry"],"yoast_head":"<!-- This site is optimized with the Yoast SEO plugin v27.5 - https:\/\/yoast.com\/product\/yoast-seo-wordpress\/ -->\n<title>Accueil - Aqualabel - Label Rouge des produits de la mer<\/title>\n<meta name=\"description\" content=\"D\u00e9couvrez les produits de la mer de qualit\u00e9 Label Rouge\" \/>\n<meta name=\"robots\" content=\"index, follow, max-snippet:-1, max-image-preview:large, max-video-preview:-1\" \/>\n<link rel=\"canonical\" href=\"https:\/\/www.aqualabel.fr\/fr\/\" \/>\n<meta property=\"og:locale\" content=\"fr_FR\" \/>\n<meta property=\"og:type\" content=\"article\" \/>\n<meta property=\"og:title\" content=\"Accueil - Aqualabel - Label Rouge des produits de la mer\" \/>\n<meta property=\"og:description\" content=\"D\u00e9couvrez les produits de la mer de qualit\u00e9 Label Rouge\" \/>\n<meta property=\"og:url\" content=\"https:\/\/www.aqualabel.fr\/fr\/\" \/>\n<meta property=\"og:site_name\" content=\"Aqualabel - Label Rouge des produits de la mer\" \/>\n<meta property=\"article:modified_time\" content=\"2026-04-20T09:09:45+00:00\" \/>\n<meta property=\"og:image\" content=\"http:\/\/www.aqualabel.fr\/fr\/wp-content\/uploads\/2015\/12\/titre_labelrouge2.png\" \/>\n<meta name=\"twitter:card\" content=\"summary_large_image\" \/>\n<meta name=\"twitter:label1\" content=\"Dur\u00e9e de lecture estim\u00e9e\" \/>\n\t<meta name=\"twitter:data1\" content=\"3 minutes\" \/>\n<script type=\"application\/ld+json\" class=\"yoast-schema-graph\">{\"@context\":\"https:\\\/\\\/schema.org\",\"@graph\":[{\"@type\":\"WebPage\",\"@id\":\"https:\\\/\\\/www.aqualabel.fr\\\/fr\\\/\",\"url\":\"https:\\\/\\\/www.aqualabel.fr\\\/fr\\\/\",\"name\":\"Accueil - Aqualabel - Label Rouge des produits de la mer\",\"isPartOf\":{\"@id\":\"https:\\\/\\\/www.aqualabel.fr\\\/fr\\\/#website\"},\"primaryImageOfPage\":{\"@id\":\"https:\\\/\\\/www.aqualabel.fr\\\/fr\\\/#primaryimage\"},\"image\":{\"@id\":\"https:\\\/\\\/www.aqualabel.fr\\\/fr\\\/#primaryimage\"},\"thumbnailUrl\":\"http:\\\/\\\/www.aqualabel.fr\\\/fr\\\/wp-content\\\/uploads\\\/2015\\\/12\\\/titre_labelrouge2.png\",\"datePublished\":\"2015-12-11T08:28:45+00:00\",\"dateModified\":\"2026-04-20T09:09:45+00:00\",\"description\":\"D\u00e9couvrez les produits de la mer de qualit\u00e9 Label Rouge\",\"breadcrumb\":{\"@id\":\"https:\\\/\\\/www.aqualabel.fr\\\/fr\\\/#breadcrumb\"},\"inLanguage\":\"fr-FR\",\"potentialAction\":[{\"@type\":\"ReadAction\",\"target\":[\"https:\\\/\\\/www.aqualabel.fr\\\/fr\\\/\"]}]},{\"@type\":\"ImageObject\",\"inLanguage\":\"fr-FR\",\"@id\":\"https:\\\/\\\/www.aqualabel.fr\\\/fr\\\/#primaryimage\",\"url\":\"http:\\\/\\\/www.aqualabel.fr\\\/fr\\\/wp-content\\\/uploads\\\/2015\\\/12\\\/titre_labelrouge2.png\",\"contentUrl\":\"http:\\\/\\\/www.aqualabel.fr\\\/fr\\\/wp-content\\\/uploads\\\/2015\\\/12\\\/titre_labelrouge2.png\"},{\"@type\":\"BreadcrumbList\",\"@id\":\"https:\\\/\\\/www.aqualabel.fr\\\/fr\\\/#breadcrumb\",\"itemListElement\":[{\"@type\":\"ListItem\",\"position\":1,\"name\":\"Accueil\",\"item\":\"https:\\\/\\\/www.aqualabel.fr\\\/fr\\\/\"},{\"@type\":\"ListItem\",\"position\":2,\"name\":\"Accueil\"}]},{\"@type\":\"WebSite\",\"@id\":\"https:\\\/\\\/www.aqualabel.fr\\\/fr\\\/#website\",\"url\":\"https:\\\/\\\/www.aqualabel.fr\\\/fr\\\/\",\"name\":\"Aqualabel - Label Rouge des produits de la mer\",\"description\":\"Label Rouge des produits de la mer\",\"publisher\":{\"@id\":\"https:\\\/\\\/www.aqualabel.fr\\\/fr\\\/#organization\"},\"potentialAction\":[{\"@type\":\"SearchAction\",\"target\":{\"@type\":\"EntryPoint\",\"urlTemplate\":\"https:\\\/\\\/www.aqualabel.fr\\\/fr\\\/?s={search_term_string}\"},\"query-input\":{\"@type\":\"PropertyValueSpecification\",\"valueRequired\":true,\"valueName\":\"search_term_string\"}}],\"inLanguage\":\"fr-FR\"},{\"@type\":\"Organization\",\"@id\":\"https:\\\/\\\/www.aqualabel.fr\\\/fr\\\/#organization\",\"name\":\"Aqualabel - Label Rouge des produits de la mer\",\"url\":\"https:\\\/\\\/www.aqualabel.fr\\\/fr\\\/\",\"logo\":{\"@type\":\"ImageObject\",\"inLanguage\":\"fr-FR\",\"@id\":\"https:\\\/\\\/www.aqualabel.fr\\\/fr\\\/#\\\/schema\\\/logo\\\/image\\\/\",\"url\":\"https:\\\/\\\/www.aqualabel.fr\\\/fr\\\/wp-content\\\/uploads\\\/2015\\\/12\\\/titre_labelrouge2.png\",\"contentUrl\":\"https:\\\/\\\/www.aqualabel.fr\\\/fr\\\/wp-content\\\/uploads\\\/2015\\\/12\\\/titre_labelrouge2.png\",\"width\":180,\"height\":150,\"caption\":\"Aqualabel - Label Rouge des produits de la mer\"},\"image\":{\"@id\":\"https:\\\/\\\/www.aqualabel.fr\\\/fr\\\/#\\\/schema\\\/logo\\\/image\\\/\"}}]}<\/script>\n<!-- \/ Yoast SEO plugin. -->","yoast_head_json":{"title":"Accueil - Aqualabel - Label Rouge des produits de la mer","description":"D\u00e9couvrez les produits de la mer de qualit\u00e9 Label Rouge","robots":{"index":"index","follow":"follow","max-snippet":"max-snippet:-1","max-image-preview":"max-image-preview:large","max-video-preview":"max-video-preview:-1"},"canonical":"https:\/\/www.aqualabel.fr\/fr\/","og_locale":"fr_FR","og_type":"article","og_title":"Accueil - Aqualabel - Label Rouge des produits de la mer","og_description":"D\u00e9couvrez les produits de la mer de qualit\u00e9 Label Rouge","og_url":"https:\/\/www.aqualabel.fr\/fr\/","og_site_name":"Aqualabel - Label Rouge des produits de la mer","article_modified_time":"2026-04-20T09:09:45+00:00","og_image":[{"url":"http:\/\/www.aqualabel.fr\/fr\/wp-content\/uploads\/2015\/12\/titre_labelrouge2.png","type":"","width":"","height":""}],"twitter_card":"summary_large_image","twitter_misc":{"Dur\u00e9e de lecture estim\u00e9e":"3 minutes"},"schema":{"@context":"https:\/\/schema.org","@graph":[{"@type":"WebPage","@id":"https:\/\/www.aqualabel.fr\/fr\/","url":"https:\/\/www.aqualabel.fr\/fr\/","name":"Accueil - Aqualabel - Label Rouge des produits de la mer","isPartOf":{"@id":"https:\/\/www.aqualabel.fr\/fr\/#website"},"primaryImageOfPage":{"@id":"https:\/\/www.aqualabel.fr\/fr\/#primaryimage"},"image":{"@id":"https:\/\/www.aqualabel.fr\/fr\/#primaryimage"},"thumbnailUrl":"http:\/\/www.aqualabel.fr\/fr\/wp-content\/uploads\/2015\/12\/titre_labelrouge2.png","datePublished":"2015-12-11T08:28:45+00:00","dateModified":"2026-04-20T09:09:45+00:00","description":"D\u00e9couvrez les produits de la mer de qualit\u00e9 Label Rouge","breadcrumb":{"@id":"https:\/\/www.aqualabel.fr\/fr\/#breadcrumb"},"inLanguage":"fr-FR","potentialAction":[{"@type":"ReadAction","target":["https:\/\/www.aqualabel.fr\/fr\/"]}]},{"@type":"ImageObject","inLanguage":"fr-FR","@id":"https:\/\/www.aqualabel.fr\/fr\/#primaryimage","url":"http:\/\/www.aqualabel.fr\/fr\/wp-content\/uploads\/2015\/12\/titre_labelrouge2.png","contentUrl":"http:\/\/www.aqualabel.fr\/fr\/wp-content\/uploads\/2015\/12\/titre_labelrouge2.png"},{"@type":"BreadcrumbList","@id":"https:\/\/www.aqualabel.fr\/fr\/#breadcrumb","itemListElement":[{"@type":"ListItem","position":1,"name":"Accueil","item":"https:\/\/www.aqualabel.fr\/fr\/"},{"@type":"ListItem","position":2,"name":"Accueil"}]},{"@type":"WebSite","@id":"https:\/\/www.aqualabel.fr\/fr\/#website","url":"https:\/\/www.aqualabel.fr\/fr\/","name":"Aqualabel - Label Rouge des produits de la mer","description":"Label Rouge des produits de la mer","publisher":{"@id":"https:\/\/www.aqualabel.fr\/fr\/#organization"},"potentialAction":[{"@type":"SearchAction","target":{"@type":"EntryPoint","urlTemplate":"https:\/\/www.aqualabel.fr\/fr\/?s={search_term_string}"},"query-input":{"@type":"PropertyValueSpecification","valueRequired":true,"valueName":"search_term_string"}}],"inLanguage":"fr-FR"},{"@type":"Organization","@id":"https:\/\/www.aqualabel.fr\/fr\/#organization","name":"Aqualabel - Label Rouge des produits de la mer","url":"https:\/\/www.aqualabel.fr\/fr\/","logo":{"@type":"ImageObject","inLanguage":"fr-FR","@id":"https:\/\/www.aqualabel.fr\/fr\/#\/schema\/logo\/image\/","url":"https:\/\/www.aqualabel.fr\/fr\/wp-content\/uploads\/2015\/12\/titre_labelrouge2.png","contentUrl":"https:\/\/www.aqualabel.fr\/fr\/wp-content\/uploads\/2015\/12\/titre_labelrouge2.png","width":180,"height":150,"caption":"Aqualabel - Label Rouge des produits de la mer"},"image":{"@id":"https:\/\/www.aqualabel.fr\/fr\/#\/schema\/logo\/image\/"}}]}},"_links":{"self":[{"href":"https:\/\/www.aqualabel.fr\/fr\/wp-json\/wp\/v2\/pages\/5","targetHints":{"allow":["GET"]}}],"collection":[{"href":"https:\/\/www.aqualabel.fr\/fr\/wp-json\/wp\/v2\/pages"}],"about":[{"href":"https:\/\/www.aqualabel.fr\/fr\/wp-json\/wp\/v2\/types\/page"}],"author":[{"embeddable":true,"href":"https:\/\/www.aqualabel.fr\/fr\/wp-json\/wp\/v2\/users\/1"}],"replies":[{"embeddable":true,"href":"https:\/\/www.aqualabel.fr\/fr\/wp-json\/wp\/v2\/comments?post=5"}],"version-history":[{"count":7,"href":"https:\/\/www.aqualabel.fr\/fr\/wp-json\/wp\/v2\/pages\/5\/revisions"}],"predecessor-version":[{"id":841,"href":"https:\/\/www.aqualabel.fr\/fr\/wp-json\/wp\/v2\/pages\/5\/revisions\/841"}],"wp:attachment":[{"href":"https:\/\/www.aqualabel.fr\/fr\/wp-json\/wp\/v2\/media?parent=5"}],"curies":[{"name":"wp","href":"https:\/\/api.w.org\/{rel}","templated":true}]}}