{"id":78,"date":"2015-12-14T09:09:59","date_gmt":"2015-12-14T08:09:59","guid":{"rendered":"http:\/\/www.aqualabel.fr\/fr\/?page_id=78"},"modified":"2019-04-24T10:27:11","modified_gmt":"2019-04-24T09:27:11","slug":"presse","status":"publish","type":"page","link":"https:\/\/www.aqualabel.fr\/fr\/presse\/","title":{"rendered":"Presse"},"content":{"rendered":"\n\t\t\t\t<img decoding=\"async\" src=\"https:\/\/www.aqualabel.fr\/fr\/wp-content\/uploads\/2015\/12\/titre_labelrouge2.png\" alt=\"titre_labelrouge2\" itemprop=\"image\" title=\"titre_labelrouge2\" onerror=\"this.style.display='none'\"  \/>\n<h1>\n\t\tPresse\n\t<\/h1>\n\t<p><strong>Aqualabel\u00a0<\/strong>: l&rsquo;association des produits aquatiques Label Rouge existe depuis 2005 avec la vocation de promouvoir et d\u00e9fendre les produits aquatiques respectant le cahier des charges Label Rouge et leurs producteurs.<\/p>\n<p>Nous nous tenons \u00e0 la disposition des organes de presse et journalistes pour toutes questions ou mise \u00e0 disposition de visuels HD.<\/p>\n\t\t\t\t<a href=\"http:\/\/www.aqualabel.fr\/fr\/wp-content\/uploads\/2015\/12\/dp-aqualabel-2012.pdf\" target=\"_blank\" rel=\"noopener noreferrer\"  itemprop=\"url\">\n\t\t\t\t<img decoding=\"async\" src=\"https:\/\/www.aqualabel.fr\/fr\/wp-content\/uploads\/2015\/12\/dossier-presse-aqualabel.jpg\" alt=\"dossier-presse-aqualabel\" itemprop=\"image\" title=\"dossier-presse-aqualabel\" onerror=\"this.style.display='none'\"  \/>\n\t\t\t\t<\/a>\n\t<p><a href=\"http:\/\/www.aqualabel.fr\/fr\/wp-content\/uploads\/2015\/12\/dp-aqualabel-2012.pdf\" rel=\"\">T\u00e9l\u00e9chargez le dossier de presse Aqualabel<\/a><\/p>\n\t<p>Pour vos questions et demandes, merci de remplir le formulaire suivant.<\/p>\n","protected":false},"excerpt":{"rendered":"<p>Presse Aqualabel\u00a0: l&rsquo;association des produits aquatiques Label Rouge existe depuis 2005 avec la vocation de promouvoir et d\u00e9fendre les produits aquatiques respectant le cahier des charges Label Rouge et leurs producteurs. Nous nous tenons \u00e0 la disposition des organes de presse et journalistes pour toutes questions ou mise \u00e0 disposition de visuels HD. T\u00e9l\u00e9chargez le&hellip;<\/p>\n","protected":false},"author":1,"featured_media":0,"parent":0,"menu_order":0,"comment_status":"closed","ping_status":"closed","template":"","meta":{"footnotes":""},"class_list":["post-78","page","type-page","status-publish","hentry"],"yoast_head":"<!-- This site is optimized with the Yoast SEO plugin v27.4 - https:\/\/yoast.com\/product\/yoast-seo-wordpress\/ -->\n<title>Presse - Aqualabel - Label Rouge des produits de la mer<\/title>\n<meta name=\"robots\" content=\"index, follow, max-snippet:-1, max-image-preview:large, max-video-preview:-1\" \/>\n<link rel=\"canonical\" href=\"https:\/\/www.aqualabel.fr\/fr\/presse\/\" \/>\n<meta property=\"og:locale\" content=\"fr_FR\" \/>\n<meta property=\"og:type\" content=\"article\" \/>\n<meta property=\"og:title\" content=\"Presse - Aqualabel - Label Rouge des produits de la mer\" \/>\n<meta property=\"og:description\" content=\"Presse Aqualabel\u00a0: l&rsquo;association des produits aquatiques Label Rouge existe depuis 2005 avec la vocation de promouvoir et d\u00e9fendre les produits aquatiques respectant le cahier des charges Label Rouge et leurs producteurs. Nous nous tenons \u00e0 la disposition des organes de presse et journalistes pour toutes questions ou mise \u00e0 disposition de visuels HD. T\u00e9l\u00e9chargez le&hellip;\" \/>\n<meta property=\"og:url\" content=\"https:\/\/www.aqualabel.fr\/fr\/presse\/\" \/>\n<meta property=\"og:site_name\" content=\"Aqualabel - Label Rouge des produits de la mer\" \/>\n<meta property=\"article:modified_time\" content=\"2019-04-24T09:27:11+00:00\" \/>\n<meta property=\"og:image\" content=\"http:\/\/www.aqualabel.fr\/fr\/wp-content\/uploads\/2015\/12\/titre_labelrouge2.png\" \/>\n<meta name=\"twitter:card\" content=\"summary_large_image\" \/>\n<script type=\"application\/ld+json\" class=\"yoast-schema-graph\">{\"@context\":\"https:\\\/\\\/schema.org\",\"@graph\":[{\"@type\":\"WebPage\",\"@id\":\"https:\\\/\\\/www.aqualabel.fr\\\/fr\\\/presse\\\/\",\"url\":\"https:\\\/\\\/www.aqualabel.fr\\\/fr\\\/presse\\\/\",\"name\":\"Presse - Aqualabel - Label Rouge des produits de la mer\",\"isPartOf\":{\"@id\":\"https:\\\/\\\/www.aqualabel.fr\\\/fr\\\/#website\"},\"primaryImageOfPage\":{\"@id\":\"https:\\\/\\\/www.aqualabel.fr\\\/fr\\\/presse\\\/#primaryimage\"},\"image\":{\"@id\":\"https:\\\/\\\/www.aqualabel.fr\\\/fr\\\/presse\\\/#primaryimage\"},\"thumbnailUrl\":\"http:\\\/\\\/www.aqualabel.fr\\\/fr\\\/wp-content\\\/uploads\\\/2015\\\/12\\\/titre_labelrouge2.png\",\"datePublished\":\"2015-12-14T08:09:59+00:00\",\"dateModified\":\"2019-04-24T09:27:11+00:00\",\"breadcrumb\":{\"@id\":\"https:\\\/\\\/www.aqualabel.fr\\\/fr\\\/presse\\\/#breadcrumb\"},\"inLanguage\":\"fr-FR\",\"potentialAction\":[{\"@type\":\"ReadAction\",\"target\":[\"https:\\\/\\\/www.aqualabel.fr\\\/fr\\\/presse\\\/\"]}]},{\"@type\":\"ImageObject\",\"inLanguage\":\"fr-FR\",\"@id\":\"https:\\\/\\\/www.aqualabel.fr\\\/fr\\\/presse\\\/#primaryimage\",\"url\":\"http:\\\/\\\/www.aqualabel.fr\\\/fr\\\/wp-content\\\/uploads\\\/2015\\\/12\\\/titre_labelrouge2.png\",\"contentUrl\":\"http:\\\/\\\/www.aqualabel.fr\\\/fr\\\/wp-content\\\/uploads\\\/2015\\\/12\\\/titre_labelrouge2.png\"},{\"@type\":\"BreadcrumbList\",\"@id\":\"https:\\\/\\\/www.aqualabel.fr\\\/fr\\\/presse\\\/#breadcrumb\",\"itemListElement\":[{\"@type\":\"ListItem\",\"position\":1,\"name\":\"Accueil\",\"item\":\"https:\\\/\\\/www.aqualabel.fr\\\/fr\\\/\"},{\"@type\":\"ListItem\",\"position\":2,\"name\":\"Presse\"}]},{\"@type\":\"WebSite\",\"@id\":\"https:\\\/\\\/www.aqualabel.fr\\\/fr\\\/#website\",\"url\":\"https:\\\/\\\/www.aqualabel.fr\\\/fr\\\/\",\"name\":\"Aqualabel - Label Rouge des produits de la mer\",\"description\":\"Label Rouge des produits de la mer\",\"publisher\":{\"@id\":\"https:\\\/\\\/www.aqualabel.fr\\\/fr\\\/#organization\"},\"potentialAction\":[{\"@type\":\"SearchAction\",\"target\":{\"@type\":\"EntryPoint\",\"urlTemplate\":\"https:\\\/\\\/www.aqualabel.fr\\\/fr\\\/?s={search_term_string}\"},\"query-input\":{\"@type\":\"PropertyValueSpecification\",\"valueRequired\":true,\"valueName\":\"search_term_string\"}}],\"inLanguage\":\"fr-FR\"},{\"@type\":\"Organization\",\"@id\":\"https:\\\/\\\/www.aqualabel.fr\\\/fr\\\/#organization\",\"name\":\"Aqualabel - Label Rouge des produits de la mer\",\"url\":\"https:\\\/\\\/www.aqualabel.fr\\\/fr\\\/\",\"logo\":{\"@type\":\"ImageObject\",\"inLanguage\":\"fr-FR\",\"@id\":\"https:\\\/\\\/www.aqualabel.fr\\\/fr\\\/#\\\/schema\\\/logo\\\/image\\\/\",\"url\":\"https:\\\/\\\/www.aqualabel.fr\\\/fr\\\/wp-content\\\/uploads\\\/2015\\\/12\\\/titre_labelrouge2.png\",\"contentUrl\":\"https:\\\/\\\/www.aqualabel.fr\\\/fr\\\/wp-content\\\/uploads\\\/2015\\\/12\\\/titre_labelrouge2.png\",\"width\":180,\"height\":150,\"caption\":\"Aqualabel - Label Rouge des produits de la mer\"},\"image\":{\"@id\":\"https:\\\/\\\/www.aqualabel.fr\\\/fr\\\/#\\\/schema\\\/logo\\\/image\\\/\"}}]}<\/script>\n<!-- \/ Yoast SEO plugin. -->","yoast_head_json":{"title":"Presse - Aqualabel - Label Rouge des produits de la mer","robots":{"index":"index","follow":"follow","max-snippet":"max-snippet:-1","max-image-preview":"max-image-preview:large","max-video-preview":"max-video-preview:-1"},"canonical":"https:\/\/www.aqualabel.fr\/fr\/presse\/","og_locale":"fr_FR","og_type":"article","og_title":"Presse - Aqualabel - Label Rouge des produits de la mer","og_description":"Presse Aqualabel\u00a0: l&rsquo;association des produits aquatiques Label Rouge existe depuis 2005 avec la vocation de promouvoir et d\u00e9fendre les produits aquatiques respectant le cahier des charges Label Rouge et leurs producteurs. Nous nous tenons \u00e0 la disposition des organes de presse et journalistes pour toutes questions ou mise \u00e0 disposition de visuels HD. T\u00e9l\u00e9chargez le&hellip;","og_url":"https:\/\/www.aqualabel.fr\/fr\/presse\/","og_site_name":"Aqualabel - Label Rouge des produits de la mer","article_modified_time":"2019-04-24T09:27:11+00:00","og_image":[{"url":"http:\/\/www.aqualabel.fr\/fr\/wp-content\/uploads\/2015\/12\/titre_labelrouge2.png","type":"","width":"","height":""}],"twitter_card":"summary_large_image","schema":{"@context":"https:\/\/schema.org","@graph":[{"@type":"WebPage","@id":"https:\/\/www.aqualabel.fr\/fr\/presse\/","url":"https:\/\/www.aqualabel.fr\/fr\/presse\/","name":"Presse - Aqualabel - Label Rouge des produits de la mer","isPartOf":{"@id":"https:\/\/www.aqualabel.fr\/fr\/#website"},"primaryImageOfPage":{"@id":"https:\/\/www.aqualabel.fr\/fr\/presse\/#primaryimage"},"image":{"@id":"https:\/\/www.aqualabel.fr\/fr\/presse\/#primaryimage"},"thumbnailUrl":"http:\/\/www.aqualabel.fr\/fr\/wp-content\/uploads\/2015\/12\/titre_labelrouge2.png","datePublished":"2015-12-14T08:09:59+00:00","dateModified":"2019-04-24T09:27:11+00:00","breadcrumb":{"@id":"https:\/\/www.aqualabel.fr\/fr\/presse\/#breadcrumb"},"inLanguage":"fr-FR","potentialAction":[{"@type":"ReadAction","target":["https:\/\/www.aqualabel.fr\/fr\/presse\/"]}]},{"@type":"ImageObject","inLanguage":"fr-FR","@id":"https:\/\/www.aqualabel.fr\/fr\/presse\/#primaryimage","url":"http:\/\/www.aqualabel.fr\/fr\/wp-content\/uploads\/2015\/12\/titre_labelrouge2.png","contentUrl":"http:\/\/www.aqualabel.fr\/fr\/wp-content\/uploads\/2015\/12\/titre_labelrouge2.png"},{"@type":"BreadcrumbList","@id":"https:\/\/www.aqualabel.fr\/fr\/presse\/#breadcrumb","itemListElement":[{"@type":"ListItem","position":1,"name":"Accueil","item":"https:\/\/www.aqualabel.fr\/fr\/"},{"@type":"ListItem","position":2,"name":"Presse"}]},{"@type":"WebSite","@id":"https:\/\/www.aqualabel.fr\/fr\/#website","url":"https:\/\/www.aqualabel.fr\/fr\/","name":"Aqualabel - Label Rouge des produits de la mer","description":"Label Rouge des produits de la mer","publisher":{"@id":"https:\/\/www.aqualabel.fr\/fr\/#organization"},"potentialAction":[{"@type":"SearchAction","target":{"@type":"EntryPoint","urlTemplate":"https:\/\/www.aqualabel.fr\/fr\/?s={search_term_string}"},"query-input":{"@type":"PropertyValueSpecification","valueRequired":true,"valueName":"search_term_string"}}],"inLanguage":"fr-FR"},{"@type":"Organization","@id":"https:\/\/www.aqualabel.fr\/fr\/#organization","name":"Aqualabel - Label Rouge des produits de la mer","url":"https:\/\/www.aqualabel.fr\/fr\/","logo":{"@type":"ImageObject","inLanguage":"fr-FR","@id":"https:\/\/www.aqualabel.fr\/fr\/#\/schema\/logo\/image\/","url":"https:\/\/www.aqualabel.fr\/fr\/wp-content\/uploads\/2015\/12\/titre_labelrouge2.png","contentUrl":"https:\/\/www.aqualabel.fr\/fr\/wp-content\/uploads\/2015\/12\/titre_labelrouge2.png","width":180,"height":150,"caption":"Aqualabel - Label Rouge des produits de la mer"},"image":{"@id":"https:\/\/www.aqualabel.fr\/fr\/#\/schema\/logo\/image\/"}}]}},"_links":{"self":[{"href":"https:\/\/www.aqualabel.fr\/fr\/wp-json\/wp\/v2\/pages\/78","targetHints":{"allow":["GET"]}}],"collection":[{"href":"https:\/\/www.aqualabel.fr\/fr\/wp-json\/wp\/v2\/pages"}],"about":[{"href":"https:\/\/www.aqualabel.fr\/fr\/wp-json\/wp\/v2\/types\/page"}],"author":[{"embeddable":true,"href":"https:\/\/www.aqualabel.fr\/fr\/wp-json\/wp\/v2\/users\/1"}],"replies":[{"embeddable":true,"href":"https:\/\/www.aqualabel.fr\/fr\/wp-json\/wp\/v2\/comments?post=78"}],"version-history":[{"count":0,"href":"https:\/\/www.aqualabel.fr\/fr\/wp-json\/wp\/v2\/pages\/78\/revisions"}],"wp:attachment":[{"href":"https:\/\/www.aqualabel.fr\/fr\/wp-json\/wp\/v2\/media?parent=78"}],"curies":[{"name":"wp","href":"https:\/\/api.w.org\/{rel}","templated":true}]}}