{"id":95,"date":"2015-12-20T17:37:46","date_gmt":"2015-12-20T16:37:46","guid":{"rendered":"http:\/\/www.aqualabel.fr\/fr\/?page_id=95"},"modified":"2021-08-23T17:19:52","modified_gmt":"2021-08-23T15:19:52","slug":"coquilles-saint-jacques","status":"publish","type":"page","link":"https:\/\/www.aqualabel.fr\/fr\/produits\/coquilles-saint-jacques\/","title":{"rendered":"Coquilles Saint Jacques"},"content":{"rendered":"\n\n\t\t\t\t<img decoding=\"async\" src=\"https:\/\/www.aqualabel.fr\/fr\/wp-content\/uploads\/2015\/12\/titre_labelrouge2.png\" alt=\"titre_labelrouge2\" itemprop=\"image\" title=\"titre_labelrouge2\" onerror=\"this.style.display='none'\"  \/>\n<h1>\n\t\tCoquilles Saint Jacques\n\t<\/h1>\n\t\t\t\t<a href=\"http:\/\/www.google.fr\" target=\"_self\" itemprop=\"url\" rel=\"noopener\">\n\t\t\t\t<img decoding=\"async\" src=\"https:\/\/www.aqualabel.fr\/fr\/wp-content\/uploads\/2015\/12\/stjacques_recette.jpg\" alt=\"stjacques_recette\" itemprop=\"image\" title=\"stjacques_recette\" onerror=\"this.style.display='none'\"  \/>\n\t\t\t\t<\/a>\n\t\t\t\t<img decoding=\"async\" src=\"https:\/\/www.aqualabel.fr\/fr\/wp-content\/uploads\/2015\/12\/stjacques_ambiance.jpg\" alt=\"stjacques_ambiance\" itemprop=\"image\" title=\"stjacques_ambiance\" onerror=\"this.style.display='none'\"  \/>\n\t\t\t\t<img decoding=\"async\" src=\"https:\/\/www.aqualabel.fr\/fr\/wp-content\/uploads\/2015\/12\/stjacques_producteur.jpg\" alt=\"stjacques_producteur\" itemprop=\"image\" title=\"stjacques_producteur\" onerror=\"this.style.display='none'\"  \/>\n\t<p>On les reconna\u00eet au premier regard : une noix charnue, d&rsquo;une blancheur nacr\u00e9e presque translucide, un corail d&rsquo;un bel orang\u00e9, une taille id\u00e9ale et surtout, cet incomparable \u00e9clat qui signe sa vitalit\u00e9.<\/p>\n\n<p>Les tests sensoriels r\u00e9alis\u00e9s chaque ann\u00e9e pour le suivi du Label Rouge garantissent une noix plus blanche, plus fondante, moins filandreuse et un go\u00fbt plus fin pour une subtile saveur sucr\u00e9e et un fondant aux nuances d\u00e9licates.<\/p>\n<p>Son corail, dont la pr\u00e9sence est garantie, agr\u00e9mente le plat d&rsquo;une belle note de couleur orang\u00e9e. Il est aussi appr\u00e9ci\u00e9 pour son go\u00fbt.<\/p>\n\t\n\t<p>La qualit\u00e9 de la Coquille Saint-Jacques Label Rouge :<br \/>un terroir marin prot\u00e9g\u00e9<\/p>\n\t<p>La coquille Saint-Jacques Label Rouge est une Pecten Maximus qui a choisi les eaux fra\u00eeches des fonds sablonneux des rivages de la Normandie, et plus particuli\u00e8rement de la Baie de Seine, pour s&rsquo;\u00e9panouir.<\/p>\n<p>Sa p\u00eache, strictement r\u00e9glement\u00e9e, la s\u00e9lection drastique des tailles (plus de 11 cm) et le tri pour \u00e9liminer les sp\u00e9cimens pr\u00e9sentant des d\u00e9fauts prot\u00e8gent le renouvellement de l&rsquo;esp\u00e8ce et garantissent au consommateur une qualit\u00e9 de coquilles \u00e0 pleine maturit\u00e9.<\/p>\n<p><strong>Fra\u00eecheur sur toute la ligne<\/strong><br \/>Dispos\u00e9es \u00e0 plat depuis les bateaux de p\u00eache jusqu&rsquo;au lieu de vente, les coquilles conservent toute leur eau et leur vitalit\u00e9. D\u00e9barqu\u00e9es en moyenne apr\u00e8s 12 heures de p\u00eache, elles sont exp\u00e9di\u00e9es le jour m\u00eame de la vente en cri\u00e9e jusqu&rsquo;au distributeur.<\/p>\n<p>D\u00e9coquill\u00e9es manuellement dans le m\u00eame d\u00e9lai, les noix sont d&rsquo;une telle fra\u00eecheur qu&rsquo;elles peuvent \u00eatre consomm\u00e9es jusqu&rsquo;\u00e0 6 \u00e0 9 jours plus tard sans rien perdre de leur bon go\u00fbt.<\/p>\n\t\t\t\t<img decoding=\"async\" src=\"https:\/\/www.aqualabel.fr\/fr\/wp-content\/uploads\/2015\/12\/blanc_coquille-saint-jacques2.jpg\" alt=\"coquille-saint-jacques\" itemprop=\"image\" title=\"coquille-saint-jacques\" onerror=\"this.style.display='none'\"  \/>\n\t\t\t\t<img decoding=\"async\" src=\"https:\/\/www.aqualabel.fr\/fr\/wp-content\/uploads\/2015\/12\/guillemets.png\" alt=\"guillemets\" itemprop=\"image\" title=\"guillemets\" onerror=\"this.style.display='none'\"  \/>\n\t<p>Pour moi, privil\u00e9gier la qualit\u00e9 a toujours \u00e9t\u00e9 un objectif dans mes activit\u00e9s de p\u00eache, avant m\u00eame l&rsquo;obtention du Label Rouge. C&rsquo;est la g\u00e9n\u00e9ralisation, en 1996, de l&rsquo;utilisation de la mention Saint-Jacques, \u00e0 tous les p\u00e9toncles, qui nous a incit\u00e9e \u00e0 faire valoir la sup\u00e9riorit\u00e9 de nos v\u00e9ritables coquilles Saint-Jacques, Pecten Maximus.<\/p>\n<p>La coquille Saint-Jacques Label Rouge est charnue, fondante, de belle taille et pr\u00e9sente un corail caract\u00e9ristique. \u00c0 bord de notre bateau de p\u00eache, nous effectuons une s\u00e9lection drastique des plus belles coquilles, jusqu&rsquo;\u00e0 une s\u00e9lection de tr\u00e8s grosses coquilles, de plus de 13 cm, particuli\u00e8rement pris\u00e9es par les restaurateurs.\u00a0\u00c0 terre, elles peuvent \u00eatre d\u00e9cortiqu\u00e9es manuellement et commercialis\u00e9es en noix, avec la garantie qu&rsquo;elles ne perdront pas d&rsquo;eau \u00e0 la cuisson.<\/p>\n<p>Depuis 2002 pour les coquilles fra\u00eeches enti\u00e8res et depuis 2009 pour les noix de coquilles, le Label Rouge est pour nous, producteurs, un atout majeur. Il met en valeur la production normande de coquille Saint-Jacques, la premi\u00e8re en France, qui fait vivre pr\u00e8s de la moiti\u00e9 de nos bateaux. C&rsquo;est aussi pour nous une grande fiert\u00e9 de voir reconnu notre travail de s\u00e9lection et une tra\u00e7abilit\u00e9 totale de nos produits.\u00a0<\/p>\n<p>Pour le consommateur, c&rsquo;est la garantie d&rsquo;une fra\u00eecheur incomparable et d&rsquo;une noix au go\u00fbt remarquable.\u00a0<\/p>\n\n\t\t\t\t<img decoding=\"async\" src=\"https:\/\/www.aqualabel.fr\/fr\/wp-content\/uploads\/2015\/12\/guillemets-fin.png\" alt=\"guillemets-fin\" itemprop=\"image\" title=\"guillemets-fin\" onerror=\"this.style.display='none'\"  \/>\n\t\nGroupement Qualit\u00e9 des Marins P\u00eacheurs, Cri\u00e9es et Mareyeurs de Basse-Normandie\n<p>10, avenue du G\u00e9n\u00e9ral de Gaulle<br \/>BP 27<br \/>14520 PORT EN BESSIN<br \/>FRANCE<\/p>\nT\u00e9l : +33 (0) 2 31 51 21 53<br \/>Fax : +33 (0) 2 31 51 21 52<br \/>Email :\u00a0<a href=\"mailto:lettre@nfm.fr\">lettre@nfm.fr<\/a><br \/>Site web :\u00a0<a href=\"http:\/\/www.nfm.fr\/\" target=\"_blank\" rel=\"noopener\">www.nfm.fr\u00a0<\/a>\n\n","protected":false},"excerpt":{"rendered":"<p>Coquilles Saint Jacques On les reconna\u00eet au premier regard : une noix charnue, d&rsquo;une blancheur nacr\u00e9e presque translucide, un corail d&rsquo;un bel orang\u00e9, une taille id\u00e9ale et surtout, cet incomparable \u00e9clat qui signe sa vitalit\u00e9. Les tests sensoriels r\u00e9alis\u00e9s chaque ann\u00e9e pour le suivi du Label Rouge garantissent une noix plus blanche, plus fondante, moins&hellip;<\/p>\n","protected":false},"author":1,"featured_media":0,"parent":75,"menu_order":0,"comment_status":"closed","ping_status":"closed","template":"","meta":{"footnotes":""},"class_list":["post-95","page","type-page","status-publish","hentry"],"yoast_head":"<!-- This site is optimized with the Yoast SEO plugin v27.5 - https:\/\/yoast.com\/product\/yoast-seo-wordpress\/ -->\n<title>Coquilles Saint Jacques - Aqualabel - Label Rouge des produits de la mer<\/title>\n<meta name=\"robots\" content=\"index, follow, max-snippet:-1, max-image-preview:large, max-video-preview:-1\" \/>\n<link rel=\"canonical\" href=\"https:\/\/www.aqualabel.fr\/fr\/produits\/coquilles-saint-jacques\/\" \/>\n<meta property=\"og:locale\" content=\"fr_FR\" \/>\n<meta property=\"og:type\" content=\"article\" \/>\n<meta property=\"og:title\" content=\"Coquilles Saint Jacques - Aqualabel - Label Rouge des produits de la mer\" \/>\n<meta property=\"og:description\" content=\"Coquilles Saint Jacques On les reconna\u00eet au premier regard : une noix charnue, d&rsquo;une blancheur nacr\u00e9e presque translucide, un corail d&rsquo;un bel orang\u00e9, une taille id\u00e9ale et surtout, cet incomparable \u00e9clat qui signe sa vitalit\u00e9. Les tests sensoriels r\u00e9alis\u00e9s chaque ann\u00e9e pour le suivi du Label Rouge garantissent une noix plus blanche, plus fondante, moins&hellip;\" \/>\n<meta property=\"og:url\" content=\"https:\/\/www.aqualabel.fr\/fr\/produits\/coquilles-saint-jacques\/\" \/>\n<meta property=\"og:site_name\" content=\"Aqualabel - Label Rouge des produits de la mer\" \/>\n<meta property=\"article:modified_time\" content=\"2021-08-23T15:19:52+00:00\" \/>\n<meta property=\"og:image\" content=\"http:\/\/www.aqualabel.fr\/fr\/wp-content\/uploads\/2015\/12\/titre_labelrouge2.png\" \/>\n<meta name=\"twitter:card\" content=\"summary_large_image\" \/>\n<meta name=\"twitter:label1\" content=\"Dur\u00e9e de lecture estim\u00e9e\" \/>\n\t<meta name=\"twitter:data1\" content=\"3 minutes\" \/>\n<script type=\"application\/ld+json\" class=\"yoast-schema-graph\">{\"@context\":\"https:\\\/\\\/schema.org\",\"@graph\":[{\"@type\":\"WebPage\",\"@id\":\"https:\\\/\\\/www.aqualabel.fr\\\/fr\\\/produits\\\/coquilles-saint-jacques\\\/\",\"url\":\"https:\\\/\\\/www.aqualabel.fr\\\/fr\\\/produits\\\/coquilles-saint-jacques\\\/\",\"name\":\"Coquilles Saint Jacques - Aqualabel - Label Rouge des produits de la mer\",\"isPartOf\":{\"@id\":\"https:\\\/\\\/www.aqualabel.fr\\\/fr\\\/#website\"},\"primaryImageOfPage\":{\"@id\":\"https:\\\/\\\/www.aqualabel.fr\\\/fr\\\/produits\\\/coquilles-saint-jacques\\\/#primaryimage\"},\"image\":{\"@id\":\"https:\\\/\\\/www.aqualabel.fr\\\/fr\\\/produits\\\/coquilles-saint-jacques\\\/#primaryimage\"},\"thumbnailUrl\":\"http:\\\/\\\/www.aqualabel.fr\\\/fr\\\/wp-content\\\/uploads\\\/2015\\\/12\\\/titre_labelrouge2.png\",\"datePublished\":\"2015-12-20T16:37:46+00:00\",\"dateModified\":\"2021-08-23T15:19:52+00:00\",\"breadcrumb\":{\"@id\":\"https:\\\/\\\/www.aqualabel.fr\\\/fr\\\/produits\\\/coquilles-saint-jacques\\\/#breadcrumb\"},\"inLanguage\":\"fr-FR\",\"potentialAction\":[{\"@type\":\"ReadAction\",\"target\":[\"https:\\\/\\\/www.aqualabel.fr\\\/fr\\\/produits\\\/coquilles-saint-jacques\\\/\"]}]},{\"@type\":\"ImageObject\",\"inLanguage\":\"fr-FR\",\"@id\":\"https:\\\/\\\/www.aqualabel.fr\\\/fr\\\/produits\\\/coquilles-saint-jacques\\\/#primaryimage\",\"url\":\"http:\\\/\\\/www.aqualabel.fr\\\/fr\\\/wp-content\\\/uploads\\\/2015\\\/12\\\/titre_labelrouge2.png\",\"contentUrl\":\"http:\\\/\\\/www.aqualabel.fr\\\/fr\\\/wp-content\\\/uploads\\\/2015\\\/12\\\/titre_labelrouge2.png\"},{\"@type\":\"BreadcrumbList\",\"@id\":\"https:\\\/\\\/www.aqualabel.fr\\\/fr\\\/produits\\\/coquilles-saint-jacques\\\/#breadcrumb\",\"itemListElement\":[{\"@type\":\"ListItem\",\"position\":1,\"name\":\"Accueil\",\"item\":\"https:\\\/\\\/www.aqualabel.fr\\\/fr\\\/\"},{\"@type\":\"ListItem\",\"position\":2,\"name\":\"Produits\",\"item\":\"https:\\\/\\\/www.aqualabel.fr\\\/fr\\\/produits\\\/\"},{\"@type\":\"ListItem\",\"position\":3,\"name\":\"Coquilles Saint Jacques\"}]},{\"@type\":\"WebSite\",\"@id\":\"https:\\\/\\\/www.aqualabel.fr\\\/fr\\\/#website\",\"url\":\"https:\\\/\\\/www.aqualabel.fr\\\/fr\\\/\",\"name\":\"Aqualabel - Label Rouge des produits de la mer\",\"description\":\"Label Rouge des produits de la mer\",\"publisher\":{\"@id\":\"https:\\\/\\\/www.aqualabel.fr\\\/fr\\\/#organization\"},\"potentialAction\":[{\"@type\":\"SearchAction\",\"target\":{\"@type\":\"EntryPoint\",\"urlTemplate\":\"https:\\\/\\\/www.aqualabel.fr\\\/fr\\\/?s={search_term_string}\"},\"query-input\":{\"@type\":\"PropertyValueSpecification\",\"valueRequired\":true,\"valueName\":\"search_term_string\"}}],\"inLanguage\":\"fr-FR\"},{\"@type\":\"Organization\",\"@id\":\"https:\\\/\\\/www.aqualabel.fr\\\/fr\\\/#organization\",\"name\":\"Aqualabel - Label Rouge des produits de la mer\",\"url\":\"https:\\\/\\\/www.aqualabel.fr\\\/fr\\\/\",\"logo\":{\"@type\":\"ImageObject\",\"inLanguage\":\"fr-FR\",\"@id\":\"https:\\\/\\\/www.aqualabel.fr\\\/fr\\\/#\\\/schema\\\/logo\\\/image\\\/\",\"url\":\"https:\\\/\\\/www.aqualabel.fr\\\/fr\\\/wp-content\\\/uploads\\\/2015\\\/12\\\/titre_labelrouge2.png\",\"contentUrl\":\"https:\\\/\\\/www.aqualabel.fr\\\/fr\\\/wp-content\\\/uploads\\\/2015\\\/12\\\/titre_labelrouge2.png\",\"width\":180,\"height\":150,\"caption\":\"Aqualabel - Label Rouge des produits de la mer\"},\"image\":{\"@id\":\"https:\\\/\\\/www.aqualabel.fr\\\/fr\\\/#\\\/schema\\\/logo\\\/image\\\/\"}}]}<\/script>\n<!-- \/ Yoast SEO plugin. -->","yoast_head_json":{"title":"Coquilles Saint Jacques - Aqualabel - Label Rouge des produits de la mer","robots":{"index":"index","follow":"follow","max-snippet":"max-snippet:-1","max-image-preview":"max-image-preview:large","max-video-preview":"max-video-preview:-1"},"canonical":"https:\/\/www.aqualabel.fr\/fr\/produits\/coquilles-saint-jacques\/","og_locale":"fr_FR","og_type":"article","og_title":"Coquilles Saint Jacques - Aqualabel - Label Rouge des produits de la mer","og_description":"Coquilles Saint Jacques On les reconna\u00eet au premier regard : une noix charnue, d&rsquo;une blancheur nacr\u00e9e presque translucide, un corail d&rsquo;un bel orang\u00e9, une taille id\u00e9ale et surtout, cet incomparable \u00e9clat qui signe sa vitalit\u00e9. Les tests sensoriels r\u00e9alis\u00e9s chaque ann\u00e9e pour le suivi du Label Rouge garantissent une noix plus blanche, plus fondante, moins&hellip;","og_url":"https:\/\/www.aqualabel.fr\/fr\/produits\/coquilles-saint-jacques\/","og_site_name":"Aqualabel - Label Rouge des produits de la mer","article_modified_time":"2021-08-23T15:19:52+00:00","og_image":[{"url":"http:\/\/www.aqualabel.fr\/fr\/wp-content\/uploads\/2015\/12\/titre_labelrouge2.png","type":"","width":"","height":""}],"twitter_card":"summary_large_image","twitter_misc":{"Dur\u00e9e de lecture estim\u00e9e":"3 minutes"},"schema":{"@context":"https:\/\/schema.org","@graph":[{"@type":"WebPage","@id":"https:\/\/www.aqualabel.fr\/fr\/produits\/coquilles-saint-jacques\/","url":"https:\/\/www.aqualabel.fr\/fr\/produits\/coquilles-saint-jacques\/","name":"Coquilles Saint Jacques - Aqualabel - Label Rouge des produits de la mer","isPartOf":{"@id":"https:\/\/www.aqualabel.fr\/fr\/#website"},"primaryImageOfPage":{"@id":"https:\/\/www.aqualabel.fr\/fr\/produits\/coquilles-saint-jacques\/#primaryimage"},"image":{"@id":"https:\/\/www.aqualabel.fr\/fr\/produits\/coquilles-saint-jacques\/#primaryimage"},"thumbnailUrl":"http:\/\/www.aqualabel.fr\/fr\/wp-content\/uploads\/2015\/12\/titre_labelrouge2.png","datePublished":"2015-12-20T16:37:46+00:00","dateModified":"2021-08-23T15:19:52+00:00","breadcrumb":{"@id":"https:\/\/www.aqualabel.fr\/fr\/produits\/coquilles-saint-jacques\/#breadcrumb"},"inLanguage":"fr-FR","potentialAction":[{"@type":"ReadAction","target":["https:\/\/www.aqualabel.fr\/fr\/produits\/coquilles-saint-jacques\/"]}]},{"@type":"ImageObject","inLanguage":"fr-FR","@id":"https:\/\/www.aqualabel.fr\/fr\/produits\/coquilles-saint-jacques\/#primaryimage","url":"http:\/\/www.aqualabel.fr\/fr\/wp-content\/uploads\/2015\/12\/titre_labelrouge2.png","contentUrl":"http:\/\/www.aqualabel.fr\/fr\/wp-content\/uploads\/2015\/12\/titre_labelrouge2.png"},{"@type":"BreadcrumbList","@id":"https:\/\/www.aqualabel.fr\/fr\/produits\/coquilles-saint-jacques\/#breadcrumb","itemListElement":[{"@type":"ListItem","position":1,"name":"Accueil","item":"https:\/\/www.aqualabel.fr\/fr\/"},{"@type":"ListItem","position":2,"name":"Produits","item":"https:\/\/www.aqualabel.fr\/fr\/produits\/"},{"@type":"ListItem","position":3,"name":"Coquilles Saint Jacques"}]},{"@type":"WebSite","@id":"https:\/\/www.aqualabel.fr\/fr\/#website","url":"https:\/\/www.aqualabel.fr\/fr\/","name":"Aqualabel - Label Rouge des produits de la mer","description":"Label Rouge des produits de la mer","publisher":{"@id":"https:\/\/www.aqualabel.fr\/fr\/#organization"},"potentialAction":[{"@type":"SearchAction","target":{"@type":"EntryPoint","urlTemplate":"https:\/\/www.aqualabel.fr\/fr\/?s={search_term_string}"},"query-input":{"@type":"PropertyValueSpecification","valueRequired":true,"valueName":"search_term_string"}}],"inLanguage":"fr-FR"},{"@type":"Organization","@id":"https:\/\/www.aqualabel.fr\/fr\/#organization","name":"Aqualabel - Label Rouge des produits de la mer","url":"https:\/\/www.aqualabel.fr\/fr\/","logo":{"@type":"ImageObject","inLanguage":"fr-FR","@id":"https:\/\/www.aqualabel.fr\/fr\/#\/schema\/logo\/image\/","url":"https:\/\/www.aqualabel.fr\/fr\/wp-content\/uploads\/2015\/12\/titre_labelrouge2.png","contentUrl":"https:\/\/www.aqualabel.fr\/fr\/wp-content\/uploads\/2015\/12\/titre_labelrouge2.png","width":180,"height":150,"caption":"Aqualabel - Label Rouge des produits de la mer"},"image":{"@id":"https:\/\/www.aqualabel.fr\/fr\/#\/schema\/logo\/image\/"}}]}},"_links":{"self":[{"href":"https:\/\/www.aqualabel.fr\/fr\/wp-json\/wp\/v2\/pages\/95","targetHints":{"allow":["GET"]}}],"collection":[{"href":"https:\/\/www.aqualabel.fr\/fr\/wp-json\/wp\/v2\/pages"}],"about":[{"href":"https:\/\/www.aqualabel.fr\/fr\/wp-json\/wp\/v2\/types\/page"}],"author":[{"embeddable":true,"href":"https:\/\/www.aqualabel.fr\/fr\/wp-json\/wp\/v2\/users\/1"}],"replies":[{"embeddable":true,"href":"https:\/\/www.aqualabel.fr\/fr\/wp-json\/wp\/v2\/comments?post=95"}],"version-history":[{"count":0,"href":"https:\/\/www.aqualabel.fr\/fr\/wp-json\/wp\/v2\/pages\/95\/revisions"}],"up":[{"embeddable":true,"href":"https:\/\/www.aqualabel.fr\/fr\/wp-json\/wp\/v2\/pages\/75"}],"wp:attachment":[{"href":"https:\/\/www.aqualabel.fr\/fr\/wp-json\/wp\/v2\/media?parent=95"}],"curies":[{"name":"wp","href":"https:\/\/api.w.org\/{rel}","templated":true}]}}